{"id":14659,"date":"2026-03-10T20:36:59","date_gmt":"2026-03-10T19:36:59","guid":{"rendered":"https:\/\/paperwise.eu\/product\/paperwise-white-papel-de-copia-paperwise-white-a3-297x420-mm-80-g-m%c2%b2-5x500-hojas\/"},"modified":"2026-03-10T20:36:59","modified_gmt":"2026-03-10T19:36:59","slug":"paperwise-white-papel-de-copia-paperwise-white-a3-297x420-mm-80-g-m%c2%b2-5x500-hojas","status":"publish","type":"product","link":"https:\/\/paperwise.eu\/es\/producto\/paperwise-white-papel-de-copia-paperwise-white-a3-297x420-mm-80-g-m%c2%b2-5x500-hojas\/","title":{"rendered":"PaperWise White &#8211; Papel de copia PaperWise White A3 297&#215;420 mm 80 g\/m\u00b2 5&#215;500 hojas"},"content":{"rendered":"<p>El papel blanco PaperWise para impresi\u00f3n y copia es un papel blanco neutro en emisiones de CO2 fabricado a partir de residuos agr\u00edcolas. Este papel de impresi\u00f3n y copia sostenible con un impacto medioambiental muy bajo tiene un color blanco y est\u00e1 blanqueado sin cloro elemental (ECF). El papel de impresi\u00f3n y copia PaperWise White se produce con un 100% de energ\u00eda verde y es apto para imprimir y copiar a doble cara. Certificado para archivarse hasta 100 a\u00f1os (ISO-9706), este papel de impresi\u00f3n y copia PaperWise es altamente reciclable mediante la destrucci\u00f3n de archivos o a trav\u00e9s del flujo normal de residuos de papel. Este duradero papel de oficina es apto para todo tipo de impresoras y fotocopiadoras multifunci\u00f3n digitales, y puede imprimirse con gran nitidez en color y en blanco y negro.    <\/p>\n","protected":false},"excerpt":{"rendered":"<p>El papel blanco PaperWise para impresi\u00f3n y copia es un papel blanco neutro en emisiones de CO2 fabricado a partir de residuos agr\u00edcolas. Este papel de impresi\u00f3n y copia sostenible con un impacto medioambiental muy bajo tiene un color blanco y est\u00e1 blanqueado sin cloro elemental (ECF). El papel de impresi\u00f3n y copia PaperWise White [&hellip;]<\/p>\n","protected":false},"featured_media":6313,"template":"","meta":{"_acf_changed":false},"product_brand":[],"product_cat":[305,299],"product_tag":[],"class_list":{"0":"post-14659","1":"product","2":"type-product","3":"status-publish","4":"has-post-thumbnail","6":"product_cat-papel-de-copia","7":"product_cat-productos-finales","8":"product_shipping_class-kopieerpapier","10":"first","11":"instock","12":"taxable","13":"shipping-taxable","14":"purchasable","15":"product-type-simple"},"acf":[],"yoast_head":"<!-- This site is optimized with the Yoast SEO plugin v27.2 - https:\/\/yoast.com\/product\/yoast-seo-wordpress\/ -->\n<title>PaperWise White - Papel de copia PaperWise White A3 297x420 mm 80 g\/m\u00b2 5x500 hojas - Paperwise<\/title>\n<meta name=\"robots\" content=\"index, follow, max-snippet:-1, max-image-preview:large, max-video-preview:-1\" \/>\n<link rel=\"canonical\" href=\"https:\/\/paperwise.eu\/es\/producto\/paperwise-white-papel-de-copia-paperwise-white-a3-297x420-mm-80-g-m%c2%b2-5x500-hojas\/\" \/>\n<meta property=\"og:locale\" content=\"es_ES\" \/>\n<meta property=\"og:type\" content=\"article\" \/>\n<meta property=\"og:title\" content=\"PaperWise White - Papel de copia PaperWise White A3 297x420 mm 80 g\/m\u00b2 5x500 hojas - Paperwise\" \/>\n<meta property=\"og:description\" content=\"El papel blanco PaperWise para impresi\u00f3n y copia es un papel blanco neutro en emisiones de CO2 fabricado a partir de residuos agr\u00edcolas. Este papel de impresi\u00f3n y copia sostenible con un impacto medioambiental muy bajo tiene un color blanco y est\u00e1 blanqueado sin cloro elemental (ECF). El papel de impresi\u00f3n y copia PaperWise White [&hellip;]\" \/>\n<meta property=\"og:url\" content=\"https:\/\/paperwise.eu\/es\/producto\/paperwise-white-papel-de-copia-paperwise-white-a3-297x420-mm-80-g-m%c2%b2-5x500-hojas\/\" \/>\n<meta property=\"og:site_name\" content=\"Paperwise\" \/>\n<meta property=\"og:image\" content=\"https:\/\/paperwise.eu\/wp-content\/uploads\/2026\/02\/PaperWise-copy-printing-paper-A3-80-gram.jpg\" \/>\n\t<meta property=\"og:image:width\" content=\"1000\" \/>\n\t<meta property=\"og:image:height\" content=\"667\" \/>\n\t<meta property=\"og:image:type\" content=\"image\/jpeg\" \/>\n<meta name=\"twitter:card\" content=\"summary_large_image\" \/>\n<meta name=\"twitter:label1\" content=\"Tiempo de lectura\" \/>\n\t<meta name=\"twitter:data1\" content=\"1 minuto\" \/>\n<script type=\"application\/ld+json\" class=\"yoast-schema-graph\">{\"@context\":\"https:\/\/schema.org\",\"@graph\":[{\"@type\":\"WebPage\",\"@id\":\"https:\/\/paperwise.eu\/es\/producto\/paperwise-white-papel-de-copia-paperwise-white-a3-297x420-mm-80-g-m%c2%b2-5x500-hojas\/\",\"url\":\"https:\/\/paperwise.eu\/es\/producto\/paperwise-white-papel-de-copia-paperwise-white-a3-297x420-mm-80-g-m%c2%b2-5x500-hojas\/\",\"name\":\"PaperWise White - Papel de copia PaperWise White A3 297x420 mm 80 g\/m\u00b2 5x500 hojas - Paperwise\",\"isPartOf\":{\"@id\":\"https:\/\/paperwise.eu\/es\/#website\"},\"primaryImageOfPage\":{\"@id\":\"https:\/\/paperwise.eu\/es\/producto\/paperwise-white-papel-de-copia-paperwise-white-a3-297x420-mm-80-g-m%c2%b2-5x500-hojas\/#primaryimage\"},\"image\":{\"@id\":\"https:\/\/paperwise.eu\/es\/producto\/paperwise-white-papel-de-copia-paperwise-white-a3-297x420-mm-80-g-m%c2%b2-5x500-hojas\/#primaryimage\"},\"thumbnailUrl\":\"https:\/\/paperwise.eu\/wp-content\/uploads\/2026\/02\/PaperWise-copy-printing-paper-A3-80-gram.jpg\",\"datePublished\":\"2026-03-10T19:36:59+00:00\",\"breadcrumb\":{\"@id\":\"https:\/\/paperwise.eu\/es\/producto\/paperwise-white-papel-de-copia-paperwise-white-a3-297x420-mm-80-g-m%c2%b2-5x500-hojas\/#breadcrumb\"},\"inLanguage\":\"es\",\"potentialAction\":[{\"@type\":\"ReadAction\",\"target\":[\"https:\/\/paperwise.eu\/es\/producto\/paperwise-white-papel-de-copia-paperwise-white-a3-297x420-mm-80-g-m%c2%b2-5x500-hojas\/\"]}]},{\"@type\":\"ImageObject\",\"inLanguage\":\"es\",\"@id\":\"https:\/\/paperwise.eu\/es\/producto\/paperwise-white-papel-de-copia-paperwise-white-a3-297x420-mm-80-g-m%c2%b2-5x500-hojas\/#primaryimage\",\"url\":\"https:\/\/paperwise.eu\/wp-content\/uploads\/2026\/02\/PaperWise-copy-printing-paper-A3-80-gram.jpg\",\"contentUrl\":\"https:\/\/paperwise.eu\/wp-content\/uploads\/2026\/02\/PaperWise-copy-printing-paper-A3-80-gram.jpg\",\"width\":1000,\"height\":667},{\"@type\":\"BreadcrumbList\",\"@id\":\"https:\/\/paperwise.eu\/es\/producto\/paperwise-white-papel-de-copia-paperwise-white-a3-297x420-mm-80-g-m%c2%b2-5x500-hojas\/#breadcrumb\",\"itemListElement\":[{\"@type\":\"ListItem\",\"position\":1,\"name\":\"Inicio\",\"item\":\"https:\/\/paperwise.eu\/es\/\"},{\"@type\":\"ListItem\",\"position\":2,\"name\":\"Tienda virtual\",\"item\":\"https:\/\/paperwise.eu\/es\/tienda-virtual\/\"},{\"@type\":\"ListItem\",\"position\":3,\"name\":\"PaperWise White &#8211; Papel de copia PaperWise White A3 297&#215;420 mm 80 g\/m\u00b2 5&#215;500 hojas\"}]},{\"@type\":\"WebSite\",\"@id\":\"https:\/\/paperwise.eu\/es\/#website\",\"url\":\"https:\/\/paperwise.eu\/es\/\",\"name\":\"Paperwise\",\"description\":\"\",\"potentialAction\":[{\"@type\":\"SearchAction\",\"target\":{\"@type\":\"EntryPoint\",\"urlTemplate\":\"https:\/\/paperwise.eu\/es\/?s={search_term_string}\"},\"query-input\":{\"@type\":\"PropertyValueSpecification\",\"valueRequired\":true,\"valueName\":\"search_term_string\"}}],\"inLanguage\":\"es\"}]}<\/script>\n<!-- \/ Yoast SEO plugin. -->","yoast_head_json":{"title":"PaperWise White - Papel de copia PaperWise White A3 297x420 mm 80 g\/m\u00b2 5x500 hojas - Paperwise","robots":{"index":"index","follow":"follow","max-snippet":"max-snippet:-1","max-image-preview":"max-image-preview:large","max-video-preview":"max-video-preview:-1"},"canonical":"https:\/\/paperwise.eu\/es\/producto\/paperwise-white-papel-de-copia-paperwise-white-a3-297x420-mm-80-g-m%c2%b2-5x500-hojas\/","og_locale":"es_ES","og_type":"article","og_title":"PaperWise White - Papel de copia PaperWise White A3 297x420 mm 80 g\/m\u00b2 5x500 hojas - Paperwise","og_description":"El papel blanco PaperWise para impresi\u00f3n y copia es un papel blanco neutro en emisiones de CO2 fabricado a partir de residuos agr\u00edcolas. Este papel de impresi\u00f3n y copia sostenible con un impacto medioambiental muy bajo tiene un color blanco y est\u00e1 blanqueado sin cloro elemental (ECF). El papel de impresi\u00f3n y copia PaperWise White [&hellip;]","og_url":"https:\/\/paperwise.eu\/es\/producto\/paperwise-white-papel-de-copia-paperwise-white-a3-297x420-mm-80-g-m%c2%b2-5x500-hojas\/","og_site_name":"Paperwise","og_image":[{"width":1000,"height":667,"url":"https:\/\/paperwise.eu\/wp-content\/uploads\/2026\/02\/PaperWise-copy-printing-paper-A3-80-gram.jpg","type":"image\/jpeg"}],"twitter_card":"summary_large_image","twitter_misc":{"Tiempo de lectura":"1 minuto"},"schema":{"@context":"https:\/\/schema.org","@graph":[{"@type":"WebPage","@id":"https:\/\/paperwise.eu\/es\/producto\/paperwise-white-papel-de-copia-paperwise-white-a3-297x420-mm-80-g-m%c2%b2-5x500-hojas\/","url":"https:\/\/paperwise.eu\/es\/producto\/paperwise-white-papel-de-copia-paperwise-white-a3-297x420-mm-80-g-m%c2%b2-5x500-hojas\/","name":"PaperWise White - Papel de copia PaperWise White A3 297x420 mm 80 g\/m\u00b2 5x500 hojas - Paperwise","isPartOf":{"@id":"https:\/\/paperwise.eu\/es\/#website"},"primaryImageOfPage":{"@id":"https:\/\/paperwise.eu\/es\/producto\/paperwise-white-papel-de-copia-paperwise-white-a3-297x420-mm-80-g-m%c2%b2-5x500-hojas\/#primaryimage"},"image":{"@id":"https:\/\/paperwise.eu\/es\/producto\/paperwise-white-papel-de-copia-paperwise-white-a3-297x420-mm-80-g-m%c2%b2-5x500-hojas\/#primaryimage"},"thumbnailUrl":"https:\/\/paperwise.eu\/wp-content\/uploads\/2026\/02\/PaperWise-copy-printing-paper-A3-80-gram.jpg","datePublished":"2026-03-10T19:36:59+00:00","breadcrumb":{"@id":"https:\/\/paperwise.eu\/es\/producto\/paperwise-white-papel-de-copia-paperwise-white-a3-297x420-mm-80-g-m%c2%b2-5x500-hojas\/#breadcrumb"},"inLanguage":"es","potentialAction":[{"@type":"ReadAction","target":["https:\/\/paperwise.eu\/es\/producto\/paperwise-white-papel-de-copia-paperwise-white-a3-297x420-mm-80-g-m%c2%b2-5x500-hojas\/"]}]},{"@type":"ImageObject","inLanguage":"es","@id":"https:\/\/paperwise.eu\/es\/producto\/paperwise-white-papel-de-copia-paperwise-white-a3-297x420-mm-80-g-m%c2%b2-5x500-hojas\/#primaryimage","url":"https:\/\/paperwise.eu\/wp-content\/uploads\/2026\/02\/PaperWise-copy-printing-paper-A3-80-gram.jpg","contentUrl":"https:\/\/paperwise.eu\/wp-content\/uploads\/2026\/02\/PaperWise-copy-printing-paper-A3-80-gram.jpg","width":1000,"height":667},{"@type":"BreadcrumbList","@id":"https:\/\/paperwise.eu\/es\/producto\/paperwise-white-papel-de-copia-paperwise-white-a3-297x420-mm-80-g-m%c2%b2-5x500-hojas\/#breadcrumb","itemListElement":[{"@type":"ListItem","position":1,"name":"Inicio","item":"https:\/\/paperwise.eu\/es\/"},{"@type":"ListItem","position":2,"name":"Tienda virtual","item":"https:\/\/paperwise.eu\/es\/tienda-virtual\/"},{"@type":"ListItem","position":3,"name":"PaperWise White &#8211; Papel de copia PaperWise White A3 297&#215;420 mm 80 g\/m\u00b2 5&#215;500 hojas"}]},{"@type":"WebSite","@id":"https:\/\/paperwise.eu\/es\/#website","url":"https:\/\/paperwise.eu\/es\/","name":"Paperwise","description":"","potentialAction":[{"@type":"SearchAction","target":{"@type":"EntryPoint","urlTemplate":"https:\/\/paperwise.eu\/es\/?s={search_term_string}"},"query-input":{"@type":"PropertyValueSpecification","valueRequired":true,"valueName":"search_term_string"}}],"inLanguage":"es"}]}},"_links":{"self":[{"href":"https:\/\/paperwise.eu\/es\/wp-json\/wp\/v2\/product\/14659","targetHints":{"allow":["GET"]}}],"collection":[{"href":"https:\/\/paperwise.eu\/es\/wp-json\/wp\/v2\/product"}],"about":[{"href":"https:\/\/paperwise.eu\/es\/wp-json\/wp\/v2\/types\/product"}],"wp:featuredmedia":[{"embeddable":true,"href":"https:\/\/paperwise.eu\/es\/wp-json\/wp\/v2\/media\/6313"}],"wp:attachment":[{"href":"https:\/\/paperwise.eu\/es\/wp-json\/wp\/v2\/media?parent=14659"}],"wp:term":[{"taxonomy":"product_brand","embeddable":true,"href":"https:\/\/paperwise.eu\/es\/wp-json\/wp\/v2\/product_brand?post=14659"},{"taxonomy":"product_cat","embeddable":true,"href":"https:\/\/paperwise.eu\/es\/wp-json\/wp\/v2\/product_cat?post=14659"},{"taxonomy":"product_tag","embeddable":true,"href":"https:\/\/paperwise.eu\/es\/wp-json\/wp\/v2\/product_tag?post=14659"}],"curies":[{"name":"wp","href":"https:\/\/api.w.org\/{rel}","templated":true}]}}