{"id":14496,"date":"2026-03-10T20:42:38","date_gmt":"2026-03-10T19:42:38","guid":{"rendered":"https:\/\/paperwise.eu\/product\/paperwise-blanco-longhand-720x1020mm-115-g-m%c2%b2-250-hojas\/"},"modified":"2026-03-10T20:42:38","modified_gmt":"2026-03-10T19:42:38","slug":"paperwise-blanco-longhand-720x1020mm-115-g-m%c2%b2-250-hojas","status":"publish","type":"product","link":"https:\/\/paperwise.eu\/es\/producto\/paperwise-blanco-longhand-720x1020mm-115-g-m%c2%b2-250-hojas\/","title":{"rendered":"PaperWise Blanco &#8211; Longhand 720x1020mm 115 g\/m\u00b2 250 hojas"},"content":{"rendered":"<p>PaperWise White es un papel neutro en emisiones de CO2 fabricado a partir de residuos agr\u00edcolas. Este papel sostenible y libre de \u00e1rboles, con un impacto medioambiental muy bajo, no est\u00e1 estucado y es de color blanco. Tras su uso, el papel puede reciclarse a trav\u00e9s del flujo normal de residuos de papel. PaperWise White puede imprimirse por ambas caras a todo color en offset, flexograf\u00eda y digital. El papel PaperWise White, respetuoso con el medio ambiente, se utiliza para la producci\u00f3n e impresi\u00f3n de libros, informes anuales de RSC, folletos, revistas, cuadernos y blocs de notas, papeler\u00eda ecol\u00f3gica, sobres y etiquetas.    <\/p>\n","protected":false},"excerpt":{"rendered":"<p>PaperWise White es un papel neutro en emisiones de CO2 fabricado a partir de residuos agr\u00edcolas. Este papel sostenible y libre de \u00e1rboles, con un impacto medioambiental muy bajo, no est\u00e1 estucado y es de color blanco. Tras su uso, el papel puede reciclarse a trav\u00e9s del flujo normal de residuos de papel. PaperWise White [&hellip;]<\/p>\n","protected":false},"featured_media":6382,"template":"","meta":{"_acf_changed":false},"product_brand":[],"product_cat":[297,295],"product_tag":[],"class_list":{"0":"post-14496","1":"product","2":"type-product","3":"status-publish","4":"has-post-thumbnail","6":"product_cat-hojas-de-papel-y-carton","7":"product_cat-hojas-y-rollos","8":"product_shipping_class-vellen-rollen","10":"first","11":"instock","12":"taxable","13":"shipping-taxable","14":"purchasable","15":"product-type-simple"},"acf":[],"yoast_head":"<!-- This site is optimized with the Yoast SEO plugin v27.2 - https:\/\/yoast.com\/product\/yoast-seo-wordpress\/ -->\n<title>PaperWise Blanco - Longhand 720x1020mm 115 g\/m\u00b2 250 hojas - Paperwise<\/title>\n<meta name=\"robots\" content=\"index, follow, max-snippet:-1, max-image-preview:large, max-video-preview:-1\" \/>\n<link rel=\"canonical\" href=\"https:\/\/paperwise.eu\/es\/producto\/paperwise-blanco-longhand-720x1020mm-115-g-m%c2%b2-250-hojas\/\" \/>\n<meta property=\"og:locale\" content=\"es_ES\" \/>\n<meta property=\"og:type\" content=\"article\" \/>\n<meta property=\"og:title\" content=\"PaperWise Blanco - Longhand 720x1020mm 115 g\/m\u00b2 250 hojas - Paperwise\" \/>\n<meta property=\"og:description\" content=\"PaperWise White es un papel neutro en emisiones de CO2 fabricado a partir de residuos agr\u00edcolas. Este papel sostenible y libre de \u00e1rboles, con un impacto medioambiental muy bajo, no est\u00e1 estucado y es de color blanco. Tras su uso, el papel puede reciclarse a trav\u00e9s del flujo normal de residuos de papel. PaperWise White [&hellip;]\" \/>\n<meta property=\"og:url\" content=\"https:\/\/paperwise.eu\/es\/producto\/paperwise-blanco-longhand-720x1020mm-115-g-m%c2%b2-250-hojas\/\" \/>\n<meta property=\"og:site_name\" content=\"Paperwise\" \/>\n<meta property=\"og:image\" content=\"https:\/\/paperwise.eu\/wp-content\/uploads\/2026\/02\/PaperWise-ream-White.jpg\" \/>\n\t<meta property=\"og:image:width\" content=\"1000\" \/>\n\t<meta property=\"og:image:height\" content=\"667\" \/>\n\t<meta property=\"og:image:type\" content=\"image\/jpeg\" \/>\n<meta name=\"twitter:card\" content=\"summary_large_image\" \/>\n<meta name=\"twitter:label1\" content=\"Tiempo de lectura\" \/>\n\t<meta name=\"twitter:data1\" content=\"1 minuto\" \/>\n<script type=\"application\/ld+json\" class=\"yoast-schema-graph\">{\"@context\":\"https:\/\/schema.org\",\"@graph\":[{\"@type\":\"WebPage\",\"@id\":\"https:\/\/paperwise.eu\/es\/producto\/paperwise-blanco-longhand-720x1020mm-115-g-m%c2%b2-250-hojas\/\",\"url\":\"https:\/\/paperwise.eu\/es\/producto\/paperwise-blanco-longhand-720x1020mm-115-g-m%c2%b2-250-hojas\/\",\"name\":\"PaperWise Blanco - Longhand 720x1020mm 115 g\/m\u00b2 250 hojas - Paperwise\",\"isPartOf\":{\"@id\":\"https:\/\/paperwise.eu\/es\/#website\"},\"primaryImageOfPage\":{\"@id\":\"https:\/\/paperwise.eu\/es\/producto\/paperwise-blanco-longhand-720x1020mm-115-g-m%c2%b2-250-hojas\/#primaryimage\"},\"image\":{\"@id\":\"https:\/\/paperwise.eu\/es\/producto\/paperwise-blanco-longhand-720x1020mm-115-g-m%c2%b2-250-hojas\/#primaryimage\"},\"thumbnailUrl\":\"https:\/\/paperwise.eu\/wp-content\/uploads\/2026\/02\/PaperWise-ream-White.jpg\",\"datePublished\":\"2026-03-10T19:42:38+00:00\",\"breadcrumb\":{\"@id\":\"https:\/\/paperwise.eu\/es\/producto\/paperwise-blanco-longhand-720x1020mm-115-g-m%c2%b2-250-hojas\/#breadcrumb\"},\"inLanguage\":\"es\",\"potentialAction\":[{\"@type\":\"ReadAction\",\"target\":[\"https:\/\/paperwise.eu\/es\/producto\/paperwise-blanco-longhand-720x1020mm-115-g-m%c2%b2-250-hojas\/\"]}]},{\"@type\":\"ImageObject\",\"inLanguage\":\"es\",\"@id\":\"https:\/\/paperwise.eu\/es\/producto\/paperwise-blanco-longhand-720x1020mm-115-g-m%c2%b2-250-hojas\/#primaryimage\",\"url\":\"https:\/\/paperwise.eu\/wp-content\/uploads\/2026\/02\/PaperWise-ream-White.jpg\",\"contentUrl\":\"https:\/\/paperwise.eu\/wp-content\/uploads\/2026\/02\/PaperWise-ream-White.jpg\",\"width\":1000,\"height\":667},{\"@type\":\"BreadcrumbList\",\"@id\":\"https:\/\/paperwise.eu\/es\/producto\/paperwise-blanco-longhand-720x1020mm-115-g-m%c2%b2-250-hojas\/#breadcrumb\",\"itemListElement\":[{\"@type\":\"ListItem\",\"position\":1,\"name\":\"Inicio\",\"item\":\"https:\/\/paperwise.eu\/es\/\"},{\"@type\":\"ListItem\",\"position\":2,\"name\":\"Tienda virtual\",\"item\":\"https:\/\/paperwise.eu\/es\/tienda-virtual\/\"},{\"@type\":\"ListItem\",\"position\":3,\"name\":\"PaperWise Blanco &#8211; Longhand 720x1020mm 115 g\/m\u00b2 250 hojas\"}]},{\"@type\":\"WebSite\",\"@id\":\"https:\/\/paperwise.eu\/es\/#website\",\"url\":\"https:\/\/paperwise.eu\/es\/\",\"name\":\"Paperwise\",\"description\":\"\",\"potentialAction\":[{\"@type\":\"SearchAction\",\"target\":{\"@type\":\"EntryPoint\",\"urlTemplate\":\"https:\/\/paperwise.eu\/es\/?s={search_term_string}\"},\"query-input\":{\"@type\":\"PropertyValueSpecification\",\"valueRequired\":true,\"valueName\":\"search_term_string\"}}],\"inLanguage\":\"es\"}]}<\/script>\n<!-- \/ Yoast SEO plugin. -->","yoast_head_json":{"title":"PaperWise Blanco - Longhand 720x1020mm 115 g\/m\u00b2 250 hojas - Paperwise","robots":{"index":"index","follow":"follow","max-snippet":"max-snippet:-1","max-image-preview":"max-image-preview:large","max-video-preview":"max-video-preview:-1"},"canonical":"https:\/\/paperwise.eu\/es\/producto\/paperwise-blanco-longhand-720x1020mm-115-g-m%c2%b2-250-hojas\/","og_locale":"es_ES","og_type":"article","og_title":"PaperWise Blanco - Longhand 720x1020mm 115 g\/m\u00b2 250 hojas - Paperwise","og_description":"PaperWise White es un papel neutro en emisiones de CO2 fabricado a partir de residuos agr\u00edcolas. Este papel sostenible y libre de \u00e1rboles, con un impacto medioambiental muy bajo, no est\u00e1 estucado y es de color blanco. Tras su uso, el papel puede reciclarse a trav\u00e9s del flujo normal de residuos de papel. PaperWise White [&hellip;]","og_url":"https:\/\/paperwise.eu\/es\/producto\/paperwise-blanco-longhand-720x1020mm-115-g-m%c2%b2-250-hojas\/","og_site_name":"Paperwise","og_image":[{"width":1000,"height":667,"url":"https:\/\/paperwise.eu\/wp-content\/uploads\/2026\/02\/PaperWise-ream-White.jpg","type":"image\/jpeg"}],"twitter_card":"summary_large_image","twitter_misc":{"Tiempo de lectura":"1 minuto"},"schema":{"@context":"https:\/\/schema.org","@graph":[{"@type":"WebPage","@id":"https:\/\/paperwise.eu\/es\/producto\/paperwise-blanco-longhand-720x1020mm-115-g-m%c2%b2-250-hojas\/","url":"https:\/\/paperwise.eu\/es\/producto\/paperwise-blanco-longhand-720x1020mm-115-g-m%c2%b2-250-hojas\/","name":"PaperWise Blanco - Longhand 720x1020mm 115 g\/m\u00b2 250 hojas - Paperwise","isPartOf":{"@id":"https:\/\/paperwise.eu\/es\/#website"},"primaryImageOfPage":{"@id":"https:\/\/paperwise.eu\/es\/producto\/paperwise-blanco-longhand-720x1020mm-115-g-m%c2%b2-250-hojas\/#primaryimage"},"image":{"@id":"https:\/\/paperwise.eu\/es\/producto\/paperwise-blanco-longhand-720x1020mm-115-g-m%c2%b2-250-hojas\/#primaryimage"},"thumbnailUrl":"https:\/\/paperwise.eu\/wp-content\/uploads\/2026\/02\/PaperWise-ream-White.jpg","datePublished":"2026-03-10T19:42:38+00:00","breadcrumb":{"@id":"https:\/\/paperwise.eu\/es\/producto\/paperwise-blanco-longhand-720x1020mm-115-g-m%c2%b2-250-hojas\/#breadcrumb"},"inLanguage":"es","potentialAction":[{"@type":"ReadAction","target":["https:\/\/paperwise.eu\/es\/producto\/paperwise-blanco-longhand-720x1020mm-115-g-m%c2%b2-250-hojas\/"]}]},{"@type":"ImageObject","inLanguage":"es","@id":"https:\/\/paperwise.eu\/es\/producto\/paperwise-blanco-longhand-720x1020mm-115-g-m%c2%b2-250-hojas\/#primaryimage","url":"https:\/\/paperwise.eu\/wp-content\/uploads\/2026\/02\/PaperWise-ream-White.jpg","contentUrl":"https:\/\/paperwise.eu\/wp-content\/uploads\/2026\/02\/PaperWise-ream-White.jpg","width":1000,"height":667},{"@type":"BreadcrumbList","@id":"https:\/\/paperwise.eu\/es\/producto\/paperwise-blanco-longhand-720x1020mm-115-g-m%c2%b2-250-hojas\/#breadcrumb","itemListElement":[{"@type":"ListItem","position":1,"name":"Inicio","item":"https:\/\/paperwise.eu\/es\/"},{"@type":"ListItem","position":2,"name":"Tienda virtual","item":"https:\/\/paperwise.eu\/es\/tienda-virtual\/"},{"@type":"ListItem","position":3,"name":"PaperWise Blanco &#8211; Longhand 720x1020mm 115 g\/m\u00b2 250 hojas"}]},{"@type":"WebSite","@id":"https:\/\/paperwise.eu\/es\/#website","url":"https:\/\/paperwise.eu\/es\/","name":"Paperwise","description":"","potentialAction":[{"@type":"SearchAction","target":{"@type":"EntryPoint","urlTemplate":"https:\/\/paperwise.eu\/es\/?s={search_term_string}"},"query-input":{"@type":"PropertyValueSpecification","valueRequired":true,"valueName":"search_term_string"}}],"inLanguage":"es"}]}},"_links":{"self":[{"href":"https:\/\/paperwise.eu\/es\/wp-json\/wp\/v2\/product\/14496","targetHints":{"allow":["GET"]}}],"collection":[{"href":"https:\/\/paperwise.eu\/es\/wp-json\/wp\/v2\/product"}],"about":[{"href":"https:\/\/paperwise.eu\/es\/wp-json\/wp\/v2\/types\/product"}],"wp:featuredmedia":[{"embeddable":true,"href":"https:\/\/paperwise.eu\/es\/wp-json\/wp\/v2\/media\/6382"}],"wp:attachment":[{"href":"https:\/\/paperwise.eu\/es\/wp-json\/wp\/v2\/media?parent=14496"}],"wp:term":[{"taxonomy":"product_brand","embeddable":true,"href":"https:\/\/paperwise.eu\/es\/wp-json\/wp\/v2\/product_brand?post=14496"},{"taxonomy":"product_cat","embeddable":true,"href":"https:\/\/paperwise.eu\/es\/wp-json\/wp\/v2\/product_cat?post=14496"},{"taxonomy":"product_tag","embeddable":true,"href":"https:\/\/paperwise.eu\/es\/wp-json\/wp\/v2\/product_tag?post=14496"}],"curies":[{"name":"wp","href":"https:\/\/api.w.org\/{rel}","templated":true}]}}