{"id":14460,"date":"2026-03-10T20:42:54","date_gmt":"2026-03-10T19:42:54","guid":{"rendered":"https:\/\/paperwise.eu\/product\/copiadora-paperwise-natural-papel-de-copia-paperwise-natural-a4-210x297-mm-72-g-m%c2%b2-5x500-hojas\/"},"modified":"2026-03-10T20:42:54","modified_gmt":"2026-03-10T19:42:54","slug":"copiadora-paperwise-natural-papel-de-copia-paperwise-natural-a4-210x297-mm-72-g-m%c2%b2-5x500-hojas","status":"publish","type":"product","link":"https:\/\/paperwise.eu\/es\/producto\/copiadora-paperwise-natural-papel-de-copia-paperwise-natural-a4-210x297-mm-72-g-m%c2%b2-5x500-hojas\/","title":{"rendered":"Copiadora PaperWise Natural &#8211; Papel de copia PaperWise Natural A4 210&#215;297 mm 72 g\/m\u00b2 5&#215;500 hojas"},"content":{"rendered":"<p>El papel de impresi\u00f3n y copia PaperWise Natural es un papel neutro en CO2, sin blanquear y sin \u00e1rboles, fabricado a partir de residuos agr\u00edcolas. Este papel de impresi\u00f3n y copia sostenible con un impacto medioambiental muy bajo tiene un color marr\u00f3n claro natural. El papel de impresi\u00f3n y copia PaperWise Natural es adecuado para imprimir y copiar a doble cara y es excelente para reciclar a trav\u00e9s del flujo normal de residuos de papel o de destrucci\u00f3n de archivos. Este papel de oficina respetuoso con el medio ambiente es apto para todo tipo de impresoras y fotocopiadoras multifunci\u00f3n digitales, y puede imprimirse con gran nitidez en color y en blanco y negro. Gracias a su color marr\u00f3n claro, los textos y las im\u00e1genes siguen siendo muy legibles en todas las condiciones.    <\/p>\n","protected":false},"excerpt":{"rendered":"<p>El papel de impresi\u00f3n y copia PaperWise Natural es un papel neutro en CO2, sin blanquear y sin \u00e1rboles, fabricado a partir de residuos agr\u00edcolas. Este papel de impresi\u00f3n y copia sostenible con un impacto medioambiental muy bajo tiene un color marr\u00f3n claro natural. El papel de impresi\u00f3n y copia PaperWise Natural es adecuado para [&hellip;]<\/p>\n","protected":false},"featured_media":6401,"template":"","meta":{"_acf_changed":false},"product_brand":[],"product_cat":[306,305,299],"product_tag":[],"class_list":{"0":"post-14460","1":"product","2":"type-product","3":"status-publish","4":"has-post-thumbnail","6":"product_cat-descuento","7":"product_cat-papel-de-copia","8":"product_cat-productos-finales","9":"product_shipping_class-kopieerpapier","11":"first","12":"instock","13":"taxable","14":"shipping-taxable","15":"purchasable","16":"product-type-simple"},"acf":[],"yoast_head":"<!-- This site is optimized with the Yoast SEO plugin v27.2 - https:\/\/yoast.com\/product\/yoast-seo-wordpress\/ -->\n<title>Copiadora PaperWise Natural - Papel de copia PaperWise Natural A4 210x297 mm 72 g\/m\u00b2 5x500 hojas - Paperwise<\/title>\n<meta name=\"robots\" content=\"index, follow, max-snippet:-1, max-image-preview:large, max-video-preview:-1\" \/>\n<link rel=\"canonical\" href=\"https:\/\/paperwise.eu\/es\/producto\/copiadora-paperwise-natural-papel-de-copia-paperwise-natural-a4-210x297-mm-72-g-m%c2%b2-5x500-hojas\/\" \/>\n<meta property=\"og:locale\" content=\"es_ES\" \/>\n<meta property=\"og:type\" content=\"article\" \/>\n<meta property=\"og:title\" content=\"Copiadora PaperWise Natural - Papel de copia PaperWise Natural A4 210x297 mm 72 g\/m\u00b2 5x500 hojas - Paperwise\" \/>\n<meta property=\"og:description\" content=\"El papel de impresi\u00f3n y copia PaperWise Natural es un papel neutro en CO2, sin blanquear y sin \u00e1rboles, fabricado a partir de residuos agr\u00edcolas. Este papel de impresi\u00f3n y copia sostenible con un impacto medioambiental muy bajo tiene un color marr\u00f3n claro natural. El papel de impresi\u00f3n y copia PaperWise Natural es adecuado para [&hellip;]\" \/>\n<meta property=\"og:url\" content=\"https:\/\/paperwise.eu\/es\/producto\/copiadora-paperwise-natural-papel-de-copia-paperwise-natural-a4-210x297-mm-72-g-m%c2%b2-5x500-hojas\/\" \/>\n<meta property=\"og:site_name\" content=\"Paperwise\" \/>\n<meta property=\"og:image\" content=\"https:\/\/paperwise.eu\/wp-content\/uploads\/2026\/02\/PaperWise-Natural-copy-printing-paper-A4-72-gram.jpg\" \/>\n\t<meta property=\"og:image:width\" content=\"1009\" \/>\n\t<meta property=\"og:image:height\" content=\"673\" \/>\n\t<meta property=\"og:image:type\" content=\"image\/jpeg\" \/>\n<meta name=\"twitter:card\" content=\"summary_large_image\" \/>\n<meta name=\"twitter:label1\" content=\"Tiempo de lectura\" \/>\n\t<meta name=\"twitter:data1\" content=\"1 minuto\" \/>\n<script type=\"application\/ld+json\" class=\"yoast-schema-graph\">{\"@context\":\"https:\/\/schema.org\",\"@graph\":[{\"@type\":\"WebPage\",\"@id\":\"https:\/\/paperwise.eu\/es\/producto\/copiadora-paperwise-natural-papel-de-copia-paperwise-natural-a4-210x297-mm-72-g-m%c2%b2-5x500-hojas\/\",\"url\":\"https:\/\/paperwise.eu\/es\/producto\/copiadora-paperwise-natural-papel-de-copia-paperwise-natural-a4-210x297-mm-72-g-m%c2%b2-5x500-hojas\/\",\"name\":\"Copiadora PaperWise Natural - Papel de copia PaperWise Natural A4 210x297 mm 72 g\/m\u00b2 5x500 hojas - Paperwise\",\"isPartOf\":{\"@id\":\"https:\/\/paperwise.eu\/es\/#website\"},\"primaryImageOfPage\":{\"@id\":\"https:\/\/paperwise.eu\/es\/producto\/copiadora-paperwise-natural-papel-de-copia-paperwise-natural-a4-210x297-mm-72-g-m%c2%b2-5x500-hojas\/#primaryimage\"},\"image\":{\"@id\":\"https:\/\/paperwise.eu\/es\/producto\/copiadora-paperwise-natural-papel-de-copia-paperwise-natural-a4-210x297-mm-72-g-m%c2%b2-5x500-hojas\/#primaryimage\"},\"thumbnailUrl\":\"https:\/\/paperwise.eu\/wp-content\/uploads\/2026\/02\/PaperWise-Natural-copy-printing-paper-A4-72-gram.jpg\",\"datePublished\":\"2026-03-10T19:42:54+00:00\",\"breadcrumb\":{\"@id\":\"https:\/\/paperwise.eu\/es\/producto\/copiadora-paperwise-natural-papel-de-copia-paperwise-natural-a4-210x297-mm-72-g-m%c2%b2-5x500-hojas\/#breadcrumb\"},\"inLanguage\":\"es\",\"potentialAction\":[{\"@type\":\"ReadAction\",\"target\":[\"https:\/\/paperwise.eu\/es\/producto\/copiadora-paperwise-natural-papel-de-copia-paperwise-natural-a4-210x297-mm-72-g-m%c2%b2-5x500-hojas\/\"]}]},{\"@type\":\"ImageObject\",\"inLanguage\":\"es\",\"@id\":\"https:\/\/paperwise.eu\/es\/producto\/copiadora-paperwise-natural-papel-de-copia-paperwise-natural-a4-210x297-mm-72-g-m%c2%b2-5x500-hojas\/#primaryimage\",\"url\":\"https:\/\/paperwise.eu\/wp-content\/uploads\/2026\/02\/PaperWise-Natural-copy-printing-paper-A4-72-gram.jpg\",\"contentUrl\":\"https:\/\/paperwise.eu\/wp-content\/uploads\/2026\/02\/PaperWise-Natural-copy-printing-paper-A4-72-gram.jpg\",\"width\":1009,\"height\":673},{\"@type\":\"BreadcrumbList\",\"@id\":\"https:\/\/paperwise.eu\/es\/producto\/copiadora-paperwise-natural-papel-de-copia-paperwise-natural-a4-210x297-mm-72-g-m%c2%b2-5x500-hojas\/#breadcrumb\",\"itemListElement\":[{\"@type\":\"ListItem\",\"position\":1,\"name\":\"Inicio\",\"item\":\"https:\/\/paperwise.eu\/es\/\"},{\"@type\":\"ListItem\",\"position\":2,\"name\":\"Tienda virtual\",\"item\":\"https:\/\/paperwise.eu\/es\/tienda-virtual\/\"},{\"@type\":\"ListItem\",\"position\":3,\"name\":\"Copiadora PaperWise Natural &#8211; Papel de copia PaperWise Natural A4 210&#215;297 mm 72 g\/m\u00b2 5&#215;500 hojas\"}]},{\"@type\":\"WebSite\",\"@id\":\"https:\/\/paperwise.eu\/es\/#website\",\"url\":\"https:\/\/paperwise.eu\/es\/\",\"name\":\"Paperwise\",\"description\":\"\",\"potentialAction\":[{\"@type\":\"SearchAction\",\"target\":{\"@type\":\"EntryPoint\",\"urlTemplate\":\"https:\/\/paperwise.eu\/es\/?s={search_term_string}\"},\"query-input\":{\"@type\":\"PropertyValueSpecification\",\"valueRequired\":true,\"valueName\":\"search_term_string\"}}],\"inLanguage\":\"es\"}]}<\/script>\n<!-- \/ Yoast SEO plugin. -->","yoast_head_json":{"title":"Copiadora PaperWise Natural - Papel de copia PaperWise Natural A4 210x297 mm 72 g\/m\u00b2 5x500 hojas - Paperwise","robots":{"index":"index","follow":"follow","max-snippet":"max-snippet:-1","max-image-preview":"max-image-preview:large","max-video-preview":"max-video-preview:-1"},"canonical":"https:\/\/paperwise.eu\/es\/producto\/copiadora-paperwise-natural-papel-de-copia-paperwise-natural-a4-210x297-mm-72-g-m%c2%b2-5x500-hojas\/","og_locale":"es_ES","og_type":"article","og_title":"Copiadora PaperWise Natural - Papel de copia PaperWise Natural A4 210x297 mm 72 g\/m\u00b2 5x500 hojas - Paperwise","og_description":"El papel de impresi\u00f3n y copia PaperWise Natural es un papel neutro en CO2, sin blanquear y sin \u00e1rboles, fabricado a partir de residuos agr\u00edcolas. Este papel de impresi\u00f3n y copia sostenible con un impacto medioambiental muy bajo tiene un color marr\u00f3n claro natural. El papel de impresi\u00f3n y copia PaperWise Natural es adecuado para [&hellip;]","og_url":"https:\/\/paperwise.eu\/es\/producto\/copiadora-paperwise-natural-papel-de-copia-paperwise-natural-a4-210x297-mm-72-g-m%c2%b2-5x500-hojas\/","og_site_name":"Paperwise","og_image":[{"width":1009,"height":673,"url":"https:\/\/paperwise.eu\/wp-content\/uploads\/2026\/02\/PaperWise-Natural-copy-printing-paper-A4-72-gram.jpg","type":"image\/jpeg"}],"twitter_card":"summary_large_image","twitter_misc":{"Tiempo de lectura":"1 minuto"},"schema":{"@context":"https:\/\/schema.org","@graph":[{"@type":"WebPage","@id":"https:\/\/paperwise.eu\/es\/producto\/copiadora-paperwise-natural-papel-de-copia-paperwise-natural-a4-210x297-mm-72-g-m%c2%b2-5x500-hojas\/","url":"https:\/\/paperwise.eu\/es\/producto\/copiadora-paperwise-natural-papel-de-copia-paperwise-natural-a4-210x297-mm-72-g-m%c2%b2-5x500-hojas\/","name":"Copiadora PaperWise Natural - Papel de copia PaperWise Natural A4 210x297 mm 72 g\/m\u00b2 5x500 hojas - Paperwise","isPartOf":{"@id":"https:\/\/paperwise.eu\/es\/#website"},"primaryImageOfPage":{"@id":"https:\/\/paperwise.eu\/es\/producto\/copiadora-paperwise-natural-papel-de-copia-paperwise-natural-a4-210x297-mm-72-g-m%c2%b2-5x500-hojas\/#primaryimage"},"image":{"@id":"https:\/\/paperwise.eu\/es\/producto\/copiadora-paperwise-natural-papel-de-copia-paperwise-natural-a4-210x297-mm-72-g-m%c2%b2-5x500-hojas\/#primaryimage"},"thumbnailUrl":"https:\/\/paperwise.eu\/wp-content\/uploads\/2026\/02\/PaperWise-Natural-copy-printing-paper-A4-72-gram.jpg","datePublished":"2026-03-10T19:42:54+00:00","breadcrumb":{"@id":"https:\/\/paperwise.eu\/es\/producto\/copiadora-paperwise-natural-papel-de-copia-paperwise-natural-a4-210x297-mm-72-g-m%c2%b2-5x500-hojas\/#breadcrumb"},"inLanguage":"es","potentialAction":[{"@type":"ReadAction","target":["https:\/\/paperwise.eu\/es\/producto\/copiadora-paperwise-natural-papel-de-copia-paperwise-natural-a4-210x297-mm-72-g-m%c2%b2-5x500-hojas\/"]}]},{"@type":"ImageObject","inLanguage":"es","@id":"https:\/\/paperwise.eu\/es\/producto\/copiadora-paperwise-natural-papel-de-copia-paperwise-natural-a4-210x297-mm-72-g-m%c2%b2-5x500-hojas\/#primaryimage","url":"https:\/\/paperwise.eu\/wp-content\/uploads\/2026\/02\/PaperWise-Natural-copy-printing-paper-A4-72-gram.jpg","contentUrl":"https:\/\/paperwise.eu\/wp-content\/uploads\/2026\/02\/PaperWise-Natural-copy-printing-paper-A4-72-gram.jpg","width":1009,"height":673},{"@type":"BreadcrumbList","@id":"https:\/\/paperwise.eu\/es\/producto\/copiadora-paperwise-natural-papel-de-copia-paperwise-natural-a4-210x297-mm-72-g-m%c2%b2-5x500-hojas\/#breadcrumb","itemListElement":[{"@type":"ListItem","position":1,"name":"Inicio","item":"https:\/\/paperwise.eu\/es\/"},{"@type":"ListItem","position":2,"name":"Tienda virtual","item":"https:\/\/paperwise.eu\/es\/tienda-virtual\/"},{"@type":"ListItem","position":3,"name":"Copiadora PaperWise Natural &#8211; Papel de copia PaperWise Natural A4 210&#215;297 mm 72 g\/m\u00b2 5&#215;500 hojas"}]},{"@type":"WebSite","@id":"https:\/\/paperwise.eu\/es\/#website","url":"https:\/\/paperwise.eu\/es\/","name":"Paperwise","description":"","potentialAction":[{"@type":"SearchAction","target":{"@type":"EntryPoint","urlTemplate":"https:\/\/paperwise.eu\/es\/?s={search_term_string}"},"query-input":{"@type":"PropertyValueSpecification","valueRequired":true,"valueName":"search_term_string"}}],"inLanguage":"es"}]}},"_links":{"self":[{"href":"https:\/\/paperwise.eu\/es\/wp-json\/wp\/v2\/product\/14460","targetHints":{"allow":["GET"]}}],"collection":[{"href":"https:\/\/paperwise.eu\/es\/wp-json\/wp\/v2\/product"}],"about":[{"href":"https:\/\/paperwise.eu\/es\/wp-json\/wp\/v2\/types\/product"}],"wp:featuredmedia":[{"embeddable":true,"href":"https:\/\/paperwise.eu\/es\/wp-json\/wp\/v2\/media\/6401"}],"wp:attachment":[{"href":"https:\/\/paperwise.eu\/es\/wp-json\/wp\/v2\/media?parent=14460"}],"wp:term":[{"taxonomy":"product_brand","embeddable":true,"href":"https:\/\/paperwise.eu\/es\/wp-json\/wp\/v2\/product_brand?post=14460"},{"taxonomy":"product_cat","embeddable":true,"href":"https:\/\/paperwise.eu\/es\/wp-json\/wp\/v2\/product_cat?post=14460"},{"taxonomy":"product_tag","embeddable":true,"href":"https:\/\/paperwise.eu\/es\/wp-json\/wp\/v2\/product_tag?post=14460"}],"curies":[{"name":"wp","href":"https:\/\/api.w.org\/{rel}","templated":true}]}}