{"id":14424,"date":"2026-03-10T20:43:34","date_gmt":"2026-03-10T19:43:34","guid":{"rendered":"https:\/\/paperwise.eu\/product\/paperwise-estucado-natural-1-cara-blanco-hoja-larga-700x1000mm-310-g-m%c2%b2-2000-hojas\/"},"modified":"2026-03-10T20:43:34","modified_gmt":"2026-03-10T19:43:34","slug":"paperwise-estucado-natural-1-cara-blanco-hoja-larga-700x1000mm-310-g-m%c2%b2-2000-hojas","status":"publish","type":"product","link":"https:\/\/paperwise.eu\/es\/producto\/paperwise-estucado-natural-1-cara-blanco-hoja-larga-700x1000mm-310-g-m%c2%b2-2000-hojas\/","title":{"rendered":"PaperWise Estucado Natural 1 Cara Blanco &#8211; Hoja larga 700x1000mm 310 g\/m\u00b2 2000 hojas"},"content":{"rendered":"<p>PaperWise Recubierto Natural 1 Cara Blanco es un cart\u00f3n sin blanquear neutro en CO2 fabricado a partir de residuos agr\u00edcolas. Este cart\u00f3n sostenible y libre de \u00e1rboles, con un impacto medioambiental muy bajo, es de color marr\u00f3n claro sin recubrir por una cara y por la otra tiene un recubrimiento de arcilla blanca natural. El material es adecuado para aplicaciones alimentarias y no alimentarias. PaperWise Revestimiento Natural 1 Cara Blanco est\u00e1 certificado para seguridad alimentaria (EC1935\/2004), compostaje industrial (EN13432) y es apto para reciclar a trav\u00e9s del flujo normal de papel usado. Tanto la cara blanca como la marr\u00f3n claro natural pueden imprimirse a todo color con gran nitidez en offset, flexograf\u00eda y digital. PaperWise Estucado Natural 1 Cara Blanco es procesado por imprentas y empresas de cart\u00f3n en embalajes e impresiones sostenibles. Las aplicaciones van desde envases para comestibles secos, verduras, frutas, hasta cosm\u00e9ticos (de lujo), aseo personal, regalos, joyas, medicamentos y otros envases de consumo. Para material impreso, PaperWise Recubierto Natural Blanco 1 Cara es muy adecuado como cubierta para libros, revistas, cuadernos, agendas, blocs de notas y libretas. Tambi\u00e9n se pueden imprimir volantes, folletos, tarjetas de felicitaci\u00f3n, tarjetas de visita y carteles en este cart\u00f3n sostenible PaperWise.        <\/p>\n","protected":false},"excerpt":{"rendered":"<p>PaperWise Recubierto Natural 1 Cara Blanco es un cart\u00f3n sin blanquear neutro en CO2 fabricado a partir de residuos agr\u00edcolas. Este cart\u00f3n sostenible y libre de \u00e1rboles, con un impacto medioambiental muy bajo, es de color marr\u00f3n claro sin recubrir por una cara y por la otra tiene un recubrimiento de arcilla blanca natural. El [&hellip;]<\/p>\n","protected":false},"featured_media":6320,"template":"","meta":{"_acf_changed":false},"product_brand":[],"product_cat":[297,295],"product_tag":[],"class_list":{"0":"post-14424","1":"product","2":"type-product","3":"status-publish","4":"has-post-thumbnail","6":"product_cat-hojas-de-papel-y-carton","7":"product_cat-hojas-y-rollos","8":"product_shipping_class-vellen-rollen","10":"first","11":"instock","12":"taxable","13":"shipping-taxable","14":"purchasable","15":"product-type-simple"},"acf":[],"yoast_head":"<!-- This site is optimized with the Yoast SEO plugin v27.2 - https:\/\/yoast.com\/product\/yoast-seo-wordpress\/ -->\n<title>PaperWise Estucado Natural 1 Cara Blanco - Hoja larga 700x1000mm 310 g\/m\u00b2 2000 hojas - Paperwise<\/title>\n<meta name=\"robots\" content=\"index, follow, max-snippet:-1, max-image-preview:large, max-video-preview:-1\" \/>\n<link rel=\"canonical\" href=\"https:\/\/paperwise.eu\/es\/producto\/paperwise-estucado-natural-1-cara-blanco-hoja-larga-700x1000mm-310-g-m%c2%b2-2000-hojas\/\" \/>\n<meta property=\"og:locale\" content=\"es_ES\" \/>\n<meta property=\"og:type\" content=\"article\" \/>\n<meta property=\"og:title\" content=\"PaperWise Estucado Natural 1 Cara Blanco - Hoja larga 700x1000mm 310 g\/m\u00b2 2000 hojas - Paperwise\" \/>\n<meta property=\"og:description\" content=\"PaperWise Recubierto Natural 1 Cara Blanco es un cart\u00f3n sin blanquear neutro en CO2 fabricado a partir de residuos agr\u00edcolas. Este cart\u00f3n sostenible y libre de \u00e1rboles, con un impacto medioambiental muy bajo, es de color marr\u00f3n claro sin recubrir por una cara y por la otra tiene un recubrimiento de arcilla blanca natural. El [&hellip;]\" \/>\n<meta property=\"og:url\" content=\"https:\/\/paperwise.eu\/es\/producto\/paperwise-estucado-natural-1-cara-blanco-hoja-larga-700x1000mm-310-g-m%c2%b2-2000-hojas\/\" \/>\n<meta property=\"og:site_name\" content=\"Paperwise\" \/>\n<meta property=\"og:image\" content=\"https:\/\/paperwise.eu\/wp-content\/uploads\/2026\/02\/PaperWise-pallet-Natural.jpg\" \/>\n\t<meta property=\"og:image:width\" content=\"1000\" \/>\n\t<meta property=\"og:image:height\" content=\"667\" \/>\n\t<meta property=\"og:image:type\" content=\"image\/jpeg\" \/>\n<meta name=\"twitter:card\" content=\"summary_large_image\" \/>\n<meta name=\"twitter:label1\" content=\"Tiempo de lectura\" \/>\n\t<meta name=\"twitter:data1\" content=\"1 minuto\" \/>\n<script type=\"application\/ld+json\" class=\"yoast-schema-graph\">{\"@context\":\"https:\/\/schema.org\",\"@graph\":[{\"@type\":\"WebPage\",\"@id\":\"https:\/\/paperwise.eu\/es\/producto\/paperwise-estucado-natural-1-cara-blanco-hoja-larga-700x1000mm-310-g-m%c2%b2-2000-hojas\/\",\"url\":\"https:\/\/paperwise.eu\/es\/producto\/paperwise-estucado-natural-1-cara-blanco-hoja-larga-700x1000mm-310-g-m%c2%b2-2000-hojas\/\",\"name\":\"PaperWise Estucado Natural 1 Cara Blanco - Hoja larga 700x1000mm 310 g\/m\u00b2 2000 hojas - Paperwise\",\"isPartOf\":{\"@id\":\"https:\/\/paperwise.eu\/es\/#website\"},\"primaryImageOfPage\":{\"@id\":\"https:\/\/paperwise.eu\/es\/producto\/paperwise-estucado-natural-1-cara-blanco-hoja-larga-700x1000mm-310-g-m%c2%b2-2000-hojas\/#primaryimage\"},\"image\":{\"@id\":\"https:\/\/paperwise.eu\/es\/producto\/paperwise-estucado-natural-1-cara-blanco-hoja-larga-700x1000mm-310-g-m%c2%b2-2000-hojas\/#primaryimage\"},\"thumbnailUrl\":\"https:\/\/paperwise.eu\/wp-content\/uploads\/2026\/02\/PaperWise-pallet-Natural.jpg\",\"datePublished\":\"2026-03-10T19:43:34+00:00\",\"breadcrumb\":{\"@id\":\"https:\/\/paperwise.eu\/es\/producto\/paperwise-estucado-natural-1-cara-blanco-hoja-larga-700x1000mm-310-g-m%c2%b2-2000-hojas\/#breadcrumb\"},\"inLanguage\":\"es\",\"potentialAction\":[{\"@type\":\"ReadAction\",\"target\":[\"https:\/\/paperwise.eu\/es\/producto\/paperwise-estucado-natural-1-cara-blanco-hoja-larga-700x1000mm-310-g-m%c2%b2-2000-hojas\/\"]}]},{\"@type\":\"ImageObject\",\"inLanguage\":\"es\",\"@id\":\"https:\/\/paperwise.eu\/es\/producto\/paperwise-estucado-natural-1-cara-blanco-hoja-larga-700x1000mm-310-g-m%c2%b2-2000-hojas\/#primaryimage\",\"url\":\"https:\/\/paperwise.eu\/wp-content\/uploads\/2026\/02\/PaperWise-pallet-Natural.jpg\",\"contentUrl\":\"https:\/\/paperwise.eu\/wp-content\/uploads\/2026\/02\/PaperWise-pallet-Natural.jpg\",\"width\":1000,\"height\":667},{\"@type\":\"BreadcrumbList\",\"@id\":\"https:\/\/paperwise.eu\/es\/producto\/paperwise-estucado-natural-1-cara-blanco-hoja-larga-700x1000mm-310-g-m%c2%b2-2000-hojas\/#breadcrumb\",\"itemListElement\":[{\"@type\":\"ListItem\",\"position\":1,\"name\":\"Inicio\",\"item\":\"https:\/\/paperwise.eu\/es\/\"},{\"@type\":\"ListItem\",\"position\":2,\"name\":\"Tienda virtual\",\"item\":\"https:\/\/paperwise.eu\/es\/tienda-virtual\/\"},{\"@type\":\"ListItem\",\"position\":3,\"name\":\"PaperWise Estucado Natural 1 Cara Blanco &#8211; Hoja larga 700x1000mm 310 g\/m\u00b2 2000 hojas\"}]},{\"@type\":\"WebSite\",\"@id\":\"https:\/\/paperwise.eu\/es\/#website\",\"url\":\"https:\/\/paperwise.eu\/es\/\",\"name\":\"Paperwise\",\"description\":\"\",\"potentialAction\":[{\"@type\":\"SearchAction\",\"target\":{\"@type\":\"EntryPoint\",\"urlTemplate\":\"https:\/\/paperwise.eu\/es\/?s={search_term_string}\"},\"query-input\":{\"@type\":\"PropertyValueSpecification\",\"valueRequired\":true,\"valueName\":\"search_term_string\"}}],\"inLanguage\":\"es\"}]}<\/script>\n<!-- \/ Yoast SEO plugin. -->","yoast_head_json":{"title":"PaperWise Estucado Natural 1 Cara Blanco - Hoja larga 700x1000mm 310 g\/m\u00b2 2000 hojas - Paperwise","robots":{"index":"index","follow":"follow","max-snippet":"max-snippet:-1","max-image-preview":"max-image-preview:large","max-video-preview":"max-video-preview:-1"},"canonical":"https:\/\/paperwise.eu\/es\/producto\/paperwise-estucado-natural-1-cara-blanco-hoja-larga-700x1000mm-310-g-m%c2%b2-2000-hojas\/","og_locale":"es_ES","og_type":"article","og_title":"PaperWise Estucado Natural 1 Cara Blanco - Hoja larga 700x1000mm 310 g\/m\u00b2 2000 hojas - Paperwise","og_description":"PaperWise Recubierto Natural 1 Cara Blanco es un cart\u00f3n sin blanquear neutro en CO2 fabricado a partir de residuos agr\u00edcolas. Este cart\u00f3n sostenible y libre de \u00e1rboles, con un impacto medioambiental muy bajo, es de color marr\u00f3n claro sin recubrir por una cara y por la otra tiene un recubrimiento de arcilla blanca natural. El [&hellip;]","og_url":"https:\/\/paperwise.eu\/es\/producto\/paperwise-estucado-natural-1-cara-blanco-hoja-larga-700x1000mm-310-g-m%c2%b2-2000-hojas\/","og_site_name":"Paperwise","og_image":[{"width":1000,"height":667,"url":"https:\/\/paperwise.eu\/wp-content\/uploads\/2026\/02\/PaperWise-pallet-Natural.jpg","type":"image\/jpeg"}],"twitter_card":"summary_large_image","twitter_misc":{"Tiempo de lectura":"1 minuto"},"schema":{"@context":"https:\/\/schema.org","@graph":[{"@type":"WebPage","@id":"https:\/\/paperwise.eu\/es\/producto\/paperwise-estucado-natural-1-cara-blanco-hoja-larga-700x1000mm-310-g-m%c2%b2-2000-hojas\/","url":"https:\/\/paperwise.eu\/es\/producto\/paperwise-estucado-natural-1-cara-blanco-hoja-larga-700x1000mm-310-g-m%c2%b2-2000-hojas\/","name":"PaperWise Estucado Natural 1 Cara Blanco - Hoja larga 700x1000mm 310 g\/m\u00b2 2000 hojas - Paperwise","isPartOf":{"@id":"https:\/\/paperwise.eu\/es\/#website"},"primaryImageOfPage":{"@id":"https:\/\/paperwise.eu\/es\/producto\/paperwise-estucado-natural-1-cara-blanco-hoja-larga-700x1000mm-310-g-m%c2%b2-2000-hojas\/#primaryimage"},"image":{"@id":"https:\/\/paperwise.eu\/es\/producto\/paperwise-estucado-natural-1-cara-blanco-hoja-larga-700x1000mm-310-g-m%c2%b2-2000-hojas\/#primaryimage"},"thumbnailUrl":"https:\/\/paperwise.eu\/wp-content\/uploads\/2026\/02\/PaperWise-pallet-Natural.jpg","datePublished":"2026-03-10T19:43:34+00:00","breadcrumb":{"@id":"https:\/\/paperwise.eu\/es\/producto\/paperwise-estucado-natural-1-cara-blanco-hoja-larga-700x1000mm-310-g-m%c2%b2-2000-hojas\/#breadcrumb"},"inLanguage":"es","potentialAction":[{"@type":"ReadAction","target":["https:\/\/paperwise.eu\/es\/producto\/paperwise-estucado-natural-1-cara-blanco-hoja-larga-700x1000mm-310-g-m%c2%b2-2000-hojas\/"]}]},{"@type":"ImageObject","inLanguage":"es","@id":"https:\/\/paperwise.eu\/es\/producto\/paperwise-estucado-natural-1-cara-blanco-hoja-larga-700x1000mm-310-g-m%c2%b2-2000-hojas\/#primaryimage","url":"https:\/\/paperwise.eu\/wp-content\/uploads\/2026\/02\/PaperWise-pallet-Natural.jpg","contentUrl":"https:\/\/paperwise.eu\/wp-content\/uploads\/2026\/02\/PaperWise-pallet-Natural.jpg","width":1000,"height":667},{"@type":"BreadcrumbList","@id":"https:\/\/paperwise.eu\/es\/producto\/paperwise-estucado-natural-1-cara-blanco-hoja-larga-700x1000mm-310-g-m%c2%b2-2000-hojas\/#breadcrumb","itemListElement":[{"@type":"ListItem","position":1,"name":"Inicio","item":"https:\/\/paperwise.eu\/es\/"},{"@type":"ListItem","position":2,"name":"Tienda virtual","item":"https:\/\/paperwise.eu\/es\/tienda-virtual\/"},{"@type":"ListItem","position":3,"name":"PaperWise Estucado Natural 1 Cara Blanco &#8211; Hoja larga 700x1000mm 310 g\/m\u00b2 2000 hojas"}]},{"@type":"WebSite","@id":"https:\/\/paperwise.eu\/es\/#website","url":"https:\/\/paperwise.eu\/es\/","name":"Paperwise","description":"","potentialAction":[{"@type":"SearchAction","target":{"@type":"EntryPoint","urlTemplate":"https:\/\/paperwise.eu\/es\/?s={search_term_string}"},"query-input":{"@type":"PropertyValueSpecification","valueRequired":true,"valueName":"search_term_string"}}],"inLanguage":"es"}]}},"_links":{"self":[{"href":"https:\/\/paperwise.eu\/es\/wp-json\/wp\/v2\/product\/14424","targetHints":{"allow":["GET"]}}],"collection":[{"href":"https:\/\/paperwise.eu\/es\/wp-json\/wp\/v2\/product"}],"about":[{"href":"https:\/\/paperwise.eu\/es\/wp-json\/wp\/v2\/types\/product"}],"wp:featuredmedia":[{"embeddable":true,"href":"https:\/\/paperwise.eu\/es\/wp-json\/wp\/v2\/media\/6320"}],"wp:attachment":[{"href":"https:\/\/paperwise.eu\/es\/wp-json\/wp\/v2\/media?parent=14424"}],"wp:term":[{"taxonomy":"product_brand","embeddable":true,"href":"https:\/\/paperwise.eu\/es\/wp-json\/wp\/v2\/product_brand?post=14424"},{"taxonomy":"product_cat","embeddable":true,"href":"https:\/\/paperwise.eu\/es\/wp-json\/wp\/v2\/product_cat?post=14424"},{"taxonomy":"product_tag","embeddable":true,"href":"https:\/\/paperwise.eu\/es\/wp-json\/wp\/v2\/product_tag?post=14424"}],"curies":[{"name":"wp","href":"https:\/\/api.w.org\/{rel}","templated":true}]}}