{"id":14416,"date":"2026-03-10T20:44:00","date_gmt":"2026-03-10T19:44:00","guid":{"rendered":"https:\/\/paperwise.eu\/product\/paperwise-natural-tirada-larga-700x1000mm-90-g-m%c2%b2-250-hojas\/"},"modified":"2026-03-10T20:44:00","modified_gmt":"2026-03-10T19:44:00","slug":"paperwise-natural-tirada-larga-700x1000mm-90-g-m%c2%b2-250-hojas","status":"publish","type":"product","link":"https:\/\/paperwise.eu\/es\/producto\/paperwise-natural-tirada-larga-700x1000mm-90-g-m%c2%b2-250-hojas\/","title":{"rendered":"PaperWise Natural &#8211; Tirada larga 700x1000mm 90 g\/m\u00b2 250 hojas"},"content":{"rendered":"<p>PaperWise Natural es un papel no blanqueado neutro en CO2 fabricado a partir de residuos agr\u00edcolas. Este papel sostenible y sin \u00e1rboles, con un impacto medioambiental muy bajo, tiene un color marr\u00f3n claro natural.  El material es adecuado para aplicaciones alimentarias y no alimentarias. PaperWise Natural est\u00e1 certificado para la seguridad alimentaria (EC1935\/2004), el compostaje industrial (EN13432), el compostaje dom\u00e9stico (DIN CERTCO HOME COMPOSTABLE) y es apto para el reciclaje a trav\u00e9s del flujo normal de residuos de papel. El color marr\u00f3n claro natural puede imprimirse a todo color por las dos caras en offset, flexograf\u00eda y digital. PaperWise Natural es procesado por imprentas y empresas especializadas en envases e impresi\u00f3n sostenibles. Las aplicaciones van desde envases para alimentos secos, galletas, frutos secos, chocolates, t\u00e9 y caf\u00e9, hasta bolsas, etiquetas y papel de regalo. Para impresi\u00f3n, PaperWise Natural es muy adecuado para libros, revistas, cuadernos, agendas, blocs de notas y libretas. Pero tambi\u00e9n se pueden imprimir de forma excelente octavillas, folletos, prospectos y carteles en este papel sostenible PaperWise.      <\/p>\n","protected":false},"excerpt":{"rendered":"<p>PaperWise Natural es un papel no blanqueado neutro en CO2 fabricado a partir de residuos agr\u00edcolas. Este papel sostenible y sin \u00e1rboles, con un impacto medioambiental muy bajo, tiene un color marr\u00f3n claro natural. El material es adecuado para aplicaciones alimentarias y no alimentarias. PaperWise Natural est\u00e1 certificado para la seguridad alimentaria (EC1935\/2004), el compostaje [&hellip;]<\/p>\n","protected":false},"featured_media":6345,"template":"","meta":{"_acf_changed":false},"product_brand":[],"product_cat":[297,295],"product_tag":[],"class_list":{"0":"post-14416","1":"product","2":"type-product","3":"status-publish","4":"has-post-thumbnail","6":"product_cat-hojas-de-papel-y-carton","7":"product_cat-hojas-y-rollos","8":"product_shipping_class-vellen-rollen","10":"first","11":"instock","12":"taxable","13":"shipping-taxable","14":"purchasable","15":"product-type-simple"},"acf":[],"yoast_head":"<!-- This site is optimized with the Yoast SEO plugin v27.2 - https:\/\/yoast.com\/product\/yoast-seo-wordpress\/ -->\n<title>PaperWise Natural - Tirada larga 700x1000mm 90 g\/m\u00b2 250 hojas - Paperwise<\/title>\n<meta name=\"robots\" content=\"index, follow, max-snippet:-1, max-image-preview:large, max-video-preview:-1\" \/>\n<link rel=\"canonical\" href=\"https:\/\/paperwise.eu\/es\/producto\/paperwise-natural-tirada-larga-700x1000mm-90-g-m%c2%b2-250-hojas\/\" \/>\n<meta property=\"og:locale\" content=\"es_ES\" \/>\n<meta property=\"og:type\" content=\"article\" \/>\n<meta property=\"og:title\" content=\"PaperWise Natural - Tirada larga 700x1000mm 90 g\/m\u00b2 250 hojas - Paperwise\" \/>\n<meta property=\"og:description\" content=\"PaperWise Natural es un papel no blanqueado neutro en CO2 fabricado a partir de residuos agr\u00edcolas. Este papel sostenible y sin \u00e1rboles, con un impacto medioambiental muy bajo, tiene un color marr\u00f3n claro natural. El material es adecuado para aplicaciones alimentarias y no alimentarias. PaperWise Natural est\u00e1 certificado para la seguridad alimentaria (EC1935\/2004), el compostaje [&hellip;]\" \/>\n<meta property=\"og:url\" content=\"https:\/\/paperwise.eu\/es\/producto\/paperwise-natural-tirada-larga-700x1000mm-90-g-m%c2%b2-250-hojas\/\" \/>\n<meta property=\"og:site_name\" content=\"Paperwise\" \/>\n<meta property=\"og:image\" content=\"https:\/\/paperwise.eu\/wp-content\/uploads\/2026\/02\/PaperWise-ream-Natural.jpg\" \/>\n\t<meta property=\"og:image:width\" content=\"1000\" \/>\n\t<meta property=\"og:image:height\" content=\"667\" \/>\n\t<meta property=\"og:image:type\" content=\"image\/jpeg\" \/>\n<meta name=\"twitter:card\" content=\"summary_large_image\" \/>\n<meta name=\"twitter:label1\" content=\"Tiempo de lectura\" \/>\n\t<meta name=\"twitter:data1\" content=\"1 minuto\" \/>\n<script type=\"application\/ld+json\" class=\"yoast-schema-graph\">{\"@context\":\"https:\/\/schema.org\",\"@graph\":[{\"@type\":\"WebPage\",\"@id\":\"https:\/\/paperwise.eu\/es\/producto\/paperwise-natural-tirada-larga-700x1000mm-90-g-m%c2%b2-250-hojas\/\",\"url\":\"https:\/\/paperwise.eu\/es\/producto\/paperwise-natural-tirada-larga-700x1000mm-90-g-m%c2%b2-250-hojas\/\",\"name\":\"PaperWise Natural - Tirada larga 700x1000mm 90 g\/m\u00b2 250 hojas - Paperwise\",\"isPartOf\":{\"@id\":\"https:\/\/paperwise.eu\/es\/#website\"},\"primaryImageOfPage\":{\"@id\":\"https:\/\/paperwise.eu\/es\/producto\/paperwise-natural-tirada-larga-700x1000mm-90-g-m%c2%b2-250-hojas\/#primaryimage\"},\"image\":{\"@id\":\"https:\/\/paperwise.eu\/es\/producto\/paperwise-natural-tirada-larga-700x1000mm-90-g-m%c2%b2-250-hojas\/#primaryimage\"},\"thumbnailUrl\":\"https:\/\/paperwise.eu\/wp-content\/uploads\/2026\/02\/PaperWise-ream-Natural.jpg\",\"datePublished\":\"2026-03-10T19:44:00+00:00\",\"breadcrumb\":{\"@id\":\"https:\/\/paperwise.eu\/es\/producto\/paperwise-natural-tirada-larga-700x1000mm-90-g-m%c2%b2-250-hojas\/#breadcrumb\"},\"inLanguage\":\"es\",\"potentialAction\":[{\"@type\":\"ReadAction\",\"target\":[\"https:\/\/paperwise.eu\/es\/producto\/paperwise-natural-tirada-larga-700x1000mm-90-g-m%c2%b2-250-hojas\/\"]}]},{\"@type\":\"ImageObject\",\"inLanguage\":\"es\",\"@id\":\"https:\/\/paperwise.eu\/es\/producto\/paperwise-natural-tirada-larga-700x1000mm-90-g-m%c2%b2-250-hojas\/#primaryimage\",\"url\":\"https:\/\/paperwise.eu\/wp-content\/uploads\/2026\/02\/PaperWise-ream-Natural.jpg\",\"contentUrl\":\"https:\/\/paperwise.eu\/wp-content\/uploads\/2026\/02\/PaperWise-ream-Natural.jpg\",\"width\":1000,\"height\":667},{\"@type\":\"BreadcrumbList\",\"@id\":\"https:\/\/paperwise.eu\/es\/producto\/paperwise-natural-tirada-larga-700x1000mm-90-g-m%c2%b2-250-hojas\/#breadcrumb\",\"itemListElement\":[{\"@type\":\"ListItem\",\"position\":1,\"name\":\"Inicio\",\"item\":\"https:\/\/paperwise.eu\/es\/\"},{\"@type\":\"ListItem\",\"position\":2,\"name\":\"Tienda virtual\",\"item\":\"https:\/\/paperwise.eu\/es\/tienda-virtual\/\"},{\"@type\":\"ListItem\",\"position\":3,\"name\":\"PaperWise Natural &#8211; Tirada larga 700x1000mm 90 g\/m\u00b2 250 hojas\"}]},{\"@type\":\"WebSite\",\"@id\":\"https:\/\/paperwise.eu\/es\/#website\",\"url\":\"https:\/\/paperwise.eu\/es\/\",\"name\":\"Paperwise\",\"description\":\"\",\"potentialAction\":[{\"@type\":\"SearchAction\",\"target\":{\"@type\":\"EntryPoint\",\"urlTemplate\":\"https:\/\/paperwise.eu\/es\/?s={search_term_string}\"},\"query-input\":{\"@type\":\"PropertyValueSpecification\",\"valueRequired\":true,\"valueName\":\"search_term_string\"}}],\"inLanguage\":\"es\"}]}<\/script>\n<!-- \/ Yoast SEO plugin. -->","yoast_head_json":{"title":"PaperWise Natural - Tirada larga 700x1000mm 90 g\/m\u00b2 250 hojas - Paperwise","robots":{"index":"index","follow":"follow","max-snippet":"max-snippet:-1","max-image-preview":"max-image-preview:large","max-video-preview":"max-video-preview:-1"},"canonical":"https:\/\/paperwise.eu\/es\/producto\/paperwise-natural-tirada-larga-700x1000mm-90-g-m%c2%b2-250-hojas\/","og_locale":"es_ES","og_type":"article","og_title":"PaperWise Natural - Tirada larga 700x1000mm 90 g\/m\u00b2 250 hojas - Paperwise","og_description":"PaperWise Natural es un papel no blanqueado neutro en CO2 fabricado a partir de residuos agr\u00edcolas. Este papel sostenible y sin \u00e1rboles, con un impacto medioambiental muy bajo, tiene un color marr\u00f3n claro natural. El material es adecuado para aplicaciones alimentarias y no alimentarias. PaperWise Natural est\u00e1 certificado para la seguridad alimentaria (EC1935\/2004), el compostaje [&hellip;]","og_url":"https:\/\/paperwise.eu\/es\/producto\/paperwise-natural-tirada-larga-700x1000mm-90-g-m%c2%b2-250-hojas\/","og_site_name":"Paperwise","og_image":[{"width":1000,"height":667,"url":"https:\/\/paperwise.eu\/wp-content\/uploads\/2026\/02\/PaperWise-ream-Natural.jpg","type":"image\/jpeg"}],"twitter_card":"summary_large_image","twitter_misc":{"Tiempo de lectura":"1 minuto"},"schema":{"@context":"https:\/\/schema.org","@graph":[{"@type":"WebPage","@id":"https:\/\/paperwise.eu\/es\/producto\/paperwise-natural-tirada-larga-700x1000mm-90-g-m%c2%b2-250-hojas\/","url":"https:\/\/paperwise.eu\/es\/producto\/paperwise-natural-tirada-larga-700x1000mm-90-g-m%c2%b2-250-hojas\/","name":"PaperWise Natural - Tirada larga 700x1000mm 90 g\/m\u00b2 250 hojas - Paperwise","isPartOf":{"@id":"https:\/\/paperwise.eu\/es\/#website"},"primaryImageOfPage":{"@id":"https:\/\/paperwise.eu\/es\/producto\/paperwise-natural-tirada-larga-700x1000mm-90-g-m%c2%b2-250-hojas\/#primaryimage"},"image":{"@id":"https:\/\/paperwise.eu\/es\/producto\/paperwise-natural-tirada-larga-700x1000mm-90-g-m%c2%b2-250-hojas\/#primaryimage"},"thumbnailUrl":"https:\/\/paperwise.eu\/wp-content\/uploads\/2026\/02\/PaperWise-ream-Natural.jpg","datePublished":"2026-03-10T19:44:00+00:00","breadcrumb":{"@id":"https:\/\/paperwise.eu\/es\/producto\/paperwise-natural-tirada-larga-700x1000mm-90-g-m%c2%b2-250-hojas\/#breadcrumb"},"inLanguage":"es","potentialAction":[{"@type":"ReadAction","target":["https:\/\/paperwise.eu\/es\/producto\/paperwise-natural-tirada-larga-700x1000mm-90-g-m%c2%b2-250-hojas\/"]}]},{"@type":"ImageObject","inLanguage":"es","@id":"https:\/\/paperwise.eu\/es\/producto\/paperwise-natural-tirada-larga-700x1000mm-90-g-m%c2%b2-250-hojas\/#primaryimage","url":"https:\/\/paperwise.eu\/wp-content\/uploads\/2026\/02\/PaperWise-ream-Natural.jpg","contentUrl":"https:\/\/paperwise.eu\/wp-content\/uploads\/2026\/02\/PaperWise-ream-Natural.jpg","width":1000,"height":667},{"@type":"BreadcrumbList","@id":"https:\/\/paperwise.eu\/es\/producto\/paperwise-natural-tirada-larga-700x1000mm-90-g-m%c2%b2-250-hojas\/#breadcrumb","itemListElement":[{"@type":"ListItem","position":1,"name":"Inicio","item":"https:\/\/paperwise.eu\/es\/"},{"@type":"ListItem","position":2,"name":"Tienda virtual","item":"https:\/\/paperwise.eu\/es\/tienda-virtual\/"},{"@type":"ListItem","position":3,"name":"PaperWise Natural &#8211; Tirada larga 700x1000mm 90 g\/m\u00b2 250 hojas"}]},{"@type":"WebSite","@id":"https:\/\/paperwise.eu\/es\/#website","url":"https:\/\/paperwise.eu\/es\/","name":"Paperwise","description":"","potentialAction":[{"@type":"SearchAction","target":{"@type":"EntryPoint","urlTemplate":"https:\/\/paperwise.eu\/es\/?s={search_term_string}"},"query-input":{"@type":"PropertyValueSpecification","valueRequired":true,"valueName":"search_term_string"}}],"inLanguage":"es"}]}},"_links":{"self":[{"href":"https:\/\/paperwise.eu\/es\/wp-json\/wp\/v2\/product\/14416","targetHints":{"allow":["GET"]}}],"collection":[{"href":"https:\/\/paperwise.eu\/es\/wp-json\/wp\/v2\/product"}],"about":[{"href":"https:\/\/paperwise.eu\/es\/wp-json\/wp\/v2\/types\/product"}],"wp:featuredmedia":[{"embeddable":true,"href":"https:\/\/paperwise.eu\/es\/wp-json\/wp\/v2\/media\/6345"}],"wp:attachment":[{"href":"https:\/\/paperwise.eu\/es\/wp-json\/wp\/v2\/media?parent=14416"}],"wp:term":[{"taxonomy":"product_brand","embeddable":true,"href":"https:\/\/paperwise.eu\/es\/wp-json\/wp\/v2\/product_brand?post=14416"},{"taxonomy":"product_cat","embeddable":true,"href":"https:\/\/paperwise.eu\/es\/wp-json\/wp\/v2\/product_cat?post=14416"},{"taxonomy":"product_tag","embeddable":true,"href":"https:\/\/paperwise.eu\/es\/wp-json\/wp\/v2\/product_tag?post=14416"}],"curies":[{"name":"wp","href":"https:\/\/api.w.org\/{rel}","templated":true}]}}