{"id":14401,"date":"2026-03-10T20:44:44","date_gmt":"2026-03-10T19:44:44","guid":{"rendered":"https:\/\/paperwise.eu\/product\/bloc-de-notas-paperwise-a5-tapa-marron-claro-con-papel-rayado-marron-claro-70-g-m%c2%b2-50-hojas-1-bloc-de-notas\/"},"modified":"2026-03-10T20:44:44","modified_gmt":"2026-03-10T19:44:44","slug":"bloc-de-notas-paperwise-a5-tapa-marron-claro-con-papel-rayado-marron-claro-70-g-m%c2%b2-50-hojas-1-bloc-de-notas","status":"publish","type":"product","link":"https:\/\/paperwise.eu\/es\/producto\/bloc-de-notas-paperwise-a5-tapa-marron-claro-con-papel-rayado-marron-claro-70-g-m%c2%b2-50-hojas-1-bloc-de-notas\/","title":{"rendered":"&#8211; Bloc de notas PaperWise A5 tapa marr\u00f3n claro con papel rayado marr\u00f3n claro 70 g\/m\u00b2 50 hojas 1 bloc de notas"},"content":{"rendered":"<p>Los blocs de escritura forrados PaperWise Natural est\u00e1n fabricados con papel PaperWise neutro en emisiones de CO2, procedente de residuos agr\u00edcolas. PaperWise Natural es papel sin blanquear, sin \u00e1rboles, procedente de residuos agr\u00edcolas, y es excelente para reciclar a trav\u00e9s del flujo normal de papel usado. Los blocs de escritura tienen un impacto medioambiental muy bajo. Los blocs de escritura PaperWise est\u00e1n encolados por la cabeza y llevan una hoja de cubierta PaperWise. El interior PaperWise est\u00e1 forrado y, al igual que la cubierta, est\u00e1 hecho de papel PaperWise Natural marr\u00f3n claro sin blanquear. El dise\u00f1o Paperwise del anverso y el interior deja claro de inmediato que se trata de un bloc de escritura muy sostenible y ecol\u00f3gico.     <\/p>\n","protected":false},"excerpt":{"rendered":"<p>Los blocs de escritura forrados PaperWise Natural est\u00e1n fabricados con papel PaperWise neutro en emisiones de CO2, procedente de residuos agr\u00edcolas. PaperWise Natural es papel sin blanquear, sin \u00e1rboles, procedente de residuos agr\u00edcolas, y es excelente para reciclar a trav\u00e9s del flujo normal de papel usado. Los blocs de escritura tienen un impacto medioambiental muy [&hellip;]<\/p>\n","protected":false},"featured_media":6446,"template":"","meta":{"_acf_changed":false},"product_brand":[],"product_cat":[300,299],"product_tag":[],"class_list":{"0":"post-14401","1":"product","2":"type-product","3":"status-publish","4":"has-post-thumbnail","6":"product_cat-blocs-de-notas","7":"product_cat-productos-finales","8":"product_shipping_class-eindproducten","10":"first","11":"outofstock","12":"taxable","13":"shipping-taxable","14":"purchasable","15":"product-type-simple"},"acf":[],"yoast_head":"<!-- This site is optimized with the Yoast SEO plugin v27.2 - https:\/\/yoast.com\/product\/yoast-seo-wordpress\/ -->\n<title>- Bloc de notas PaperWise A5 tapa marr\u00f3n claro con papel rayado marr\u00f3n claro 70 g\/m\u00b2 50 hojas 1 bloc de notas - Paperwise<\/title>\n<meta name=\"robots\" content=\"index, follow, max-snippet:-1, max-image-preview:large, max-video-preview:-1\" \/>\n<link rel=\"canonical\" href=\"https:\/\/paperwise.eu\/es\/producto\/bloc-de-notas-paperwise-a5-tapa-marron-claro-con-papel-rayado-marron-claro-70-g-m%c2%b2-50-hojas-1-bloc-de-notas\/\" \/>\n<meta property=\"og:locale\" content=\"es_ES\" \/>\n<meta property=\"og:type\" content=\"article\" \/>\n<meta property=\"og:title\" content=\"- Bloc de notas PaperWise A5 tapa marr\u00f3n claro con papel rayado marr\u00f3n claro 70 g\/m\u00b2 50 hojas 1 bloc de notas - Paperwise\" \/>\n<meta property=\"og:description\" content=\"Los blocs de escritura forrados PaperWise Natural est\u00e1n fabricados con papel PaperWise neutro en emisiones de CO2, procedente de residuos agr\u00edcolas. PaperWise Natural es papel sin blanquear, sin \u00e1rboles, procedente de residuos agr\u00edcolas, y es excelente para reciclar a trav\u00e9s del flujo normal de papel usado. Los blocs de escritura tienen un impacto medioambiental muy [&hellip;]\" \/>\n<meta property=\"og:url\" content=\"https:\/\/paperwise.eu\/es\/producto\/bloc-de-notas-paperwise-a5-tapa-marron-claro-con-papel-rayado-marron-claro-70-g-m%c2%b2-50-hojas-1-bloc-de-notas\/\" \/>\n<meta property=\"og:site_name\" content=\"Paperwise\" \/>\n<meta property=\"og:image\" content=\"https:\/\/paperwise.eu\/wp-content\/uploads\/2026\/02\/PaperWise-note-book-A5-natural-natural.jpg\" \/>\n\t<meta property=\"og:image:width\" content=\"2560\" \/>\n\t<meta property=\"og:image:height\" content=\"1707\" \/>\n\t<meta property=\"og:image:type\" content=\"image\/jpeg\" \/>\n<meta name=\"twitter:card\" content=\"summary_large_image\" \/>\n<meta name=\"twitter:label1\" content=\"Tiempo de lectura\" \/>\n\t<meta name=\"twitter:data1\" content=\"1 minuto\" \/>\n<script type=\"application\/ld+json\" class=\"yoast-schema-graph\">{\"@context\":\"https:\/\/schema.org\",\"@graph\":[{\"@type\":\"WebPage\",\"@id\":\"https:\/\/paperwise.eu\/es\/producto\/bloc-de-notas-paperwise-a5-tapa-marron-claro-con-papel-rayado-marron-claro-70-g-m%c2%b2-50-hojas-1-bloc-de-notas\/\",\"url\":\"https:\/\/paperwise.eu\/es\/producto\/bloc-de-notas-paperwise-a5-tapa-marron-claro-con-papel-rayado-marron-claro-70-g-m%c2%b2-50-hojas-1-bloc-de-notas\/\",\"name\":\"- Bloc de notas PaperWise A5 tapa marr\u00f3n claro con papel rayado marr\u00f3n claro 70 g\/m\u00b2 50 hojas 1 bloc de notas - Paperwise\",\"isPartOf\":{\"@id\":\"https:\/\/paperwise.eu\/es\/#website\"},\"primaryImageOfPage\":{\"@id\":\"https:\/\/paperwise.eu\/es\/producto\/bloc-de-notas-paperwise-a5-tapa-marron-claro-con-papel-rayado-marron-claro-70-g-m%c2%b2-50-hojas-1-bloc-de-notas\/#primaryimage\"},\"image\":{\"@id\":\"https:\/\/paperwise.eu\/es\/producto\/bloc-de-notas-paperwise-a5-tapa-marron-claro-con-papel-rayado-marron-claro-70-g-m%c2%b2-50-hojas-1-bloc-de-notas\/#primaryimage\"},\"thumbnailUrl\":\"https:\/\/paperwise.eu\/wp-content\/uploads\/2026\/02\/PaperWise-note-book-A5-natural-natural.jpg\",\"datePublished\":\"2026-03-10T19:44:44+00:00\",\"breadcrumb\":{\"@id\":\"https:\/\/paperwise.eu\/es\/producto\/bloc-de-notas-paperwise-a5-tapa-marron-claro-con-papel-rayado-marron-claro-70-g-m%c2%b2-50-hojas-1-bloc-de-notas\/#breadcrumb\"},\"inLanguage\":\"es\",\"potentialAction\":[{\"@type\":\"ReadAction\",\"target\":[\"https:\/\/paperwise.eu\/es\/producto\/bloc-de-notas-paperwise-a5-tapa-marron-claro-con-papel-rayado-marron-claro-70-g-m%c2%b2-50-hojas-1-bloc-de-notas\/\"]}]},{\"@type\":\"ImageObject\",\"inLanguage\":\"es\",\"@id\":\"https:\/\/paperwise.eu\/es\/producto\/bloc-de-notas-paperwise-a5-tapa-marron-claro-con-papel-rayado-marron-claro-70-g-m%c2%b2-50-hojas-1-bloc-de-notas\/#primaryimage\",\"url\":\"https:\/\/paperwise.eu\/wp-content\/uploads\/2026\/02\/PaperWise-note-book-A5-natural-natural.jpg\",\"contentUrl\":\"https:\/\/paperwise.eu\/wp-content\/uploads\/2026\/02\/PaperWise-note-book-A5-natural-natural.jpg\",\"width\":2560,\"height\":1707},{\"@type\":\"BreadcrumbList\",\"@id\":\"https:\/\/paperwise.eu\/es\/producto\/bloc-de-notas-paperwise-a5-tapa-marron-claro-con-papel-rayado-marron-claro-70-g-m%c2%b2-50-hojas-1-bloc-de-notas\/#breadcrumb\",\"itemListElement\":[{\"@type\":\"ListItem\",\"position\":1,\"name\":\"Inicio\",\"item\":\"https:\/\/paperwise.eu\/es\/\"},{\"@type\":\"ListItem\",\"position\":2,\"name\":\"Tienda virtual\",\"item\":\"https:\/\/paperwise.eu\/es\/tienda-virtual\/\"},{\"@type\":\"ListItem\",\"position\":3,\"name\":\"&#8211; Bloc de notas PaperWise A5 tapa marr\u00f3n claro con papel rayado marr\u00f3n claro 70 g\/m\u00b2 50 hojas 1 bloc de notas\"}]},{\"@type\":\"WebSite\",\"@id\":\"https:\/\/paperwise.eu\/es\/#website\",\"url\":\"https:\/\/paperwise.eu\/es\/\",\"name\":\"Paperwise\",\"description\":\"\",\"potentialAction\":[{\"@type\":\"SearchAction\",\"target\":{\"@type\":\"EntryPoint\",\"urlTemplate\":\"https:\/\/paperwise.eu\/es\/?s={search_term_string}\"},\"query-input\":{\"@type\":\"PropertyValueSpecification\",\"valueRequired\":true,\"valueName\":\"search_term_string\"}}],\"inLanguage\":\"es\"}]}<\/script>\n<!-- \/ Yoast SEO plugin. -->","yoast_head_json":{"title":"- Bloc de notas PaperWise A5 tapa marr\u00f3n claro con papel rayado marr\u00f3n claro 70 g\/m\u00b2 50 hojas 1 bloc de notas - Paperwise","robots":{"index":"index","follow":"follow","max-snippet":"max-snippet:-1","max-image-preview":"max-image-preview:large","max-video-preview":"max-video-preview:-1"},"canonical":"https:\/\/paperwise.eu\/es\/producto\/bloc-de-notas-paperwise-a5-tapa-marron-claro-con-papel-rayado-marron-claro-70-g-m%c2%b2-50-hojas-1-bloc-de-notas\/","og_locale":"es_ES","og_type":"article","og_title":"- Bloc de notas PaperWise A5 tapa marr\u00f3n claro con papel rayado marr\u00f3n claro 70 g\/m\u00b2 50 hojas 1 bloc de notas - Paperwise","og_description":"Los blocs de escritura forrados PaperWise Natural est\u00e1n fabricados con papel PaperWise neutro en emisiones de CO2, procedente de residuos agr\u00edcolas. PaperWise Natural es papel sin blanquear, sin \u00e1rboles, procedente de residuos agr\u00edcolas, y es excelente para reciclar a trav\u00e9s del flujo normal de papel usado. Los blocs de escritura tienen un impacto medioambiental muy [&hellip;]","og_url":"https:\/\/paperwise.eu\/es\/producto\/bloc-de-notas-paperwise-a5-tapa-marron-claro-con-papel-rayado-marron-claro-70-g-m%c2%b2-50-hojas-1-bloc-de-notas\/","og_site_name":"Paperwise","og_image":[{"width":2560,"height":1707,"url":"https:\/\/paperwise.eu\/wp-content\/uploads\/2026\/02\/PaperWise-note-book-A5-natural-natural.jpg","type":"image\/jpeg"}],"twitter_card":"summary_large_image","twitter_misc":{"Tiempo de lectura":"1 minuto"},"schema":{"@context":"https:\/\/schema.org","@graph":[{"@type":"WebPage","@id":"https:\/\/paperwise.eu\/es\/producto\/bloc-de-notas-paperwise-a5-tapa-marron-claro-con-papel-rayado-marron-claro-70-g-m%c2%b2-50-hojas-1-bloc-de-notas\/","url":"https:\/\/paperwise.eu\/es\/producto\/bloc-de-notas-paperwise-a5-tapa-marron-claro-con-papel-rayado-marron-claro-70-g-m%c2%b2-50-hojas-1-bloc-de-notas\/","name":"- Bloc de notas PaperWise A5 tapa marr\u00f3n claro con papel rayado marr\u00f3n claro 70 g\/m\u00b2 50 hojas 1 bloc de notas - Paperwise","isPartOf":{"@id":"https:\/\/paperwise.eu\/es\/#website"},"primaryImageOfPage":{"@id":"https:\/\/paperwise.eu\/es\/producto\/bloc-de-notas-paperwise-a5-tapa-marron-claro-con-papel-rayado-marron-claro-70-g-m%c2%b2-50-hojas-1-bloc-de-notas\/#primaryimage"},"image":{"@id":"https:\/\/paperwise.eu\/es\/producto\/bloc-de-notas-paperwise-a5-tapa-marron-claro-con-papel-rayado-marron-claro-70-g-m%c2%b2-50-hojas-1-bloc-de-notas\/#primaryimage"},"thumbnailUrl":"https:\/\/paperwise.eu\/wp-content\/uploads\/2026\/02\/PaperWise-note-book-A5-natural-natural.jpg","datePublished":"2026-03-10T19:44:44+00:00","breadcrumb":{"@id":"https:\/\/paperwise.eu\/es\/producto\/bloc-de-notas-paperwise-a5-tapa-marron-claro-con-papel-rayado-marron-claro-70-g-m%c2%b2-50-hojas-1-bloc-de-notas\/#breadcrumb"},"inLanguage":"es","potentialAction":[{"@type":"ReadAction","target":["https:\/\/paperwise.eu\/es\/producto\/bloc-de-notas-paperwise-a5-tapa-marron-claro-con-papel-rayado-marron-claro-70-g-m%c2%b2-50-hojas-1-bloc-de-notas\/"]}]},{"@type":"ImageObject","inLanguage":"es","@id":"https:\/\/paperwise.eu\/es\/producto\/bloc-de-notas-paperwise-a5-tapa-marron-claro-con-papel-rayado-marron-claro-70-g-m%c2%b2-50-hojas-1-bloc-de-notas\/#primaryimage","url":"https:\/\/paperwise.eu\/wp-content\/uploads\/2026\/02\/PaperWise-note-book-A5-natural-natural.jpg","contentUrl":"https:\/\/paperwise.eu\/wp-content\/uploads\/2026\/02\/PaperWise-note-book-A5-natural-natural.jpg","width":2560,"height":1707},{"@type":"BreadcrumbList","@id":"https:\/\/paperwise.eu\/es\/producto\/bloc-de-notas-paperwise-a5-tapa-marron-claro-con-papel-rayado-marron-claro-70-g-m%c2%b2-50-hojas-1-bloc-de-notas\/#breadcrumb","itemListElement":[{"@type":"ListItem","position":1,"name":"Inicio","item":"https:\/\/paperwise.eu\/es\/"},{"@type":"ListItem","position":2,"name":"Tienda virtual","item":"https:\/\/paperwise.eu\/es\/tienda-virtual\/"},{"@type":"ListItem","position":3,"name":"&#8211; Bloc de notas PaperWise A5 tapa marr\u00f3n claro con papel rayado marr\u00f3n claro 70 g\/m\u00b2 50 hojas 1 bloc de notas"}]},{"@type":"WebSite","@id":"https:\/\/paperwise.eu\/es\/#website","url":"https:\/\/paperwise.eu\/es\/","name":"Paperwise","description":"","potentialAction":[{"@type":"SearchAction","target":{"@type":"EntryPoint","urlTemplate":"https:\/\/paperwise.eu\/es\/?s={search_term_string}"},"query-input":{"@type":"PropertyValueSpecification","valueRequired":true,"valueName":"search_term_string"}}],"inLanguage":"es"}]}},"_links":{"self":[{"href":"https:\/\/paperwise.eu\/es\/wp-json\/wp\/v2\/product\/14401","targetHints":{"allow":["GET"]}}],"collection":[{"href":"https:\/\/paperwise.eu\/es\/wp-json\/wp\/v2\/product"}],"about":[{"href":"https:\/\/paperwise.eu\/es\/wp-json\/wp\/v2\/types\/product"}],"wp:featuredmedia":[{"embeddable":true,"href":"https:\/\/paperwise.eu\/es\/wp-json\/wp\/v2\/media\/6446"}],"wp:attachment":[{"href":"https:\/\/paperwise.eu\/es\/wp-json\/wp\/v2\/media?parent=14401"}],"wp:term":[{"taxonomy":"product_brand","embeddable":true,"href":"https:\/\/paperwise.eu\/es\/wp-json\/wp\/v2\/product_brand?post=14401"},{"taxonomy":"product_cat","embeddable":true,"href":"https:\/\/paperwise.eu\/es\/wp-json\/wp\/v2\/product_cat?post=14401"},{"taxonomy":"product_tag","embeddable":true,"href":"https:\/\/paperwise.eu\/es\/wp-json\/wp\/v2\/product_tag?post=14401"}],"curies":[{"name":"wp","href":"https:\/\/api.w.org\/{rel}","templated":true}]}}