{"id":12300,"date":"2025-11-19T11:09:43","date_gmt":"2025-11-19T10:09:43","guid":{"rendered":"https:\/\/paperwise.eu\/aplicaciones\/"},"modified":"2026-04-09T06:48:16","modified_gmt":"2026-04-09T04:48:16","slug":"aplicaciones","status":"publish","type":"page","link":"https:\/\/paperwise.eu\/es\/aplicaciones\/","title":{"rendered":"Aplicaciones"},"content":{"rendered":"\n<section class=\"section-three-cards section-three-cards\" >\n    <div class=\"container pt-5 pb-5\">\n                    <div class=\"section-header\">\n                <h2 class=\"section-title\">\n                                            <span class=\"title-line-1\">Del papel<\/span>\n                                                                <span class=\"title-line-2\">al producto<\/span>\n                                    <\/h2>\n\n                                    <p class=\"section-description\">PaperWise se utiliza como papel y cart\u00f3n sostenible para embalajes, impresiones y copias. Para todos los que quieren contribuir a un mundo mejor. <\/p>\n                            <\/div>\n        \n        <div class=\"row g-4\">\n                            <div class=\"col-12 col-md-6 col-lg-4\">\n                    <div class=\"card-item\">\n                                                    <div class=\"card-image\">\n                                <img decoding=\"async\" src=\"https:\/\/paperwise.eu\/wp-content\/uploads\/2025\/11\/Rectangle-37.png\"\n                                    alt=\"Envases\"\n                                    loading=\"lazy\">\n                            <\/div>\n                        \n                        <div class=\"card-content\">\n                            <h3 class=\"card-title\">Envases<\/h3>\n\n                                                            <p class=\"card-description\">PaperWise es el papel m\u00e1s sostenible para envases alimentarios y no alimentarios, con una gama de 30 a 350 g.<\/p>\n                            \n                            <div class=\"card-cta\">\n                                <a href=\"https:\/\/paperwise.eu\/es\/aplicaciones-embalaje\/\"\n                                    target=\"\"\n                                    class=\"btn-primary-paperwise\">\n                                    <span>Ver embalaje<\/span>\n                                    <svg width=\"14\" height=\"12\" viewBox=\"0 0 14 12\" fill=\"none\" xmlns=\"http:\/\/www.w3.org\/2000\/svg\">\n                                        <path d=\"M13.5303 6.53033C13.8232 6.23744 13.8232 5.76256 13.5303 5.46967L8.75736 0.696699C8.46447 0.403806 7.98959 0.403806 7.6967 0.696699C7.40381 0.989593 7.40381 1.46447 7.6967 1.75736L11.9393 6L7.6967 10.2426C7.40381 10.5355 7.40381 11.0104 7.6967 11.3033C7.98959 11.5962 8.46447 11.5962 8.75736 11.3033L13.5303 6.53033ZM0 6.75H13V5.25H0V6.75Z\" fill=\"currentColor\" \/>\n                                    <\/svg>\n                                <\/a>\n                            <\/div>\n                        <\/div>\n                    <\/div>\n                <\/div>\n                            <div class=\"col-12 col-md-6 col-lg-4\">\n                    <div class=\"card-item\">\n                                                    <div class=\"card-image\">\n                                <img decoding=\"async\" src=\"https:\/\/paperwise.eu\/wp-content\/uploads\/2025\/11\/Rectangle-42.png\"\n                                    alt=\"Imprimir\"\n                                    loading=\"lazy\">\n                            <\/div>\n                        \n                        <div class=\"card-content\">\n                            <h3 class=\"card-title\">Imprimir<\/h3>\n\n                                                            <p class=\"card-description\">Desde tarjetas hasta folletos y libros: elija papel con un menor impacto ambiental. Adi\u00f3s \u00e1rboles, \u00a1hola restos vegetales!<\/p>\n                            \n                            <div class=\"card-cta\">\n                                <a href=\"https:\/\/paperwise.eu\/es\/aplicaciones-de-impresion\/\"\n                                    target=\"\"\n                                    class=\"btn-primary-paperwise\">\n                                    <span>Ver impresi\u00f3n<\/span>\n                                    <svg width=\"14\" height=\"12\" viewBox=\"0 0 14 12\" fill=\"none\" xmlns=\"http:\/\/www.w3.org\/2000\/svg\">\n                                        <path d=\"M13.5303 6.53033C13.8232 6.23744 13.8232 5.76256 13.5303 5.46967L8.75736 0.696699C8.46447 0.403806 7.98959 0.403806 7.6967 0.696699C7.40381 0.989593 7.40381 1.46447 7.6967 1.75736L11.9393 6L7.6967 10.2426C7.40381 10.5355 7.40381 11.0104 7.6967 11.3033C7.98959 11.5962 8.46447 11.5962 8.75736 11.3033L13.5303 6.53033ZM0 6.75H13V5.25H0V6.75Z\" fill=\"currentColor\" \/>\n                                    <\/svg>\n                                <\/a>\n                            <\/div>\n                        <\/div>\n                    <\/div>\n                <\/div>\n                            <div class=\"col-12 col-md-6 col-lg-4\">\n                    <div class=\"card-item\">\n                                                    <div class=\"card-image\">\n                                <img decoding=\"async\" src=\"https:\/\/paperwise.eu\/wp-content\/uploads\/2025\/11\/Rectangle-45.png\"\n                                    alt=\"Papel de copia\"\n                                    loading=\"lazy\">\n                            <\/div>\n                        \n                        <div class=\"card-content\">\n                            <h3 class=\"card-title\">Papel de copia<\/h3>\n\n                                                            <p class=\"card-description\">Papel de impresi\u00f3n duradero, tama\u00f1o A4 y A3. En blanco y tono natural. Disponible directamente en stock. Realice su pedido de forma f\u00e1cil y r\u00e1pida.<\/p>\n                            \n                            <div class=\"card-cta\">\n                                <a href=\"https:\/\/paperwise.eu\/es\/aplicaciones-papel-de-copia\/\"\n                                    target=\"\"\n                                    class=\"btn-primary-paperwise\">\n                                    <span>Ver papel de copia<\/span>\n                                    <svg width=\"14\" height=\"12\" viewBox=\"0 0 14 12\" fill=\"none\" xmlns=\"http:\/\/www.w3.org\/2000\/svg\">\n                                        <path d=\"M13.5303 6.53033C13.8232 6.23744 13.8232 5.76256 13.5303 5.46967L8.75736 0.696699C8.46447 0.403806 7.98959 0.403806 7.6967 0.696699C7.40381 0.989593 7.40381 1.46447 7.6967 1.75736L11.9393 6L7.6967 10.2426C7.40381 10.5355 7.40381 11.0104 7.6967 11.3033C7.98959 11.5962 8.46447 11.5962 8.75736 11.3033L13.5303 6.53033ZM0 6.75H13V5.25H0V6.75Z\" fill=\"currentColor\" \/>\n                                    <\/svg>\n                                <\/a>\n                            <\/div>\n                        <\/div>\n                    <\/div>\n                <\/div>\n                    <\/div>\n    <\/div>\n<\/section>","protected":false},"excerpt":{"rendered":"","protected":false},"author":1,"featured_media":0,"parent":0,"menu_order":0,"comment_status":"closed","ping_status":"closed","template":"","meta":{"_acf_changed":false,"footnotes":""},"class_list":["post-12300","page","type-page","status-publish","hentry"],"acf":[],"yoast_head":"<!-- This site is optimized with the Yoast SEO plugin v27.2 - https:\/\/yoast.com\/product\/yoast-seo-wordpress\/ -->\n<title>Aplicaciones - Paperwise<\/title>\n<meta name=\"robots\" content=\"index, follow, max-snippet:-1, max-image-preview:large, max-video-preview:-1\" \/>\n<link rel=\"canonical\" href=\"https:\/\/paperwise.eu\/es\/aplicaciones\/\" \/>\n<meta property=\"og:locale\" content=\"es_ES\" \/>\n<meta property=\"og:type\" content=\"article\" \/>\n<meta property=\"og:title\" content=\"Aplicaciones - Paperwise\" \/>\n<meta property=\"og:url\" content=\"https:\/\/paperwise.eu\/es\/aplicaciones\/\" \/>\n<meta property=\"og:site_name\" content=\"Paperwise\" \/>\n<meta property=\"article:modified_time\" content=\"2026-04-09T04:48:16+00:00\" \/>\n<meta name=\"twitter:card\" content=\"summary_large_image\" \/>\n<script type=\"application\/ld+json\" class=\"yoast-schema-graph\">{\"@context\":\"https:\/\/schema.org\",\"@graph\":[{\"@type\":\"WebPage\",\"@id\":\"https:\/\/paperwise.eu\/es\/aplicaciones\/\",\"url\":\"https:\/\/paperwise.eu\/es\/aplicaciones\/\",\"name\":\"Aplicaciones - Paperwise\",\"isPartOf\":{\"@id\":\"https:\/\/paperwise.eu\/es\/#website\"},\"datePublished\":\"2025-11-19T10:09:43+00:00\",\"dateModified\":\"2026-04-09T04:48:16+00:00\",\"breadcrumb\":{\"@id\":\"https:\/\/paperwise.eu\/es\/aplicaciones\/#breadcrumb\"},\"inLanguage\":\"es\",\"potentialAction\":[{\"@type\":\"ReadAction\",\"target\":[\"https:\/\/paperwise.eu\/es\/aplicaciones\/\"]}]},{\"@type\":\"BreadcrumbList\",\"@id\":\"https:\/\/paperwise.eu\/es\/aplicaciones\/#breadcrumb\",\"itemListElement\":[{\"@type\":\"ListItem\",\"position\":1,\"name\":\"Inicio\",\"item\":\"https:\/\/paperwise.eu\/es\/\"},{\"@type\":\"ListItem\",\"position\":2,\"name\":\"Aplicaciones\"}]},{\"@type\":\"WebSite\",\"@id\":\"https:\/\/paperwise.eu\/es\/#website\",\"url\":\"https:\/\/paperwise.eu\/es\/\",\"name\":\"Paperwise\",\"description\":\"\",\"potentialAction\":[{\"@type\":\"SearchAction\",\"target\":{\"@type\":\"EntryPoint\",\"urlTemplate\":\"https:\/\/paperwise.eu\/es\/?s={search_term_string}\"},\"query-input\":{\"@type\":\"PropertyValueSpecification\",\"valueRequired\":true,\"valueName\":\"search_term_string\"}}],\"inLanguage\":\"es\"}]}<\/script>\n<!-- \/ Yoast SEO plugin. -->","yoast_head_json":{"title":"Aplicaciones - Paperwise","robots":{"index":"index","follow":"follow","max-snippet":"max-snippet:-1","max-image-preview":"max-image-preview:large","max-video-preview":"max-video-preview:-1"},"canonical":"https:\/\/paperwise.eu\/es\/aplicaciones\/","og_locale":"es_ES","og_type":"article","og_title":"Aplicaciones - Paperwise","og_url":"https:\/\/paperwise.eu\/es\/aplicaciones\/","og_site_name":"Paperwise","article_modified_time":"2026-04-09T04:48:16+00:00","twitter_card":"summary_large_image","schema":{"@context":"https:\/\/schema.org","@graph":[{"@type":"WebPage","@id":"https:\/\/paperwise.eu\/es\/aplicaciones\/","url":"https:\/\/paperwise.eu\/es\/aplicaciones\/","name":"Aplicaciones - Paperwise","isPartOf":{"@id":"https:\/\/paperwise.eu\/es\/#website"},"datePublished":"2025-11-19T10:09:43+00:00","dateModified":"2026-04-09T04:48:16+00:00","breadcrumb":{"@id":"https:\/\/paperwise.eu\/es\/aplicaciones\/#breadcrumb"},"inLanguage":"es","potentialAction":[{"@type":"ReadAction","target":["https:\/\/paperwise.eu\/es\/aplicaciones\/"]}]},{"@type":"BreadcrumbList","@id":"https:\/\/paperwise.eu\/es\/aplicaciones\/#breadcrumb","itemListElement":[{"@type":"ListItem","position":1,"name":"Inicio","item":"https:\/\/paperwise.eu\/es\/"},{"@type":"ListItem","position":2,"name":"Aplicaciones"}]},{"@type":"WebSite","@id":"https:\/\/paperwise.eu\/es\/#website","url":"https:\/\/paperwise.eu\/es\/","name":"Paperwise","description":"","potentialAction":[{"@type":"SearchAction","target":{"@type":"EntryPoint","urlTemplate":"https:\/\/paperwise.eu\/es\/?s={search_term_string}"},"query-input":{"@type":"PropertyValueSpecification","valueRequired":true,"valueName":"search_term_string"}}],"inLanguage":"es"}]}},"_links":{"self":[{"href":"https:\/\/paperwise.eu\/es\/wp-json\/wp\/v2\/pages\/12300","targetHints":{"allow":["GET"]}}],"collection":[{"href":"https:\/\/paperwise.eu\/es\/wp-json\/wp\/v2\/pages"}],"about":[{"href":"https:\/\/paperwise.eu\/es\/wp-json\/wp\/v2\/types\/page"}],"author":[{"embeddable":true,"href":"https:\/\/paperwise.eu\/es\/wp-json\/wp\/v2\/users\/1"}],"replies":[{"embeddable":true,"href":"https:\/\/paperwise.eu\/es\/wp-json\/wp\/v2\/comments?post=12300"}],"version-history":[{"count":1,"href":"https:\/\/paperwise.eu\/es\/wp-json\/wp\/v2\/pages\/12300\/revisions"}],"predecessor-version":[{"id":12313,"href":"https:\/\/paperwise.eu\/es\/wp-json\/wp\/v2\/pages\/12300\/revisions\/12313"}],"wp:attachment":[{"href":"https:\/\/paperwise.eu\/es\/wp-json\/wp\/v2\/media?parent=12300"}],"curies":[{"name":"wp","href":"https:\/\/api.w.org\/{rel}","templated":true}]}}