{"id":12298,"date":"2025-12-25T07:37:38","date_gmt":"2025-12-25T06:37:38","guid":{"rendered":"https:\/\/paperwise.eu\/donaciones\/"},"modified":"2026-04-09T06:48:16","modified_gmt":"2026-04-09T04:48:16","slug":"donaciones","status":"publish","type":"page","link":"https:\/\/paperwise.eu\/es\/donaciones\/","title":{"rendered":"Donaciones"},"content":{"rendered":"\n<section class=\"section-hero-paperwise text-color-light\" >\n    <div class=\"hero-background \" style=\"background-image: url('https:\/\/paperwise.eu\/wp-content\/uploads\/2025\/12\/PaperWise-donaties.jpg');\">\n\n        \n        <div class=\"container-fluid h-100 pt-4 pb-4\">\n            <div class=\"row h-100\">\n                <div class=\"col-12 d-flex align-items-end\">\n                    <div class=\"hero-content\">\n                        \n                        \n                                            <\/div>\n                <\/div>\n            <\/div>\n        <\/div>\n    <\/div>\n<\/section>\n<script src=\"https:\/\/www.youtube.com\/iframe_api\"><\/script>\n<script src=\"https:\/\/player.vimeo.com\/api\/player.js\"><\/script>\n<script>\ndocument.addEventListener('DOMContentLoaded', function() {\n    \/\/ Vimeo can run immediately since the SDK loads synchronously enough\n    const heroVideos = document.querySelectorAll('.hero-video-wrapper iframe');\n    heroVideos.forEach(iframe => {\n        if (iframe.src.includes('vimeo.com')) {\n            const player = new Vimeo.Player(iframe);\n            player.getDuration().then(duration => {\n                player.on('timeupdate', data => {\n                    if (data.seconds >= duration - 1) {\n                        player.setCurrentTime(0).then(() => player.play());\n                    }\n                });\n            });\n        }\n    });\n\n    \/\/ Collect YouTube iframes to initialize once the API is ready\n    window._ytHeroIframes = document.querySelectorAll('.hero-video-wrapper iframe[src*=\"youtube.com\"]');\n});\n\n\/\/ This is called automatically by the YouTube API once it's fully loaded\nwindow.onYouTubeIframeAPIReady = function() {\n    if (!window._ytHeroIframes) return;\n\n    window._ytHeroIframes.forEach(iframe => {\n        const videoId = iframe.src.match(\/embed\\\/([^?&]+)\/)[1];\n        const parent = iframe.parentNode;\n        iframe.remove();\n\n        const ytDiv = document.createElement('div');\n        ytDiv.id = 'yt-hero-' + Math.floor(Math.random() * 10000);\n        ytDiv.classList.add('hero-video');\n        parent.appendChild(ytDiv);\n\n        new YT.Player(ytDiv.id, {\n            videoId: videoId,\n            playerVars: {\n                autoplay: 1,\n                controls: 0,\n                loop: 1,\n                playlist: videoId,\n                mute: 1,\n                modestbranding: 1,\n                disablekb: 1,\n                playsinline: 1\n            },\n            events: {\n                onReady: function(event) {\n                    const duration = event.target.getDuration();\n                    setInterval(() => {\n                        const current = event.target.getCurrentTime();\n                        if (current >= duration - 1) {\n                            event.target.seekTo(0);\n                            event.target.playVideo();\n                        }\n                    }, 800);\n                }\n            }\n        });\n    });\n};\n<\/script>\n<section id=\"section-text-block_29fe47120f1a9df03bdc86c5a93d8636\" class=\"section section-text\">\n    <div class=\"container\">\n        <div class=\"section-text__wrapper text-align-left\">\n\n                            <h2 class=\"section-text__heading\">\n                    LA DONACI\u00d3N DE PAPERWISE CONTRIBUYE AL IMPACTO SOSTENIBLE                <\/h2>\n            \n                            <div class=\"section-text__content\">\n                    <p>\u00bfY si la comida sana, el agua potable, unos ingresos dignos, la educaci\u00f3n y la asistencia m\u00e9dica no son un hecho? PaperWise se produce en f\u00e1bricas de India y Sudam\u00e9rica; regiones en las que, por desgracia, sigue habiendo mucha pobreza. Afortunadamente, est\u00e1 creciendo la conciencia de que las cosas se pueden hacer de otra manera, de que debemos asumir nuestra responsabilidad, creando juntos un futuro sostenible para todos.  <\/p>\n<p>\u00bfQuieres contribuir activamente a ello? Entonces podr\u00edas decidir empezar a comprar productos de empresas sostenibles, como PaperWise, que se gu\u00edan por los Objetivos de Desarrollo Sostenible<a href=\"https:\/\/paperwise.eu\/sdg-leidraad-duurzaamheidsbeleid\/\">(ODS<\/a>). PaperWise est\u00e1 contribuyendo a un mundo mejor y cambiando positivamente la industria papelera. PaperWise se centra en las personas y el medio ambiente, utilizando los ODS como br\u00fajula. Predicando con el ejemplo, PaperWise motiva a la industria papelera, a los pol\u00edticos, a las empresas y a los consumidores para que cambien con ella. Para contribuir juntos a un mundo mejor para todos.     <\/p>\n<h2>POL\u00cdTICA DE DONACIONES<\/h2>\n<p>En l\u00ednea con esta visi\u00f3n, PaperWise ha adoptado una pol\u00edtica de donaciones desde 2022. Cada a\u00f1o, entre el 3% y el 5% del beneficio neto (despu\u00e9s de impuestos) se dona a proyectos en las regiones donde se produce PaperWise. De este modo, PaperWise contribuye a mejorar las condiciones de vida de las comunidades desfavorecidas de estas regiones. Al fin y al cabo, \u00bfno se merece todo el mundo un mundo mejor? Al elegir PaperWise, contribuyes al desarrollo social, ecol\u00f3gico y econ\u00f3mico de estas regiones. Cuantas m\u00e1s empresas y personas elijan PaperWise &gt;, mayor ser\u00e1 la cantidad que se donar\u00e1 &gt; y mayor ser\u00e1 el impacto.     <\/p>\n<h2>DONACI\u00d3N FUNDACI\u00d3N PROPAL<\/h2>\n<p>La cantidad total donada por PaperWise se divide proporcionalmente entre las distintas f\u00e1bricas de papel en las que se produce papel y cart\u00f3n PaperWise. PaperWise consulta a las f\u00e1bricas sobre proyectos de desarrollo en sus regiones. As\u00ed fue como PaperWise entr\u00f3 en contacto con la Fundaci\u00f3n Propal en 2022. Se trata de una fundaci\u00f3n privada y social de Colombia que lleva a cabo programas de desarrollo para mejorar la calidad de vida de las comunidades pobres de las regiones locales. Durante la visita de PaperWise a una f\u00e1brica en Colombia el a\u00f1o pasado, se reunieron el fundador de PaperWise, Peter van Rosmalen (izquierda), y Eduoardo Posada (derecha), Director Ejecutivo de la Fundaci\u00f3n Propal. Y Peter entreg\u00f3 la primera donaci\u00f3n de 5.000 d\u00f3lares a Propal en nombre de PaperWise.     <\/p>\n                <\/div>\n            \n        <\/div>\n    <\/div>\n<\/section>\n\n<div class=\"section-full-width-image-wrapper\">\n    <section class=\"section-full-width-image section-full-width-image height-medium parallax-enabled\" >\n                    <div class=\"image-container\">\n                <img decoding=\"async\" src=\"https:\/\/paperwise.eu\/wp-content\/uploads\/2025\/12\/PaperWise-donaties-propal.jpg\"\n                     alt=\"PaperWise donaties propal\"\n                     class=\"full-width-image\"\n                     loading=\"lazy\">\n            <\/div>\n            <\/section>\n\n    <\/div>\n\n<script>\n(function() {\n    const parallaxSection = document.querySelector('.section-full-width-image.parallax-enabled');\n    if (!parallaxSection) return;\n\n    const parallaxImage = parallaxSection.querySelector('.full-width-image');\n    if (!parallaxImage) return;\n\n    function updateParallax() {\n        const rect = parallaxSection.getBoundingClientRect();\n        const windowHeight = window.innerHeight;\n\n        \/\/ Check if section is in viewport\n        if (rect.bottom > 0 && rect.top < windowHeight) {\n            \/\/ Calculate scroll progress (0 to 1) relative to viewport\n            const scrollProgress = (windowHeight - rect.top) \/ (windowHeight + rect.height);\n\n            \/\/ Move image from -20% to +20% based on scroll progress\n            const movement = (scrollProgress - 0.5) * 40; \/\/ -20 to +20\n\n            parallaxImage.style.transform = `translate3d(0, ${movement}%, 0)`;\n        }\n    }\n\n    \/\/ Throttle scroll event for better performance\n    let ticking = false;\n    window.addEventListener('scroll', function() {\n        if (!ticking) {\n            window.requestAnimationFrame(function() {\n                updateParallax();\n                ticking = false;\n            });\n            ticking = true;\n        }\n    });\n\n    \/\/ Initial call\n    updateParallax();\n})();\n<\/script>\n\n<section id=\"section-text-block_3f9c16ab8fec4fac4f80b3ffd41a3bfe\" class=\"section section-text\">\n    <div class=\"container\">\n        <div class=\"section-text__wrapper text-align-left\">\n\n                            <h2 class=\"section-text__heading\">\n                    PROGRAMAS DE DESARROLLO PROPALS                <\/h2>\n            \n                            <div class=\"section-text__content\">\n                    <p>Llenar un vaso con agua potable del grifo. Mucha fruta fresca y alimentos sanos para los ni\u00f1os peque\u00f1os y las madres embarazadas. Un puesto propio en el mercado, para vender productos fabricados localmente y obtener unos ingresos dignos. Asistencia m\u00e9dica gratuita en el centro m\u00e9dico creado por Propal. Todos ejemplos concretos de instalaciones que, desde su creaci\u00f3n hace 30 a\u00f1os, ha realizado la Fundaci\u00f3n Propal.    <\/p>\n                <\/div>\n            \n        <\/div>\n    <\/div>\n<\/section>\n\n<div class=\"section-full-width-image-wrapper\">\n    <section class=\"section-full-width-image section-full-width section-full-width-image height-medium parallax-enabled\" >\n                    <div class=\"image-container\">\n                <img decoding=\"async\" src=\"https:\/\/paperwise.eu\/wp-content\/uploads\/2025\/12\/Propal-programma.jpg\"\n                     alt=\"Propal programma\"\n                     class=\"full-width-image\"\n                     loading=\"lazy\">\n            <\/div>\n            <\/section>\n\n    <\/div>\n\n<script>\n(function() {\n    const parallaxSection = document.querySelector('.section-full-width-image.parallax-enabled');\n    if (!parallaxSection) return;\n\n    const parallaxImage = parallaxSection.querySelector('.full-width-image');\n    if (!parallaxImage) return;\n\n    function updateParallax() {\n        const rect = parallaxSection.getBoundingClientRect();\n        const windowHeight = window.innerHeight;\n\n        \/\/ Check if section is in viewport\n        if (rect.bottom > 0 && rect.top < windowHeight) {\n            \/\/ Calculate scroll progress (0 to 1) relative to viewport\n            const scrollProgress = (windowHeight - rect.top) \/ (windowHeight + rect.height);\n\n            \/\/ Move image from -20% to +20% based on scroll progress\n            const movement = (scrollProgress - 0.5) * 40; \/\/ -20 to +20\n\n            parallaxImage.style.transform = `translate3d(0, ${movement}%, 0)`;\n        }\n    }\n\n    \/\/ Throttle scroll event for better performance\n    let ticking = false;\n    window.addEventListener('scroll', function() {\n        if (!ticking) {\n            window.requestAnimationFrame(function() {\n                updateParallax();\n                ticking = false;\n            });\n            ticking = true;\n        }\n    });\n\n    \/\/ Initial call\n    updateParallax();\n})();\n<\/script>\n\n<section id=\"section-text-block_0d9ea5f83b212a053705fb6e769f37c9\" class=\"section section-text\">\n    <div class=\"container\">\n        <div class=\"section-text__wrapper text-align-left\">\n\n            \n                            <div class=\"section-text__content\">\n                    <p>La Fundaci\u00f3n Propal se centra en cuatro programas de desarrollo social: \u00abSalud\u00bb, \u00abNi\u00f1os peque\u00f1os\u00bb, \u00abGeneraci\u00f3n de ingresos\u00bb y el \u00abPrograma Buenos Vecinos\u00bb. A trav\u00e9s de estos programas, la fundaci\u00f3n contribuye al desarrollo econ\u00f3mico, social y medioambiental de las comunidades locales pr\u00f3ximas a las f\u00e1bricas de papel. Por supuesto, la fundaci\u00f3n no puede hacerlo sola. Propal colabora con el gobierno colombiano, ONG, partidos (inter)nacionales, industrias regionales y universidades para crear el mayor impacto posible. El centro m\u00e9dico, por ejemplo, emplea a m\u00e1s de 50 estudiantes de Medicina de la Universidad de Cali, la 2\u00aa ciudad m\u00e1s grande de Colombia, con 4 millones de habitantes.    <\/p>\n                <\/div>\n            \n        <\/div>\n    <\/div>\n<\/section>\n\n<div class=\"section-full-width-image-wrapper\">\n    <section class=\"section-full-width-image section-full-width-image height-medium parallax-enabled\" >\n                    <div class=\"image-container\">\n                <img decoding=\"async\" src=\"https:\/\/paperwise.eu\/wp-content\/uploads\/2025\/12\/PaperWise-donaties-Colombia.jpg\"\n                     alt=\"PaperWise donaties Colombia\"\n                     class=\"full-width-image\"\n                     loading=\"lazy\">\n            <\/div>\n            <\/section>\n\n    <\/div>\n\n<script>\n(function() {\n    const parallaxSection = document.querySelector('.section-full-width-image.parallax-enabled');\n    if (!parallaxSection) return;\n\n    const parallaxImage = parallaxSection.querySelector('.full-width-image');\n    if (!parallaxImage) return;\n\n    function updateParallax() {\n        const rect = parallaxSection.getBoundingClientRect();\n        const windowHeight = window.innerHeight;\n\n        \/\/ Check if section is in viewport\n        if (rect.bottom > 0 && rect.top < windowHeight) {\n            \/\/ Calculate scroll progress (0 to 1) relative to viewport\n            const scrollProgress = (windowHeight - rect.top) \/ (windowHeight + rect.height);\n\n            \/\/ Move image from -20% to +20% based on scroll progress\n            const movement = (scrollProgress - 0.5) * 40; \/\/ -20 to +20\n\n            parallaxImage.style.transform = `translate3d(0, ${movement}%, 0)`;\n        }\n    }\n\n    \/\/ Throttle scroll event for better performance\n    let ticking = false;\n    window.addEventListener('scroll', function() {\n        if (!ticking) {\n            window.requestAnimationFrame(function() {\n                updateParallax();\n                ticking = false;\n            });\n            ticking = true;\n        }\n    });\n\n    \/\/ Initial call\n    updateParallax();\n})();\n<\/script>\n\n<section id=\"section-text-block_4920a25cd5297bd932c0a3d8a60ecdc5\" class=\"section section-text\">\n    <div class=\"container\">\n        <div class=\"section-text__wrapper text-align-left\">\n\n            \n                            <div class=\"section-text__content\">\n                    <p>La donaci\u00f3n de PaperWise benefici\u00f3 directamente al programa de desarrollo social centrado en la nutrici\u00f3n saludable de ni\u00f1os peque\u00f1os y madres embarazadas. El objetivo de este proyecto: combatir la desnutrici\u00f3n en esta zona asolada por la pobreza, educando al mismo tiempo a la comunidad sobre la importancia de una alimentaci\u00f3n sana en colaboraci\u00f3n con padres y profesores. Una buena nutrici\u00f3n, especialmente en los primeros seis a\u00f1os de vida de un ni\u00f1o, es esencial para un desarrollo cognitivo y f\u00edsico s\u00f3lido. El dinero de PaperWise se ha invertido en el proyecto de nutrici\u00f3n en el que participar\u00e1n unos 500 ni\u00f1os y ni\u00f1as (de 0 a 6 a\u00f1os) y madres embarazadas de la regi\u00f3n del Cauca hasta 2023.   <\/p>\n                <\/div>\n            \n        <\/div>\n    <\/div>\n<\/section>\n\n<div class=\"section-full-width-image-wrapper\">\n    <section class=\"section-full-width-image section-full-width-image height-medium parallax-enabled\" >\n                    <div class=\"image-container\">\n                <img decoding=\"async\" src=\"https:\/\/paperwise.eu\/wp-content\/uploads\/2025\/12\/PaperWise-donaties-kinderen.jpg\"\n                     alt=\"PaperWise donaties kinderen\"\n                     class=\"full-width-image\"\n                     loading=\"lazy\">\n            <\/div>\n            <\/section>\n\n    <\/div>\n\n<script>\n(function() {\n    const parallaxSection = document.querySelector('.section-full-width-image.parallax-enabled');\n    if (!parallaxSection) return;\n\n    const parallaxImage = parallaxSection.querySelector('.full-width-image');\n    if (!parallaxImage) return;\n\n    function updateParallax() {\n        const rect = parallaxSection.getBoundingClientRect();\n        const windowHeight = window.innerHeight;\n\n        \/\/ Check if section is in viewport\n        if (rect.bottom > 0 && rect.top < windowHeight) {\n            \/\/ Calculate scroll progress (0 to 1) relative to viewport\n            const scrollProgress = (windowHeight - rect.top) \/ (windowHeight + rect.height);\n\n            \/\/ Move image from -20% to +20% based on scroll progress\n            const movement = (scrollProgress - 0.5) * 40; \/\/ -20 to +20\n\n            parallaxImage.style.transform = `translate3d(0, ${movement}%, 0)`;\n        }\n    }\n\n    \/\/ Throttle scroll event for better performance\n    let ticking = false;\n    window.addEventListener('scroll', function() {\n        if (!ticking) {\n            window.requestAnimationFrame(function() {\n                updateParallax();\n                ticking = false;\n            });\n            ticking = true;\n        }\n    });\n\n    \/\/ Initial call\n    updateParallax();\n})();\n<\/script>\n\n<section id=\"section-text-block_826c9c0cd7979eb722133a7ee1bda34a\" class=\"section section-text\">\n    <div class=\"container\">\n        <div class=\"section-text__wrapper text-align-left\">\n\n                            <h2 class=\"section-text__heading\">\n                    CONTRIBUIR A UN MUNDO PREPARADO PARA EL FUTURO                <\/h2>\n            \n                            <div class=\"section-text__content\">\n                    <p>Como empresa social, PaperWise es consciente d\u00eda a d\u00eda de su <a href=\"https:\/\/paperwise.eu\/es\/mision\/\">visi\u00f3n<\/a>: contribuir a un mundo preparado para el futuro. Y cada d\u00eda PaperWise estudia c\u00f3mo -dentro de sus activos- puede cumplir mejor esta visi\u00f3n. Al comprometerse con la Fundaci\u00f3n Propal y donar dinero, PaperWise contribuye a varios ODS junto con la fundaci\u00f3n: 1 (no a la pobreza), 2 (no al hambre), 3 (buena salud y bienestar), 4 (educaci\u00f3n), 6 (agua limpia y saneamiento), 8 (trabajo justo y crecimiento econ\u00f3mico), 12 (consumo y producci\u00f3n sostenibles) y 17 (asociaci\u00f3n).  <\/p>\n<p>PaperWise es s\u00f3lo el nexo de uni\u00f3n. Son los clientes de PaperWise quienes eligen que sus impresiones y envases se fabriquen con papel y cart\u00f3n PaperWise. Son estos clientes los que hacen posible las donaciones. Todos los clientes que ya han elegido PaperWise y todos los nuevos clientes que vengan contribuyen. La conexi\u00f3n fortalece y acelera el camino hacia un mundo preparado para el futuro. Juntos, podemos marcar la diferencia.     <\/p>\n                <\/div>\n            \n        <\/div>\n    <\/div>\n<\/section>\n\n<div class=\"section-full-width-image-wrapper\">\n    <section class=\"section-full-width-image section-full-width-image height-extragrande parallax-enabled\" >\n                    <div class=\"image-container\">\n                <img decoding=\"async\" src=\"https:\/\/paperwise.eu\/wp-content\/uploads\/2025\/12\/Donaties.jpg\"\n                     alt=\"\"\n                     class=\"full-width-image\"\n                     loading=\"lazy\">\n            <\/div>\n            <\/section>\n\n    <\/div>\n\n<script>\n(function() {\n    const parallaxSection = document.querySelector('.section-full-width-image.parallax-enabled');\n    if (!parallaxSection) return;\n\n    const parallaxImage = parallaxSection.querySelector('.full-width-image');\n    if (!parallaxImage) return;\n\n    function updateParallax() {\n        const rect = parallaxSection.getBoundingClientRect();\n        const windowHeight = window.innerHeight;\n\n        \/\/ Check if section is in viewport\n        if (rect.bottom > 0 && rect.top < windowHeight) {\n            \/\/ Calculate scroll progress (0 to 1) relative to viewport\n            const scrollProgress = (windowHeight - rect.top) \/ (windowHeight + rect.height);\n\n            \/\/ Move image from -20% to +20% based on scroll progress\n            const movement = (scrollProgress - 0.5) * 40; \/\/ -20 to +20\n\n            parallaxImage.style.transform = `translate3d(0, ${movement}%, 0)`;\n        }\n    }\n\n    \/\/ Throttle scroll event for better performance\n    let ticking = false;\n    window.addEventListener('scroll', function() {\n        if (!ticking) {\n            window.requestAnimationFrame(function() {\n                updateParallax();\n                ticking = false;\n            });\n            ticking = true;\n        }\n    });\n\n    \/\/ Initial call\n    updateParallax();\n})();\n<\/script>\n","protected":false},"excerpt":{"rendered":"","protected":false},"author":2,"featured_media":0,"parent":0,"menu_order":0,"comment_status":"closed","ping_status":"closed","template":"","meta":{"_acf_changed":false,"footnotes":""},"class_list":["post-12298","page","type-page","status-publish","hentry"],"acf":[],"yoast_head":"<!-- This site is optimized with the Yoast SEO plugin v27.5 - https:\/\/yoast.com\/product\/yoast-seo-wordpress\/ -->\n<title>Pol\u00edtica de donaciones: un mundo mejor para todos<\/title>\n<meta name=\"description\" content=\"Pol\u00edtica de donaciones: entre el 3% y el 5% del beneficio neto se dona anualmente a proyectos en las regiones donde se produce PaperWise.\" \/>\n<meta name=\"robots\" content=\"index, follow, max-snippet:-1, max-image-preview:large, max-video-preview:-1\" \/>\n<link rel=\"canonical\" href=\"https:\/\/paperwise.eu\/es\/donaciones\/\" \/>\n<meta property=\"og:locale\" content=\"es_ES\" \/>\n<meta property=\"og:type\" content=\"article\" \/>\n<meta property=\"og:title\" content=\"Pol\u00edtica de donaciones: un mundo mejor para todos\" \/>\n<meta property=\"og:description\" content=\"Pol\u00edtica de donaciones: entre el 3% y el 5% del beneficio neto se dona anualmente a proyectos en las regiones donde se produce PaperWise.\" \/>\n<meta property=\"og:url\" content=\"https:\/\/paperwise.eu\/es\/donaciones\/\" \/>\n<meta property=\"og:site_name\" content=\"Paperwise\" \/>\n<meta property=\"article:modified_time\" content=\"2026-04-09T04:48:16+00:00\" \/>\n<meta name=\"twitter:card\" content=\"summary_large_image\" \/>\n<script type=\"application\/ld+json\" class=\"yoast-schema-graph\">{\"@context\":\"https:\\\/\\\/schema.org\",\"@graph\":[{\"@type\":\"WebPage\",\"@id\":\"https:\\\/\\\/paperwise.eu\\\/es\\\/donaciones\\\/\",\"url\":\"https:\\\/\\\/paperwise.eu\\\/es\\\/donaciones\\\/\",\"name\":\"Pol\u00edtica de donaciones: un mundo mejor para todos\",\"isPartOf\":{\"@id\":\"https:\\\/\\\/paperwise.eu\\\/es\\\/#website\"},\"datePublished\":\"2025-12-25T06:37:38+00:00\",\"dateModified\":\"2026-04-09T04:48:16+00:00\",\"description\":\"Pol\u00edtica de donaciones: entre el 3% y el 5% del beneficio neto se dona anualmente a proyectos en las regiones donde se produce PaperWise.\",\"breadcrumb\":{\"@id\":\"https:\\\/\\\/paperwise.eu\\\/es\\\/donaciones\\\/#breadcrumb\"},\"inLanguage\":\"es\",\"potentialAction\":[{\"@type\":\"ReadAction\",\"target\":[\"https:\\\/\\\/paperwise.eu\\\/es\\\/donaciones\\\/\"]}]},{\"@type\":\"BreadcrumbList\",\"@id\":\"https:\\\/\\\/paperwise.eu\\\/es\\\/donaciones\\\/#breadcrumb\",\"itemListElement\":[{\"@type\":\"ListItem\",\"position\":1,\"name\":\"Inicio\",\"item\":\"https:\\\/\\\/paperwise.eu\\\/es\\\/\"},{\"@type\":\"ListItem\",\"position\":2,\"name\":\"Donaciones\"}]},{\"@type\":\"WebSite\",\"@id\":\"https:\\\/\\\/paperwise.eu\\\/es\\\/#website\",\"url\":\"https:\\\/\\\/paperwise.eu\\\/es\\\/\",\"name\":\"Paperwise\",\"description\":\"\",\"potentialAction\":[{\"@type\":\"SearchAction\",\"target\":{\"@type\":\"EntryPoint\",\"urlTemplate\":\"https:\\\/\\\/paperwise.eu\\\/es\\\/?s={search_term_string}\"},\"query-input\":{\"@type\":\"PropertyValueSpecification\",\"valueRequired\":true,\"valueName\":\"search_term_string\"}}],\"inLanguage\":\"es\"}]}<\/script>\n<!-- \/ Yoast SEO plugin. -->","yoast_head_json":{"title":"Pol\u00edtica de donaciones: un mundo mejor para todos","description":"Pol\u00edtica de donaciones: entre el 3% y el 5% del beneficio neto se dona anualmente a proyectos en las regiones donde se produce PaperWise.","robots":{"index":"index","follow":"follow","max-snippet":"max-snippet:-1","max-image-preview":"max-image-preview:large","max-video-preview":"max-video-preview:-1"},"canonical":"https:\/\/paperwise.eu\/es\/donaciones\/","og_locale":"es_ES","og_type":"article","og_title":"Pol\u00edtica de donaciones: un mundo mejor para todos","og_description":"Pol\u00edtica de donaciones: entre el 3% y el 5% del beneficio neto se dona anualmente a proyectos en las regiones donde se produce PaperWise.","og_url":"https:\/\/paperwise.eu\/es\/donaciones\/","og_site_name":"Paperwise","article_modified_time":"2026-04-09T04:48:16+00:00","twitter_card":"summary_large_image","schema":{"@context":"https:\/\/schema.org","@graph":[{"@type":"WebPage","@id":"https:\/\/paperwise.eu\/es\/donaciones\/","url":"https:\/\/paperwise.eu\/es\/donaciones\/","name":"Pol\u00edtica de donaciones: un mundo mejor para todos","isPartOf":{"@id":"https:\/\/paperwise.eu\/es\/#website"},"datePublished":"2025-12-25T06:37:38+00:00","dateModified":"2026-04-09T04:48:16+00:00","description":"Pol\u00edtica de donaciones: entre el 3% y el 5% del beneficio neto se dona anualmente a proyectos en las regiones donde se produce PaperWise.","breadcrumb":{"@id":"https:\/\/paperwise.eu\/es\/donaciones\/#breadcrumb"},"inLanguage":"es","potentialAction":[{"@type":"ReadAction","target":["https:\/\/paperwise.eu\/es\/donaciones\/"]}]},{"@type":"BreadcrumbList","@id":"https:\/\/paperwise.eu\/es\/donaciones\/#breadcrumb","itemListElement":[{"@type":"ListItem","position":1,"name":"Inicio","item":"https:\/\/paperwise.eu\/es\/"},{"@type":"ListItem","position":2,"name":"Donaciones"}]},{"@type":"WebSite","@id":"https:\/\/paperwise.eu\/es\/#website","url":"https:\/\/paperwise.eu\/es\/","name":"Paperwise","description":"","potentialAction":[{"@type":"SearchAction","target":{"@type":"EntryPoint","urlTemplate":"https:\/\/paperwise.eu\/es\/?s={search_term_string}"},"query-input":{"@type":"PropertyValueSpecification","valueRequired":true,"valueName":"search_term_string"}}],"inLanguage":"es"}]}},"_links":{"self":[{"href":"https:\/\/paperwise.eu\/es\/wp-json\/wp\/v2\/pages\/12298","targetHints":{"allow":["GET"]}}],"collection":[{"href":"https:\/\/paperwise.eu\/es\/wp-json\/wp\/v2\/pages"}],"about":[{"href":"https:\/\/paperwise.eu\/es\/wp-json\/wp\/v2\/types\/page"}],"author":[{"embeddable":true,"href":"https:\/\/paperwise.eu\/es\/wp-json\/wp\/v2\/users\/2"}],"replies":[{"embeddable":true,"href":"https:\/\/paperwise.eu\/es\/wp-json\/wp\/v2\/comments?post=12298"}],"version-history":[{"count":1,"href":"https:\/\/paperwise.eu\/es\/wp-json\/wp\/v2\/pages\/12298\/revisions"}],"predecessor-version":[{"id":12311,"href":"https:\/\/paperwise.eu\/es\/wp-json\/wp\/v2\/pages\/12298\/revisions\/12311"}],"wp:attachment":[{"href":"https:\/\/paperwise.eu\/es\/wp-json\/wp\/v2\/media?parent=12298"}],"curies":[{"name":"wp","href":"https:\/\/api.w.org\/{rel}","templated":true}]}}