{"id":12082,"date":"2025-11-03T13:27:21","date_gmt":"2025-11-03T12:27:21","guid":{"rendered":"https:\/\/paperwise.eu\/declaracion-de-privacidad\/"},"modified":"2026-04-09T06:47:25","modified_gmt":"2026-04-09T04:47:25","slug":"declaracion-de-privacidad","status":"publish","type":"page","link":"https:\/\/paperwise.eu\/es\/declaracion-de-privacidad\/","title":{"rendered":"Declaraci\u00f3n de privacidad"},"content":{"rendered":"\n<section id=\"section-text-block_f622cf202f57b78b614e19c35ea1fd18\" class=\"section section-text\">\n    <div class=\"container\">\n        <div class=\"section-text__wrapper text-align-left\">\n\n            \n                            <div class=\"section-text__content\">\n                    <h1 class=\"section-text__heading\" style=\"margin-top: 80px;\">Declaraci\u00f3n de privacidad de PaperWise<\/h1>\n<p>Los datos personales recogidos por PaperWise se tratan de forma confidencial de acuerdo con los requisitos legales europeos que le impone el Reglamento General de Protecci\u00f3n de Datos (RGPD) a partir del 25 de mayo de 2018. PaperWise no comparte informaci\u00f3n sobre privacidad con terceros. <\/p>\n<p>PaperWise registra los datos de relaciones e individuos en varios paquetes de software. La finalidad del registro de datos personales y de la organizaci\u00f3n es el mantenimiento de los contactos, la entrega de mercanc\u00edas y la facturaci\u00f3n de las entregas. Se han celebrado acuerdos de procesamiento AVG\/GDPR que cumplen las leyes y normativas europeas con todos los proveedores que procesan o almacenan datos personales para PaperWise.  <\/p>\n<p>En PaperWise, un miembro del consejo de administraci\u00f3n desempe\u00f1a la funci\u00f3n de responsable de protecci\u00f3n de datos. Esta persona es responsable de las pol\u00edticas elaboradas, los registros que contienen todos los datos y las operaciones de tratamiento, las pol\u00edticas de protecci\u00f3n de datos personales y la seguridad de los datos digitales. <\/p>\n<p><img loading=\"lazy\" decoding=\"async\" class=\"alignnone size-full wp-image-5122\" src=\"https:\/\/paperwise.eu\/wp-content\/uploads\/2018\/06\/beheer-privacy.png\" alt=\"\" width=\"1004\" height=\"364\"><\/p>\n<p><strong>Pol\u00edtica de cookies<\/strong><br \/>\nUna cookie es un simple archivo peque\u00f1o que se env\u00eda con las p\u00e1ginas del sitio web de PaperWise y que tu navegador almacena en el disco duro de tu ordenador. Puedes desactivar estas cookies a trav\u00e9s de tu navegador. <\/p>\n<p><strong>La notificaci\u00f3n de cookies en <a href=\"http:\/\/www.paperwise.eu\">www.paperwise.eu<\/a> no es necesaria.<\/strong><br \/>\nPaperWise s\u00f3lo coloca cookies para el seguimiento an\u00f3nimo de los visitantes en el sitio web de PaperWise para hacer que el sitio web sea m\u00e1s f\u00e1cil de usar y mejor. Esto lo hacemos con Google Analytics. La direcci\u00f3n de tu ordenador (direcci\u00f3n IP) primero se hace an\u00f3nima y luego se almacena en los servidores de Google (consulta la pol\u00edtica de anonimato <a href=\"https:\/\/support.google.com\/analytics\/answer\/2763052?hl=nl\">de Google<\/a>). Debido al anonimato, la ley no exige la notificaci\u00f3n de cookies.   <\/p>\n<p><strong>Facebook, Twitter, Instagram, LinkedIn y YouTube<\/strong><br \/>\nPaperWise no tiene ninguna influencia sobre estos sitios. Los botones incluidos para promocionar o compartir p\u00e1ginas en las redes sociales se realizan mediante c\u00f3digos desarrollados por la propia plataforma. Entre otras cosas, este c\u00f3digo coloca una cookie (ver m\u00e1s arriba). Lee las declaraciones de privacidad <a href=\"http:\/\/www.facebook.com\/policy.php\">de Facebook<\/a> y <a href=\"https:\/\/twitter.com\/privacy\">de Twitter<\/a> y de <a href=\"https:\/\/help.instagram.com\/519522125107875?helpref=page_content\">Instagram<\/a> y de <a href=\"https:\/\/www.linkedin.com\/legal\/preview\/privacy-policy\">LinkedIn<\/a> y de <a href=\"https:\/\/www.youtube.com\/static?gl=NL&amp;template=terms\">YouTube<\/a> para ver c\u00f3mo gestionan tus datos personales. PaperWise no utiliza p\u00edxeles de seguimiento en las Redes Sociales.    <\/p>\n<p>Las relaciones de PaperWise pueden enviar un correo electr\u00f3nico a <a href=\"mailto:info@paperwise.eu\">info@paperwise.eu<\/a> para solicitar la inspecci\u00f3n, correcci\u00f3n o eliminaci\u00f3n de datos personales. Los datos cubiertos por periodos legales de retenci\u00f3n no pueden ser eliminados. <\/p>\n                <\/div>\n            \n        <\/div>\n    <\/div>\n<\/section>\n","protected":false},"excerpt":{"rendered":"","protected":false},"author":1,"featured_media":0,"parent":0,"menu_order":0,"comment_status":"closed","ping_status":"open","template":"","meta":{"_acf_changed":false,"footnotes":""},"class_list":["post-12082","page","type-page","status-publish","hentry"],"acf":[],"yoast_head":"<!-- This site is optimized with the Yoast SEO plugin v27.2 - https:\/\/yoast.com\/product\/yoast-seo-wordpress\/ -->\n<title>Declaraci\u00f3n de privacidad - Paperwise<\/title>\n<meta name=\"robots\" content=\"index, follow, max-snippet:-1, max-image-preview:large, max-video-preview:-1\" \/>\n<link rel=\"canonical\" href=\"https:\/\/paperwise.eu\/es\/declaracion-de-privacidad\/\" \/>\n<meta property=\"og:locale\" content=\"es_ES\" \/>\n<meta property=\"og:type\" content=\"article\" \/>\n<meta property=\"og:title\" content=\"Declaraci\u00f3n de privacidad - Paperwise\" \/>\n<meta property=\"og:url\" content=\"https:\/\/paperwise.eu\/es\/declaracion-de-privacidad\/\" \/>\n<meta property=\"og:site_name\" content=\"Paperwise\" \/>\n<meta property=\"article:modified_time\" content=\"2026-04-09T04:47:25+00:00\" \/>\n<meta name=\"twitter:card\" content=\"summary_large_image\" \/>\n<script type=\"application\/ld+json\" class=\"yoast-schema-graph\">{\"@context\":\"https:\/\/schema.org\",\"@graph\":[{\"@type\":\"WebPage\",\"@id\":\"https:\/\/paperwise.eu\/es\/declaracion-de-privacidad\/\",\"url\":\"https:\/\/paperwise.eu\/es\/declaracion-de-privacidad\/\",\"name\":\"Declaraci\u00f3n de privacidad - Paperwise\",\"isPartOf\":{\"@id\":\"https:\/\/paperwise.eu\/es\/#website\"},\"datePublished\":\"2025-11-03T12:27:21+00:00\",\"dateModified\":\"2026-04-09T04:47:25+00:00\",\"breadcrumb\":{\"@id\":\"https:\/\/paperwise.eu\/es\/declaracion-de-privacidad\/#breadcrumb\"},\"inLanguage\":\"es\",\"potentialAction\":[{\"@type\":\"ReadAction\",\"target\":[\"https:\/\/paperwise.eu\/es\/declaracion-de-privacidad\/\"]}]},{\"@type\":\"BreadcrumbList\",\"@id\":\"https:\/\/paperwise.eu\/es\/declaracion-de-privacidad\/#breadcrumb\",\"itemListElement\":[{\"@type\":\"ListItem\",\"position\":1,\"name\":\"Inicio\",\"item\":\"https:\/\/paperwise.eu\/es\/\"},{\"@type\":\"ListItem\",\"position\":2,\"name\":\"Declaraci\u00f3n de privacidad\"}]},{\"@type\":\"WebSite\",\"@id\":\"https:\/\/paperwise.eu\/es\/#website\",\"url\":\"https:\/\/paperwise.eu\/es\/\",\"name\":\"Paperwise\",\"description\":\"\",\"potentialAction\":[{\"@type\":\"SearchAction\",\"target\":{\"@type\":\"EntryPoint\",\"urlTemplate\":\"https:\/\/paperwise.eu\/es\/?s={search_term_string}\"},\"query-input\":{\"@type\":\"PropertyValueSpecification\",\"valueRequired\":true,\"valueName\":\"search_term_string\"}}],\"inLanguage\":\"es\"}]}<\/script>\n<!-- \/ Yoast SEO plugin. -->","yoast_head_json":{"title":"Declaraci\u00f3n de privacidad - Paperwise","robots":{"index":"index","follow":"follow","max-snippet":"max-snippet:-1","max-image-preview":"max-image-preview:large","max-video-preview":"max-video-preview:-1"},"canonical":"https:\/\/paperwise.eu\/es\/declaracion-de-privacidad\/","og_locale":"es_ES","og_type":"article","og_title":"Declaraci\u00f3n de privacidad - Paperwise","og_url":"https:\/\/paperwise.eu\/es\/declaracion-de-privacidad\/","og_site_name":"Paperwise","article_modified_time":"2026-04-09T04:47:25+00:00","twitter_card":"summary_large_image","schema":{"@context":"https:\/\/schema.org","@graph":[{"@type":"WebPage","@id":"https:\/\/paperwise.eu\/es\/declaracion-de-privacidad\/","url":"https:\/\/paperwise.eu\/es\/declaracion-de-privacidad\/","name":"Declaraci\u00f3n de privacidad - Paperwise","isPartOf":{"@id":"https:\/\/paperwise.eu\/es\/#website"},"datePublished":"2025-11-03T12:27:21+00:00","dateModified":"2026-04-09T04:47:25+00:00","breadcrumb":{"@id":"https:\/\/paperwise.eu\/es\/declaracion-de-privacidad\/#breadcrumb"},"inLanguage":"es","potentialAction":[{"@type":"ReadAction","target":["https:\/\/paperwise.eu\/es\/declaracion-de-privacidad\/"]}]},{"@type":"BreadcrumbList","@id":"https:\/\/paperwise.eu\/es\/declaracion-de-privacidad\/#breadcrumb","itemListElement":[{"@type":"ListItem","position":1,"name":"Inicio","item":"https:\/\/paperwise.eu\/es\/"},{"@type":"ListItem","position":2,"name":"Declaraci\u00f3n de privacidad"}]},{"@type":"WebSite","@id":"https:\/\/paperwise.eu\/es\/#website","url":"https:\/\/paperwise.eu\/es\/","name":"Paperwise","description":"","potentialAction":[{"@type":"SearchAction","target":{"@type":"EntryPoint","urlTemplate":"https:\/\/paperwise.eu\/es\/?s={search_term_string}"},"query-input":{"@type":"PropertyValueSpecification","valueRequired":true,"valueName":"search_term_string"}}],"inLanguage":"es"}]}},"_links":{"self":[{"href":"https:\/\/paperwise.eu\/es\/wp-json\/wp\/v2\/pages\/12082","targetHints":{"allow":["GET"]}}],"collection":[{"href":"https:\/\/paperwise.eu\/es\/wp-json\/wp\/v2\/pages"}],"about":[{"href":"https:\/\/paperwise.eu\/es\/wp-json\/wp\/v2\/types\/page"}],"author":[{"embeddable":true,"href":"https:\/\/paperwise.eu\/es\/wp-json\/wp\/v2\/users\/1"}],"replies":[{"embeddable":true,"href":"https:\/\/paperwise.eu\/es\/wp-json\/wp\/v2\/comments?post=12082"}],"version-history":[{"count":1,"href":"https:\/\/paperwise.eu\/es\/wp-json\/wp\/v2\/pages\/12082\/revisions"}],"predecessor-version":[{"id":12084,"href":"https:\/\/paperwise.eu\/es\/wp-json\/wp\/v2\/pages\/12082\/revisions\/12084"}],"wp:attachment":[{"href":"https:\/\/paperwise.eu\/es\/wp-json\/wp\/v2\/media?parent=12082"}],"curies":[{"name":"wp","href":"https:\/\/api.w.org\/{rel}","templated":true}]}}