{"id":11983,"date":"2025-11-03T13:27:21","date_gmt":"2025-11-03T12:27:21","guid":{"rendered":"https:\/\/paperwise.eu\/pagina-de-ejemplo\/"},"modified":"2026-04-09T06:47:17","modified_gmt":"2026-04-09T04:47:17","slug":"pagina-de-ejemplo","status":"publish","type":"page","link":"https:\/\/paperwise.eu\/es\/pagina-de-ejemplo\/","title":{"rendered":"P\u00e1gina de ejemplo"},"content":{"rendered":"\n<p>Esta es una p\u00e1gina de muestra. Es diferente de una entrada de blog porque permanece en un lugar y aparece en la navegaci\u00f3n de tu sitio (en la mayor\u00eda de los temas). La mayor\u00eda de la gente empieza con una p\u00e1gina Acerca de que les presenta a los visitantes potenciales del sitio. Podr\u00eda decir algo as\u00ed   <\/p>\n\n<blockquote class=\"wp-block-quote is-layout-flow wp-block-quote-is-layout-flow\"><p>\u00a1Hola! Soy mensajero en bicicleta en la vida cotidiana y actor en ciernes por las noches, y \u00e9ste es mi sitio. Vivo en Los \u00c1ngeles, tengo un perro precioso llamado Jack y me encantan las pi\u00f1as coladas. (Y que me pille la lluvia).   <\/p><\/blockquote>\n\n<p>...O algo as\u00ed:<\/p>\n\n<blockquote class=\"wp-block-quote is-layout-flow wp-block-quote-is-layout-flow\"><p>La empresa XYZ Doohickey Company se fund\u00f3 en 1971 y desde entonces suministra doohickeys de calidad al p\u00fablico. Con sede en Ciudad G\u00f3tica, XYZ emplea a m\u00e1s de 2.000 personas y hace todo tipo de cosas estupendas por la comunidad de Ciudad G\u00f3tica. <\/p><\/blockquote>\n\n<p>Como nuevo usuario de WordPress, puedes ir a <a href=\"https:\/\/paperwise.eu\/wp-admin\/\">tu panel de control<\/a> para eliminar esta p\u00e1gina y a\u00f1adir nuevas p\u00e1ginas para tu contenido. \u00a1Divi\u00e9rtete! <\/p>\n","protected":false},"excerpt":{"rendered":"<p>Esta es una p\u00e1gina de muestra. Es diferente de una entrada de blog porque permanece en un lugar y aparece en la navegaci\u00f3n de tu sitio (en la mayor\u00eda de los temas). La mayor\u00eda de la gente empieza con una p\u00e1gina Acerca de que les presenta a los visitantes potenciales del sitio. Podr\u00eda decir algo [&hellip;]<\/p>\n","protected":false},"author":1,"featured_media":0,"parent":0,"menu_order":0,"comment_status":"closed","ping_status":"open","template":"","meta":{"_acf_changed":false,"footnotes":""},"class_list":["post-11983","page","type-page","status-publish","hentry"],"acf":[],"yoast_head":"<!-- This site is optimized with the Yoast SEO plugin v27.5 - https:\/\/yoast.com\/product\/yoast-seo-wordpress\/ -->\n<title>P\u00e1gina de ejemplo - Paperwise<\/title>\n<meta name=\"robots\" content=\"index, follow, max-snippet:-1, max-image-preview:large, max-video-preview:-1\" \/>\n<link rel=\"canonical\" href=\"https:\/\/paperwise.eu\/es\/pagina-de-ejemplo\/\" \/>\n<meta property=\"og:locale\" content=\"es_ES\" \/>\n<meta property=\"og:type\" content=\"article\" \/>\n<meta property=\"og:title\" content=\"P\u00e1gina de ejemplo - Paperwise\" \/>\n<meta property=\"og:description\" content=\"Esta es una p\u00e1gina de muestra. Es diferente de una entrada de blog porque permanece en un lugar y aparece en la navegaci\u00f3n de tu sitio (en la mayor\u00eda de los temas). La mayor\u00eda de la gente empieza con una p\u00e1gina Acerca de que les presenta a los visitantes potenciales del sitio. Podr\u00eda decir algo [&hellip;]\" \/>\n<meta property=\"og:url\" content=\"https:\/\/paperwise.eu\/es\/pagina-de-ejemplo\/\" \/>\n<meta property=\"og:site_name\" content=\"Paperwise\" \/>\n<meta property=\"article:modified_time\" content=\"2026-04-09T04:47:17+00:00\" \/>\n<meta name=\"twitter:card\" content=\"summary_large_image\" \/>\n<meta name=\"twitter:label1\" content=\"Tiempo de lectura\" \/>\n\t<meta name=\"twitter:data1\" content=\"1 minuto\" \/>\n<script type=\"application\/ld+json\" class=\"yoast-schema-graph\">{\"@context\":\"https:\\\/\\\/schema.org\",\"@graph\":[{\"@type\":\"WebPage\",\"@id\":\"https:\\\/\\\/paperwise.eu\\\/es\\\/pagina-de-ejemplo\\\/\",\"url\":\"https:\\\/\\\/paperwise.eu\\\/es\\\/pagina-de-ejemplo\\\/\",\"name\":\"P\u00e1gina de ejemplo - Paperwise\",\"isPartOf\":{\"@id\":\"https:\\\/\\\/paperwise.eu\\\/es\\\/#website\"},\"datePublished\":\"2025-11-03T12:27:21+00:00\",\"dateModified\":\"2026-04-09T04:47:17+00:00\",\"breadcrumb\":{\"@id\":\"https:\\\/\\\/paperwise.eu\\\/es\\\/pagina-de-ejemplo\\\/#breadcrumb\"},\"inLanguage\":\"es\",\"potentialAction\":[{\"@type\":\"ReadAction\",\"target\":[\"https:\\\/\\\/paperwise.eu\\\/es\\\/pagina-de-ejemplo\\\/\"]}]},{\"@type\":\"BreadcrumbList\",\"@id\":\"https:\\\/\\\/paperwise.eu\\\/es\\\/pagina-de-ejemplo\\\/#breadcrumb\",\"itemListElement\":[{\"@type\":\"ListItem\",\"position\":1,\"name\":\"Inicio\",\"item\":\"https:\\\/\\\/paperwise.eu\\\/es\\\/\"},{\"@type\":\"ListItem\",\"position\":2,\"name\":\"P\u00e1gina de ejemplo\"}]},{\"@type\":\"WebSite\",\"@id\":\"https:\\\/\\\/paperwise.eu\\\/es\\\/#website\",\"url\":\"https:\\\/\\\/paperwise.eu\\\/es\\\/\",\"name\":\"Paperwise\",\"description\":\"\",\"potentialAction\":[{\"@type\":\"SearchAction\",\"target\":{\"@type\":\"EntryPoint\",\"urlTemplate\":\"https:\\\/\\\/paperwise.eu\\\/es\\\/?s={search_term_string}\"},\"query-input\":{\"@type\":\"PropertyValueSpecification\",\"valueRequired\":true,\"valueName\":\"search_term_string\"}}],\"inLanguage\":\"es\"}]}<\/script>\n<!-- \/ Yoast SEO plugin. -->","yoast_head_json":{"title":"P\u00e1gina de ejemplo - Paperwise","robots":{"index":"index","follow":"follow","max-snippet":"max-snippet:-1","max-image-preview":"max-image-preview:large","max-video-preview":"max-video-preview:-1"},"canonical":"https:\/\/paperwise.eu\/es\/pagina-de-ejemplo\/","og_locale":"es_ES","og_type":"article","og_title":"P\u00e1gina de ejemplo - Paperwise","og_description":"Esta es una p\u00e1gina de muestra. Es diferente de una entrada de blog porque permanece en un lugar y aparece en la navegaci\u00f3n de tu sitio (en la mayor\u00eda de los temas). La mayor\u00eda de la gente empieza con una p\u00e1gina Acerca de que les presenta a los visitantes potenciales del sitio. Podr\u00eda decir algo [&hellip;]","og_url":"https:\/\/paperwise.eu\/es\/pagina-de-ejemplo\/","og_site_name":"Paperwise","article_modified_time":"2026-04-09T04:47:17+00:00","twitter_card":"summary_large_image","twitter_misc":{"Tiempo de lectura":"1 minuto"},"schema":{"@context":"https:\/\/schema.org","@graph":[{"@type":"WebPage","@id":"https:\/\/paperwise.eu\/es\/pagina-de-ejemplo\/","url":"https:\/\/paperwise.eu\/es\/pagina-de-ejemplo\/","name":"P\u00e1gina de ejemplo - Paperwise","isPartOf":{"@id":"https:\/\/paperwise.eu\/es\/#website"},"datePublished":"2025-11-03T12:27:21+00:00","dateModified":"2026-04-09T04:47:17+00:00","breadcrumb":{"@id":"https:\/\/paperwise.eu\/es\/pagina-de-ejemplo\/#breadcrumb"},"inLanguage":"es","potentialAction":[{"@type":"ReadAction","target":["https:\/\/paperwise.eu\/es\/pagina-de-ejemplo\/"]}]},{"@type":"BreadcrumbList","@id":"https:\/\/paperwise.eu\/es\/pagina-de-ejemplo\/#breadcrumb","itemListElement":[{"@type":"ListItem","position":1,"name":"Inicio","item":"https:\/\/paperwise.eu\/es\/"},{"@type":"ListItem","position":2,"name":"P\u00e1gina de ejemplo"}]},{"@type":"WebSite","@id":"https:\/\/paperwise.eu\/es\/#website","url":"https:\/\/paperwise.eu\/es\/","name":"Paperwise","description":"","potentialAction":[{"@type":"SearchAction","target":{"@type":"EntryPoint","urlTemplate":"https:\/\/paperwise.eu\/es\/?s={search_term_string}"},"query-input":{"@type":"PropertyValueSpecification","valueRequired":true,"valueName":"search_term_string"}}],"inLanguage":"es"}]}},"_links":{"self":[{"href":"https:\/\/paperwise.eu\/es\/wp-json\/wp\/v2\/pages\/11983","targetHints":{"allow":["GET"]}}],"collection":[{"href":"https:\/\/paperwise.eu\/es\/wp-json\/wp\/v2\/pages"}],"about":[{"href":"https:\/\/paperwise.eu\/es\/wp-json\/wp\/v2\/types\/page"}],"author":[{"embeddable":true,"href":"https:\/\/paperwise.eu\/es\/wp-json\/wp\/v2\/users\/1"}],"replies":[{"embeddable":true,"href":"https:\/\/paperwise.eu\/es\/wp-json\/wp\/v2\/comments?post=11983"}],"version-history":[{"count":3,"href":"https:\/\/paperwise.eu\/es\/wp-json\/wp\/v2\/pages\/11983\/revisions"}],"predecessor-version":[{"id":11992,"href":"https:\/\/paperwise.eu\/es\/wp-json\/wp\/v2\/pages\/11983\/revisions\/11992"}],"wp:attachment":[{"href":"https:\/\/paperwise.eu\/es\/wp-json\/wp\/v2\/media?parent=11983"}],"curies":[{"name":"wp","href":"https:\/\/api.w.org\/{rel}","templated":true}]}}