{"id":14660,"date":"2026-03-10T20:36:40","date_gmt":"2026-03-10T19:36:40","guid":{"rendered":"https:\/\/paperwise.eu\/product\/paperwise-white-paperwise-white-kopierpapier-a4-210x297mm-75-gsm-5x500-blatt\/"},"modified":"2026-03-10T20:36:40","modified_gmt":"2026-03-10T19:36:40","slug":"paperwise-white-paperwise-white-kopierpapier-a4-210x297mm-75-gsm-5x500-blatt","status":"publish","type":"product","link":"https:\/\/paperwise.eu\/de\/produkt\/paperwise-white-paperwise-white-kopierpapier-a4-210x297mm-75-gsm-5x500-blatt\/","title":{"rendered":"PaperWise White &#8211; PaperWise White Kopierpapier A4 210x297mm 75 gsm 5&#215;500 Blatt"},"content":{"rendered":"<p>PaperWise White Druck- und Kopierpapier ist ein CO2-neutrales wei\u00dfes Papier, das aus landwirtschaftlichen Abf\u00e4llen hergestellt wird. Dieses nachhaltige Druck- und Kopierpapier mit einer sehr geringen Umweltbelastung hat eine wei\u00dfe Farbe und ist elementar chlorfrei (ECF) gebleicht. PaperWise White Druck- und Kopierpapier wird mit 100 % gr\u00fcner Energie hergestellt und ist f\u00fcr beidseitiges Drucken und Kopieren geeignet. Dieses PaperWise Druck- und Kopierpapier ist f\u00fcr eine Archivierung von bis zu 100 Jahren zertifiziert (ISO-9706) und l\u00e4sst sich \u00fcber die Vernichtung im Archiv oder \u00fcber den normalen Altpapierstrom in hohem Ma\u00dfe recyceln. Das langlebige B\u00fcropapier eignet sich f\u00fcr alle Arten von Druckern und digitalen Multifunktionskopierern und erm\u00f6glicht gestochen scharfe Ausdrucke in Farbe und Schwarz-Wei\u00df.    <\/p>\n","protected":false},"excerpt":{"rendered":"<p>PaperWise White Druck- und Kopierpapier ist ein CO2-neutrales wei\u00dfes Papier, das aus landwirtschaftlichen Abf\u00e4llen hergestellt wird. Dieses nachhaltige Druck- und Kopierpapier mit einer sehr geringen Umweltbelastung hat eine wei\u00dfe Farbe und ist elementar chlorfrei (ECF) gebleicht. PaperWise White Druck- und Kopierpapier wird mit 100 % gr\u00fcner Energie hergestellt und ist f\u00fcr beidseitiges Drucken und Kopieren [&hellip;]<\/p>\n","protected":false},"featured_media":6305,"template":"","meta":{"_acf_changed":false},"product_brand":[],"product_cat":[302,308],"product_tag":[],"class_list":{"0":"post-14660","1":"product","2":"type-product","3":"status-publish","4":"has-post-thumbnail","6":"product_cat-endprodukte","7":"product_cat-kopierpapier","8":"product_shipping_class-kopieerpapier","10":"first","11":"instock","12":"taxable","13":"shipping-taxable","14":"purchasable","15":"product-type-simple"},"acf":[],"yoast_head":"<!-- This site is optimized with the Yoast SEO plugin v27.2 - https:\/\/yoast.com\/product\/yoast-seo-wordpress\/ -->\n<title>PaperWise White - PaperWise White Kopierpapier A4 210x297mm 75 gsm 5x500 Blatt - Paperwise<\/title>\n<meta name=\"robots\" content=\"index, follow, max-snippet:-1, max-image-preview:large, max-video-preview:-1\" \/>\n<link rel=\"canonical\" href=\"https:\/\/paperwise.eu\/de\/produkt\/paperwise-white-paperwise-white-kopierpapier-a4-210x297mm-75-gsm-5x500-blatt\/\" \/>\n<meta property=\"og:locale\" content=\"de_DE\" \/>\n<meta property=\"og:type\" content=\"article\" \/>\n<meta property=\"og:title\" content=\"PaperWise White - PaperWise White Kopierpapier A4 210x297mm 75 gsm 5x500 Blatt - Paperwise\" \/>\n<meta property=\"og:description\" content=\"PaperWise White Druck- und Kopierpapier ist ein CO2-neutrales wei\u00dfes Papier, das aus landwirtschaftlichen Abf\u00e4llen hergestellt wird. Dieses nachhaltige Druck- und Kopierpapier mit einer sehr geringen Umweltbelastung hat eine wei\u00dfe Farbe und ist elementar chlorfrei (ECF) gebleicht. PaperWise White Druck- und Kopierpapier wird mit 100 % gr\u00fcner Energie hergestellt und ist f\u00fcr beidseitiges Drucken und Kopieren [&hellip;]\" \/>\n<meta property=\"og:url\" content=\"https:\/\/paperwise.eu\/de\/produkt\/paperwise-white-paperwise-white-kopierpapier-a4-210x297mm-75-gsm-5x500-blatt\/\" \/>\n<meta property=\"og:site_name\" content=\"Paperwise\" \/>\n<meta property=\"og:image\" content=\"https:\/\/paperwise.eu\/wp-content\/uploads\/2026\/02\/PaperWise-copy-printing-paper-A4-75-gram.jpg\" \/>\n\t<meta property=\"og:image:width\" content=\"1000\" \/>\n\t<meta property=\"og:image:height\" content=\"667\" \/>\n\t<meta property=\"og:image:type\" content=\"image\/jpeg\" \/>\n<meta name=\"twitter:card\" content=\"summary_large_image\" \/>\n<meta name=\"twitter:label1\" content=\"Gesch\u00e4tzte Lesezeit\" \/>\n\t<meta name=\"twitter:data1\" content=\"1\u00a0Minute\" \/>\n<script type=\"application\/ld+json\" class=\"yoast-schema-graph\">{\"@context\":\"https:\/\/schema.org\",\"@graph\":[{\"@type\":\"WebPage\",\"@id\":\"https:\/\/paperwise.eu\/de\/produkt\/paperwise-white-paperwise-white-kopierpapier-a4-210x297mm-75-gsm-5x500-blatt\/\",\"url\":\"https:\/\/paperwise.eu\/de\/produkt\/paperwise-white-paperwise-white-kopierpapier-a4-210x297mm-75-gsm-5x500-blatt\/\",\"name\":\"PaperWise White - PaperWise White Kopierpapier A4 210x297mm 75 gsm 5x500 Blatt - Paperwise\",\"isPartOf\":{\"@id\":\"https:\/\/paperwise.eu\/de\/#website\"},\"primaryImageOfPage\":{\"@id\":\"https:\/\/paperwise.eu\/de\/produkt\/paperwise-white-paperwise-white-kopierpapier-a4-210x297mm-75-gsm-5x500-blatt\/#primaryimage\"},\"image\":{\"@id\":\"https:\/\/paperwise.eu\/de\/produkt\/paperwise-white-paperwise-white-kopierpapier-a4-210x297mm-75-gsm-5x500-blatt\/#primaryimage\"},\"thumbnailUrl\":\"https:\/\/paperwise.eu\/wp-content\/uploads\/2026\/02\/PaperWise-copy-printing-paper-A4-75-gram.jpg\",\"datePublished\":\"2026-03-10T19:36:40+00:00\",\"breadcrumb\":{\"@id\":\"https:\/\/paperwise.eu\/de\/produkt\/paperwise-white-paperwise-white-kopierpapier-a4-210x297mm-75-gsm-5x500-blatt\/#breadcrumb\"},\"inLanguage\":\"de\",\"potentialAction\":[{\"@type\":\"ReadAction\",\"target\":[\"https:\/\/paperwise.eu\/de\/produkt\/paperwise-white-paperwise-white-kopierpapier-a4-210x297mm-75-gsm-5x500-blatt\/\"]}]},{\"@type\":\"ImageObject\",\"inLanguage\":\"de\",\"@id\":\"https:\/\/paperwise.eu\/de\/produkt\/paperwise-white-paperwise-white-kopierpapier-a4-210x297mm-75-gsm-5x500-blatt\/#primaryimage\",\"url\":\"https:\/\/paperwise.eu\/wp-content\/uploads\/2026\/02\/PaperWise-copy-printing-paper-A4-75-gram.jpg\",\"contentUrl\":\"https:\/\/paperwise.eu\/wp-content\/uploads\/2026\/02\/PaperWise-copy-printing-paper-A4-75-gram.jpg\",\"width\":1000,\"height\":667},{\"@type\":\"BreadcrumbList\",\"@id\":\"https:\/\/paperwise.eu\/de\/produkt\/paperwise-white-paperwise-white-kopierpapier-a4-210x297mm-75-gsm-5x500-blatt\/#breadcrumb\",\"itemListElement\":[{\"@type\":\"ListItem\",\"position\":1,\"name\":\"Startseite\",\"item\":\"https:\/\/paperwise.eu\/de\/\"},{\"@type\":\"ListItem\",\"position\":2,\"name\":\"Webshop\",\"item\":\"https:\/\/paperwise.eu\/de\/webshop\/\"},{\"@type\":\"ListItem\",\"position\":3,\"name\":\"PaperWise White &#8211; PaperWise White Kopierpapier A4 210x297mm 75 gsm 5&#215;500 Blatt\"}]},{\"@type\":\"WebSite\",\"@id\":\"https:\/\/paperwise.eu\/de\/#website\",\"url\":\"https:\/\/paperwise.eu\/de\/\",\"name\":\"Paperwise\",\"description\":\"\",\"potentialAction\":[{\"@type\":\"SearchAction\",\"target\":{\"@type\":\"EntryPoint\",\"urlTemplate\":\"https:\/\/paperwise.eu\/de\/?s={search_term_string}\"},\"query-input\":{\"@type\":\"PropertyValueSpecification\",\"valueRequired\":true,\"valueName\":\"search_term_string\"}}],\"inLanguage\":\"de\"}]}<\/script>\n<!-- \/ Yoast SEO plugin. -->","yoast_head_json":{"title":"PaperWise White - PaperWise White Kopierpapier A4 210x297mm 75 gsm 5x500 Blatt - Paperwise","robots":{"index":"index","follow":"follow","max-snippet":"max-snippet:-1","max-image-preview":"max-image-preview:large","max-video-preview":"max-video-preview:-1"},"canonical":"https:\/\/paperwise.eu\/de\/produkt\/paperwise-white-paperwise-white-kopierpapier-a4-210x297mm-75-gsm-5x500-blatt\/","og_locale":"de_DE","og_type":"article","og_title":"PaperWise White - PaperWise White Kopierpapier A4 210x297mm 75 gsm 5x500 Blatt - Paperwise","og_description":"PaperWise White Druck- und Kopierpapier ist ein CO2-neutrales wei\u00dfes Papier, das aus landwirtschaftlichen Abf\u00e4llen hergestellt wird. Dieses nachhaltige Druck- und Kopierpapier mit einer sehr geringen Umweltbelastung hat eine wei\u00dfe Farbe und ist elementar chlorfrei (ECF) gebleicht. PaperWise White Druck- und Kopierpapier wird mit 100 % gr\u00fcner Energie hergestellt und ist f\u00fcr beidseitiges Drucken und Kopieren [&hellip;]","og_url":"https:\/\/paperwise.eu\/de\/produkt\/paperwise-white-paperwise-white-kopierpapier-a4-210x297mm-75-gsm-5x500-blatt\/","og_site_name":"Paperwise","og_image":[{"width":1000,"height":667,"url":"https:\/\/paperwise.eu\/wp-content\/uploads\/2026\/02\/PaperWise-copy-printing-paper-A4-75-gram.jpg","type":"image\/jpeg"}],"twitter_card":"summary_large_image","twitter_misc":{"Gesch\u00e4tzte Lesezeit":"1\u00a0Minute"},"schema":{"@context":"https:\/\/schema.org","@graph":[{"@type":"WebPage","@id":"https:\/\/paperwise.eu\/de\/produkt\/paperwise-white-paperwise-white-kopierpapier-a4-210x297mm-75-gsm-5x500-blatt\/","url":"https:\/\/paperwise.eu\/de\/produkt\/paperwise-white-paperwise-white-kopierpapier-a4-210x297mm-75-gsm-5x500-blatt\/","name":"PaperWise White - PaperWise White Kopierpapier A4 210x297mm 75 gsm 5x500 Blatt - Paperwise","isPartOf":{"@id":"https:\/\/paperwise.eu\/de\/#website"},"primaryImageOfPage":{"@id":"https:\/\/paperwise.eu\/de\/produkt\/paperwise-white-paperwise-white-kopierpapier-a4-210x297mm-75-gsm-5x500-blatt\/#primaryimage"},"image":{"@id":"https:\/\/paperwise.eu\/de\/produkt\/paperwise-white-paperwise-white-kopierpapier-a4-210x297mm-75-gsm-5x500-blatt\/#primaryimage"},"thumbnailUrl":"https:\/\/paperwise.eu\/wp-content\/uploads\/2026\/02\/PaperWise-copy-printing-paper-A4-75-gram.jpg","datePublished":"2026-03-10T19:36:40+00:00","breadcrumb":{"@id":"https:\/\/paperwise.eu\/de\/produkt\/paperwise-white-paperwise-white-kopierpapier-a4-210x297mm-75-gsm-5x500-blatt\/#breadcrumb"},"inLanguage":"de","potentialAction":[{"@type":"ReadAction","target":["https:\/\/paperwise.eu\/de\/produkt\/paperwise-white-paperwise-white-kopierpapier-a4-210x297mm-75-gsm-5x500-blatt\/"]}]},{"@type":"ImageObject","inLanguage":"de","@id":"https:\/\/paperwise.eu\/de\/produkt\/paperwise-white-paperwise-white-kopierpapier-a4-210x297mm-75-gsm-5x500-blatt\/#primaryimage","url":"https:\/\/paperwise.eu\/wp-content\/uploads\/2026\/02\/PaperWise-copy-printing-paper-A4-75-gram.jpg","contentUrl":"https:\/\/paperwise.eu\/wp-content\/uploads\/2026\/02\/PaperWise-copy-printing-paper-A4-75-gram.jpg","width":1000,"height":667},{"@type":"BreadcrumbList","@id":"https:\/\/paperwise.eu\/de\/produkt\/paperwise-white-paperwise-white-kopierpapier-a4-210x297mm-75-gsm-5x500-blatt\/#breadcrumb","itemListElement":[{"@type":"ListItem","position":1,"name":"Startseite","item":"https:\/\/paperwise.eu\/de\/"},{"@type":"ListItem","position":2,"name":"Webshop","item":"https:\/\/paperwise.eu\/de\/webshop\/"},{"@type":"ListItem","position":3,"name":"PaperWise White &#8211; PaperWise White Kopierpapier A4 210x297mm 75 gsm 5&#215;500 Blatt"}]},{"@type":"WebSite","@id":"https:\/\/paperwise.eu\/de\/#website","url":"https:\/\/paperwise.eu\/de\/","name":"Paperwise","description":"","potentialAction":[{"@type":"SearchAction","target":{"@type":"EntryPoint","urlTemplate":"https:\/\/paperwise.eu\/de\/?s={search_term_string}"},"query-input":{"@type":"PropertyValueSpecification","valueRequired":true,"valueName":"search_term_string"}}],"inLanguage":"de"}]}},"_links":{"self":[{"href":"https:\/\/paperwise.eu\/de\/wp-json\/wp\/v2\/product\/14660","targetHints":{"allow":["GET"]}}],"collection":[{"href":"https:\/\/paperwise.eu\/de\/wp-json\/wp\/v2\/product"}],"about":[{"href":"https:\/\/paperwise.eu\/de\/wp-json\/wp\/v2\/types\/product"}],"wp:featuredmedia":[{"embeddable":true,"href":"https:\/\/paperwise.eu\/de\/wp-json\/wp\/v2\/media\/6305"}],"wp:attachment":[{"href":"https:\/\/paperwise.eu\/de\/wp-json\/wp\/v2\/media?parent=14660"}],"wp:term":[{"taxonomy":"product_brand","embeddable":true,"href":"https:\/\/paperwise.eu\/de\/wp-json\/wp\/v2\/product_brand?post=14660"},{"taxonomy":"product_cat","embeddable":true,"href":"https:\/\/paperwise.eu\/de\/wp-json\/wp\/v2\/product_cat?post=14660"},{"taxonomy":"product_tag","embeddable":true,"href":"https:\/\/paperwise.eu\/de\/wp-json\/wp\/v2\/product_tag?post=14660"}],"curies":[{"name":"wp","href":"https:\/\/api.w.org\/{rel}","templated":true}]}}