{"id":14650,"date":"2026-03-10T20:37:15","date_gmt":"2026-03-10T19:37:15","guid":{"rendered":"https:\/\/paperwise.eu\/product\/paperwise-weiss-rolle-1020mm-breit-75-g-m%c2%b2-1-rolle-2\/"},"modified":"2026-03-10T20:37:15","modified_gmt":"2026-03-10T19:37:15","slug":"paperwise-weiss-rolle-1020mm-breit-75-g-m%c2%b2-1-rolle-2","status":"publish","type":"product","link":"https:\/\/paperwise.eu\/de\/produkt\/paperwise-weiss-rolle-1020mm-breit-75-g-m%c2%b2-1-rolle-2\/","title":{"rendered":"PaperWise Wei\u00df &#8211; Rolle 1020mm breit 75 g\/m\u00b2 1 Rolle"},"content":{"rendered":"<p>PaperWise White ist ein CO2-neutrales Papier, das aus landwirtschaftlichen Abf\u00e4llen hergestellt wird. Dieses nachhaltige Papier mit einer sehr geringen Umweltbelastung ist ungestrichen und hat eine wei\u00dfe Farbe. Die wei\u00dfe Farbe wird durch elementares chlorfreies (ECF) Bleichen erzielt. Nach dem Gebrauch kann das Papier \u00fcber den normalen Altpapierstrom recycelt werden. PaperWise White kann beidseitig vollfarbig im Offset-, Flexo- und Digitaldruck bedruckt werden. Das nachhaltige PaperWise White Papier wird f\u00fcr B\u00fccher, CSR-Gesch\u00e4ftsberichte, Brosch\u00fcren, Zeitschriften, Notizbl\u00f6cke, umweltfreundliches Briefpapier, Umschl\u00e4ge und Etiketten verwendet.     <\/p>\n","protected":false},"excerpt":{"rendered":"<p>PaperWise White ist ein CO2-neutrales Papier, das aus landwirtschaftlichen Abf\u00e4llen hergestellt wird. Dieses nachhaltige Papier mit einer sehr geringen Umweltbelastung ist ungestrichen und hat eine wei\u00dfe Farbe. Die wei\u00dfe Farbe wird durch elementares chlorfreies (ECF) Bleichen erzielt. Nach dem Gebrauch kann das Papier \u00fcber den normalen Altpapierstrom recycelt werden. PaperWise White kann beidseitig vollfarbig im [&hellip;]<\/p>\n","protected":false},"featured_media":6315,"template":"","meta":{"_acf_changed":false},"product_brand":[],"product_cat":[351,293,312,345],"product_tag":[],"class_list":{"0":"post-14650","1":"product","2":"type-product","3":"status-publish","4":"has-post-thumbnail","6":"product_cat-blatter-und-rollen","7":"product_cat-bogen-rollen","8":"product_cat-papier-und-kartonrollen","9":"product_cat-rollen-papier-karton-de","10":"product_shipping_class-vellen-rollen","12":"first","13":"outofstock","14":"taxable","15":"shipping-taxable","16":"purchasable","17":"product-type-simple"},"acf":[],"yoast_head":"<!-- This site is optimized with the Yoast SEO plugin v27.2 - https:\/\/yoast.com\/product\/yoast-seo-wordpress\/ -->\n<title>PaperWise Wei\u00df - Rolle 1020mm breit 75 g\/m\u00b2 1 Rolle - Paperwise<\/title>\n<meta name=\"robots\" content=\"index, follow, max-snippet:-1, max-image-preview:large, max-video-preview:-1\" \/>\n<link rel=\"canonical\" href=\"https:\/\/paperwise.eu\/de\/produkt\/paperwise-weiss-rolle-1020mm-breit-75-g-m%c2%b2-1-rolle-2\/\" \/>\n<meta property=\"og:locale\" content=\"de_DE\" \/>\n<meta property=\"og:type\" content=\"article\" \/>\n<meta property=\"og:title\" content=\"PaperWise Wei\u00df - Rolle 1020mm breit 75 g\/m\u00b2 1 Rolle - Paperwise\" \/>\n<meta property=\"og:description\" content=\"PaperWise White ist ein CO2-neutrales Papier, das aus landwirtschaftlichen Abf\u00e4llen hergestellt wird. Dieses nachhaltige Papier mit einer sehr geringen Umweltbelastung ist ungestrichen und hat eine wei\u00dfe Farbe. Die wei\u00dfe Farbe wird durch elementares chlorfreies (ECF) Bleichen erzielt. Nach dem Gebrauch kann das Papier \u00fcber den normalen Altpapierstrom recycelt werden. PaperWise White kann beidseitig vollfarbig im [&hellip;]\" \/>\n<meta property=\"og:url\" content=\"https:\/\/paperwise.eu\/de\/produkt\/paperwise-weiss-rolle-1020mm-breit-75-g-m%c2%b2-1-rolle-2\/\" \/>\n<meta property=\"og:site_name\" content=\"Paperwise\" \/>\n<meta property=\"og:image\" content=\"https:\/\/paperwise.eu\/wp-content\/uploads\/2026\/02\/PaperWise-Roll-White.jpg\" \/>\n\t<meta property=\"og:image:width\" content=\"1000\" \/>\n\t<meta property=\"og:image:height\" content=\"807\" \/>\n\t<meta property=\"og:image:type\" content=\"image\/jpeg\" \/>\n<meta name=\"twitter:card\" content=\"summary_large_image\" \/>\n<script type=\"application\/ld+json\" class=\"yoast-schema-graph\">{\"@context\":\"https:\/\/schema.org\",\"@graph\":[{\"@type\":\"WebPage\",\"@id\":\"https:\/\/paperwise.eu\/de\/produkt\/paperwise-weiss-rolle-1020mm-breit-75-g-m%c2%b2-1-rolle-2\/\",\"url\":\"https:\/\/paperwise.eu\/de\/produkt\/paperwise-weiss-rolle-1020mm-breit-75-g-m%c2%b2-1-rolle-2\/\",\"name\":\"PaperWise Wei\u00df - Rolle 1020mm breit 75 g\/m\u00b2 1 Rolle - Paperwise\",\"isPartOf\":{\"@id\":\"https:\/\/paperwise.eu\/de\/#website\"},\"primaryImageOfPage\":{\"@id\":\"https:\/\/paperwise.eu\/de\/produkt\/paperwise-weiss-rolle-1020mm-breit-75-g-m%c2%b2-1-rolle-2\/#primaryimage\"},\"image\":{\"@id\":\"https:\/\/paperwise.eu\/de\/produkt\/paperwise-weiss-rolle-1020mm-breit-75-g-m%c2%b2-1-rolle-2\/#primaryimage\"},\"thumbnailUrl\":\"https:\/\/paperwise.eu\/wp-content\/uploads\/2026\/02\/PaperWise-Roll-White.jpg\",\"datePublished\":\"2026-03-10T19:37:15+00:00\",\"breadcrumb\":{\"@id\":\"https:\/\/paperwise.eu\/de\/produkt\/paperwise-weiss-rolle-1020mm-breit-75-g-m%c2%b2-1-rolle-2\/#breadcrumb\"},\"inLanguage\":\"de\",\"potentialAction\":[{\"@type\":\"ReadAction\",\"target\":[\"https:\/\/paperwise.eu\/de\/produkt\/paperwise-weiss-rolle-1020mm-breit-75-g-m%c2%b2-1-rolle-2\/\"]}]},{\"@type\":\"ImageObject\",\"inLanguage\":\"de\",\"@id\":\"https:\/\/paperwise.eu\/de\/produkt\/paperwise-weiss-rolle-1020mm-breit-75-g-m%c2%b2-1-rolle-2\/#primaryimage\",\"url\":\"https:\/\/paperwise.eu\/wp-content\/uploads\/2026\/02\/PaperWise-Roll-White.jpg\",\"contentUrl\":\"https:\/\/paperwise.eu\/wp-content\/uploads\/2026\/02\/PaperWise-Roll-White.jpg\",\"width\":1000,\"height\":807},{\"@type\":\"BreadcrumbList\",\"@id\":\"https:\/\/paperwise.eu\/de\/produkt\/paperwise-weiss-rolle-1020mm-breit-75-g-m%c2%b2-1-rolle-2\/#breadcrumb\",\"itemListElement\":[{\"@type\":\"ListItem\",\"position\":1,\"name\":\"Startseite\",\"item\":\"https:\/\/paperwise.eu\/de\/\"},{\"@type\":\"ListItem\",\"position\":2,\"name\":\"Webshop\",\"item\":\"https:\/\/paperwise.eu\/de\/webshop\/\"},{\"@type\":\"ListItem\",\"position\":3,\"name\":\"PaperWise Wei\u00df &#8211; Rolle 1020mm breit 75 g\/m\u00b2 1 Rolle\"}]},{\"@type\":\"WebSite\",\"@id\":\"https:\/\/paperwise.eu\/de\/#website\",\"url\":\"https:\/\/paperwise.eu\/de\/\",\"name\":\"Paperwise\",\"description\":\"\",\"potentialAction\":[{\"@type\":\"SearchAction\",\"target\":{\"@type\":\"EntryPoint\",\"urlTemplate\":\"https:\/\/paperwise.eu\/de\/?s={search_term_string}\"},\"query-input\":{\"@type\":\"PropertyValueSpecification\",\"valueRequired\":true,\"valueName\":\"search_term_string\"}}],\"inLanguage\":\"de\"}]}<\/script>\n<!-- \/ Yoast SEO plugin. -->","yoast_head_json":{"title":"PaperWise Wei\u00df - Rolle 1020mm breit 75 g\/m\u00b2 1 Rolle - Paperwise","robots":{"index":"index","follow":"follow","max-snippet":"max-snippet:-1","max-image-preview":"max-image-preview:large","max-video-preview":"max-video-preview:-1"},"canonical":"https:\/\/paperwise.eu\/de\/produkt\/paperwise-weiss-rolle-1020mm-breit-75-g-m%c2%b2-1-rolle-2\/","og_locale":"de_DE","og_type":"article","og_title":"PaperWise Wei\u00df - Rolle 1020mm breit 75 g\/m\u00b2 1 Rolle - Paperwise","og_description":"PaperWise White ist ein CO2-neutrales Papier, das aus landwirtschaftlichen Abf\u00e4llen hergestellt wird. Dieses nachhaltige Papier mit einer sehr geringen Umweltbelastung ist ungestrichen und hat eine wei\u00dfe Farbe. Die wei\u00dfe Farbe wird durch elementares chlorfreies (ECF) Bleichen erzielt. Nach dem Gebrauch kann das Papier \u00fcber den normalen Altpapierstrom recycelt werden. PaperWise White kann beidseitig vollfarbig im [&hellip;]","og_url":"https:\/\/paperwise.eu\/de\/produkt\/paperwise-weiss-rolle-1020mm-breit-75-g-m%c2%b2-1-rolle-2\/","og_site_name":"Paperwise","og_image":[{"width":1000,"height":807,"url":"https:\/\/paperwise.eu\/wp-content\/uploads\/2026\/02\/PaperWise-Roll-White.jpg","type":"image\/jpeg"}],"twitter_card":"summary_large_image","schema":{"@context":"https:\/\/schema.org","@graph":[{"@type":"WebPage","@id":"https:\/\/paperwise.eu\/de\/produkt\/paperwise-weiss-rolle-1020mm-breit-75-g-m%c2%b2-1-rolle-2\/","url":"https:\/\/paperwise.eu\/de\/produkt\/paperwise-weiss-rolle-1020mm-breit-75-g-m%c2%b2-1-rolle-2\/","name":"PaperWise Wei\u00df - Rolle 1020mm breit 75 g\/m\u00b2 1 Rolle - Paperwise","isPartOf":{"@id":"https:\/\/paperwise.eu\/de\/#website"},"primaryImageOfPage":{"@id":"https:\/\/paperwise.eu\/de\/produkt\/paperwise-weiss-rolle-1020mm-breit-75-g-m%c2%b2-1-rolle-2\/#primaryimage"},"image":{"@id":"https:\/\/paperwise.eu\/de\/produkt\/paperwise-weiss-rolle-1020mm-breit-75-g-m%c2%b2-1-rolle-2\/#primaryimage"},"thumbnailUrl":"https:\/\/paperwise.eu\/wp-content\/uploads\/2026\/02\/PaperWise-Roll-White.jpg","datePublished":"2026-03-10T19:37:15+00:00","breadcrumb":{"@id":"https:\/\/paperwise.eu\/de\/produkt\/paperwise-weiss-rolle-1020mm-breit-75-g-m%c2%b2-1-rolle-2\/#breadcrumb"},"inLanguage":"de","potentialAction":[{"@type":"ReadAction","target":["https:\/\/paperwise.eu\/de\/produkt\/paperwise-weiss-rolle-1020mm-breit-75-g-m%c2%b2-1-rolle-2\/"]}]},{"@type":"ImageObject","inLanguage":"de","@id":"https:\/\/paperwise.eu\/de\/produkt\/paperwise-weiss-rolle-1020mm-breit-75-g-m%c2%b2-1-rolle-2\/#primaryimage","url":"https:\/\/paperwise.eu\/wp-content\/uploads\/2026\/02\/PaperWise-Roll-White.jpg","contentUrl":"https:\/\/paperwise.eu\/wp-content\/uploads\/2026\/02\/PaperWise-Roll-White.jpg","width":1000,"height":807},{"@type":"BreadcrumbList","@id":"https:\/\/paperwise.eu\/de\/produkt\/paperwise-weiss-rolle-1020mm-breit-75-g-m%c2%b2-1-rolle-2\/#breadcrumb","itemListElement":[{"@type":"ListItem","position":1,"name":"Startseite","item":"https:\/\/paperwise.eu\/de\/"},{"@type":"ListItem","position":2,"name":"Webshop","item":"https:\/\/paperwise.eu\/de\/webshop\/"},{"@type":"ListItem","position":3,"name":"PaperWise Wei\u00df &#8211; Rolle 1020mm breit 75 g\/m\u00b2 1 Rolle"}]},{"@type":"WebSite","@id":"https:\/\/paperwise.eu\/de\/#website","url":"https:\/\/paperwise.eu\/de\/","name":"Paperwise","description":"","potentialAction":[{"@type":"SearchAction","target":{"@type":"EntryPoint","urlTemplate":"https:\/\/paperwise.eu\/de\/?s={search_term_string}"},"query-input":{"@type":"PropertyValueSpecification","valueRequired":true,"valueName":"search_term_string"}}],"inLanguage":"de"}]}},"_links":{"self":[{"href":"https:\/\/paperwise.eu\/de\/wp-json\/wp\/v2\/product\/14650","targetHints":{"allow":["GET"]}}],"collection":[{"href":"https:\/\/paperwise.eu\/de\/wp-json\/wp\/v2\/product"}],"about":[{"href":"https:\/\/paperwise.eu\/de\/wp-json\/wp\/v2\/types\/product"}],"wp:featuredmedia":[{"embeddable":true,"href":"https:\/\/paperwise.eu\/de\/wp-json\/wp\/v2\/media\/6315"}],"wp:attachment":[{"href":"https:\/\/paperwise.eu\/de\/wp-json\/wp\/v2\/media?parent=14650"}],"wp:term":[{"taxonomy":"product_brand","embeddable":true,"href":"https:\/\/paperwise.eu\/de\/wp-json\/wp\/v2\/product_brand?post=14650"},{"taxonomy":"product_cat","embeddable":true,"href":"https:\/\/paperwise.eu\/de\/wp-json\/wp\/v2\/product_cat?post=14650"},{"taxonomy":"product_tag","embeddable":true,"href":"https:\/\/paperwise.eu\/de\/wp-json\/wp\/v2\/product_tag?post=14650"}],"curies":[{"name":"wp","href":"https:\/\/api.w.org\/{rel}","templated":true}]}}