{"id":14597,"date":"2026-03-10T20:39:15","date_gmt":"2026-03-10T19:39:15","guid":{"rendered":"https:\/\/paperwise.eu\/product\/paperwise-natural-lange-auflage-700x1000mm-160-g-m%c2%b2-100-blatt-1-lagiger-karton\/"},"modified":"2026-03-10T20:39:15","modified_gmt":"2026-03-10T19:39:15","slug":"paperwise-natural-lange-auflage-700x1000mm-160-g-m%c2%b2-100-blatt-1-lagiger-karton","status":"publish","type":"product","link":"https:\/\/paperwise.eu\/de\/produkt\/paperwise-natural-lange-auflage-700x1000mm-160-g-m%c2%b2-100-blatt-1-lagiger-karton\/","title":{"rendered":"PaperWise Natural &#8211; Lange Auflage 700x1000mm 160 g\/m\u00b2 100 Blatt &#8211; 1-lagiger Karton"},"content":{"rendered":"<p>PaperWise Natural ist ein CO2-neutrales, ungebleichtes Papier, das aus landwirtschaftlichen Abf\u00e4llen hergestellt wird. Dieses nachhaltige und baumfreie Papier mit einer sehr geringen Umweltbelastung hat eine nat\u00fcrliche hellbraune Farbe.  Das Material ist f\u00fcr Lebensmittel und Non-Food-Anwendungen geeignet. PaperWise Natural ist zertifiziert f\u00fcr Lebensmittelsicherheit (EC1935\/2004), industrielle Kompostierung (EN13432), Heimkompostierung (DIN CERTCO HOME COMPOSTABLE) und eignet sich f\u00fcr das Recycling \u00fcber den normalen Altpapierstrom. Die nat\u00fcrliche, hellbraune Farbe kann im Offset-, Flexo- und Digitaldruck auf zwei Seiten in gestochen scharfen Vollfarben gedruckt werden. PaperWise Natural wird von Druckereien und Spezialunternehmen zu nachhaltigen Verpackungen und Druckerzeugnissen verarbeitet. Die Anwendungen reichen von Verpackungen f\u00fcr trockene Lebensmittel, Kekse, N\u00fcsse, Schokolade, Tee, Kaffee bis hin zu Tragetaschen, Etiketten und Einwickelpapier. F\u00fcr den Druck eignet sich PaperWise Natural gut f\u00fcr B\u00fccher, Zeitschriften, Notizb\u00fccher, Tageb\u00fccher, Schreibbl\u00f6cke und Hefte. Aber auch Flyer, Brosch\u00fcren, Prospekte und Poster lassen sich hervorragend auf diesem nachhaltigen PaperWise Papier drucken.      <\/p>\n<p>  - 1-lagiger Karton<\/p>\n","protected":false},"excerpt":{"rendered":"<p>PaperWise Natural ist ein CO2-neutrales, ungebleichtes Papier, das aus landwirtschaftlichen Abf\u00e4llen hergestellt wird. Dieses nachhaltige und baumfreie Papier mit einer sehr geringen Umweltbelastung hat eine nat\u00fcrliche hellbraune Farbe. Das Material ist f\u00fcr Lebensmittel und Non-Food-Anwendungen geeignet. PaperWise Natural ist zertifiziert f\u00fcr Lebensmittelsicherheit (EC1935\/2004), industrielle Kompostierung (EN13432), Heimkompostierung (DIN CERTCO HOME COMPOSTABLE) und eignet sich f\u00fcr [&hellip;]<\/p>\n","protected":false},"featured_media":6345,"template":"","meta":{"_acf_changed":false},"product_brand":[],"product_cat":[293,294],"product_tag":[],"class_list":{"0":"post-14597","1":"product","2":"type-product","3":"status-publish","4":"has-post-thumbnail","6":"product_cat-bogen-rollen","7":"product_cat-papier-kartonbogen","8":"product_shipping_class-vellen-rollen","10":"first","11":"outofstock","12":"taxable","13":"shipping-taxable","14":"purchasable","15":"product-type-simple"},"acf":[],"yoast_head":"<!-- This site is optimized with the Yoast SEO plugin v27.2 - https:\/\/yoast.com\/product\/yoast-seo-wordpress\/ -->\n<title>PaperWise Natural - Lange Auflage 700x1000mm 160 g\/m\u00b2 100 Blatt - 1-lagiger Karton - Paperwise<\/title>\n<meta name=\"robots\" content=\"index, follow, max-snippet:-1, max-image-preview:large, max-video-preview:-1\" \/>\n<link rel=\"canonical\" href=\"https:\/\/paperwise.eu\/de\/produkt\/paperwise-natural-lange-auflage-700x1000mm-160-g-m%c2%b2-100-blatt-1-lagiger-karton\/\" \/>\n<meta property=\"og:locale\" content=\"de_DE\" \/>\n<meta property=\"og:type\" content=\"article\" \/>\n<meta property=\"og:title\" content=\"PaperWise Natural - Lange Auflage 700x1000mm 160 g\/m\u00b2 100 Blatt - 1-lagiger Karton - Paperwise\" \/>\n<meta property=\"og:description\" content=\"PaperWise Natural ist ein CO2-neutrales, ungebleichtes Papier, das aus landwirtschaftlichen Abf\u00e4llen hergestellt wird. Dieses nachhaltige und baumfreie Papier mit einer sehr geringen Umweltbelastung hat eine nat\u00fcrliche hellbraune Farbe. Das Material ist f\u00fcr Lebensmittel und Non-Food-Anwendungen geeignet. PaperWise Natural ist zertifiziert f\u00fcr Lebensmittelsicherheit (EC1935\/2004), industrielle Kompostierung (EN13432), Heimkompostierung (DIN CERTCO HOME COMPOSTABLE) und eignet sich f\u00fcr [&hellip;]\" \/>\n<meta property=\"og:url\" content=\"https:\/\/paperwise.eu\/de\/produkt\/paperwise-natural-lange-auflage-700x1000mm-160-g-m%c2%b2-100-blatt-1-lagiger-karton\/\" \/>\n<meta property=\"og:site_name\" content=\"Paperwise\" \/>\n<meta property=\"og:image\" content=\"https:\/\/paperwise.eu\/wp-content\/uploads\/2026\/02\/PaperWise-ream-Natural.jpg\" \/>\n\t<meta property=\"og:image:width\" content=\"1000\" \/>\n\t<meta property=\"og:image:height\" content=\"667\" \/>\n\t<meta property=\"og:image:type\" content=\"image\/jpeg\" \/>\n<meta name=\"twitter:card\" content=\"summary_large_image\" \/>\n<meta name=\"twitter:label1\" content=\"Gesch\u00e4tzte Lesezeit\" \/>\n\t<meta name=\"twitter:data1\" content=\"1\u00a0Minute\" \/>\n<script type=\"application\/ld+json\" class=\"yoast-schema-graph\">{\"@context\":\"https:\/\/schema.org\",\"@graph\":[{\"@type\":\"WebPage\",\"@id\":\"https:\/\/paperwise.eu\/de\/produkt\/paperwise-natural-lange-auflage-700x1000mm-160-g-m%c2%b2-100-blatt-1-lagiger-karton\/\",\"url\":\"https:\/\/paperwise.eu\/de\/produkt\/paperwise-natural-lange-auflage-700x1000mm-160-g-m%c2%b2-100-blatt-1-lagiger-karton\/\",\"name\":\"PaperWise Natural - Lange Auflage 700x1000mm 160 g\/m\u00b2 100 Blatt - 1-lagiger Karton - Paperwise\",\"isPartOf\":{\"@id\":\"https:\/\/paperwise.eu\/de\/#website\"},\"primaryImageOfPage\":{\"@id\":\"https:\/\/paperwise.eu\/de\/produkt\/paperwise-natural-lange-auflage-700x1000mm-160-g-m%c2%b2-100-blatt-1-lagiger-karton\/#primaryimage\"},\"image\":{\"@id\":\"https:\/\/paperwise.eu\/de\/produkt\/paperwise-natural-lange-auflage-700x1000mm-160-g-m%c2%b2-100-blatt-1-lagiger-karton\/#primaryimage\"},\"thumbnailUrl\":\"https:\/\/paperwise.eu\/wp-content\/uploads\/2026\/02\/PaperWise-ream-Natural.jpg\",\"datePublished\":\"2026-03-10T19:39:15+00:00\",\"breadcrumb\":{\"@id\":\"https:\/\/paperwise.eu\/de\/produkt\/paperwise-natural-lange-auflage-700x1000mm-160-g-m%c2%b2-100-blatt-1-lagiger-karton\/#breadcrumb\"},\"inLanguage\":\"de\",\"potentialAction\":[{\"@type\":\"ReadAction\",\"target\":[\"https:\/\/paperwise.eu\/de\/produkt\/paperwise-natural-lange-auflage-700x1000mm-160-g-m%c2%b2-100-blatt-1-lagiger-karton\/\"]}]},{\"@type\":\"ImageObject\",\"inLanguage\":\"de\",\"@id\":\"https:\/\/paperwise.eu\/de\/produkt\/paperwise-natural-lange-auflage-700x1000mm-160-g-m%c2%b2-100-blatt-1-lagiger-karton\/#primaryimage\",\"url\":\"https:\/\/paperwise.eu\/wp-content\/uploads\/2026\/02\/PaperWise-ream-Natural.jpg\",\"contentUrl\":\"https:\/\/paperwise.eu\/wp-content\/uploads\/2026\/02\/PaperWise-ream-Natural.jpg\",\"width\":1000,\"height\":667},{\"@type\":\"BreadcrumbList\",\"@id\":\"https:\/\/paperwise.eu\/de\/produkt\/paperwise-natural-lange-auflage-700x1000mm-160-g-m%c2%b2-100-blatt-1-lagiger-karton\/#breadcrumb\",\"itemListElement\":[{\"@type\":\"ListItem\",\"position\":1,\"name\":\"Startseite\",\"item\":\"https:\/\/paperwise.eu\/de\/\"},{\"@type\":\"ListItem\",\"position\":2,\"name\":\"Webshop\",\"item\":\"https:\/\/paperwise.eu\/de\/webshop\/\"},{\"@type\":\"ListItem\",\"position\":3,\"name\":\"PaperWise Natural &#8211; Lange Auflage 700x1000mm 160 g\/m\u00b2 100 Blatt &#8211; 1-lagiger Karton\"}]},{\"@type\":\"WebSite\",\"@id\":\"https:\/\/paperwise.eu\/de\/#website\",\"url\":\"https:\/\/paperwise.eu\/de\/\",\"name\":\"Paperwise\",\"description\":\"\",\"potentialAction\":[{\"@type\":\"SearchAction\",\"target\":{\"@type\":\"EntryPoint\",\"urlTemplate\":\"https:\/\/paperwise.eu\/de\/?s={search_term_string}\"},\"query-input\":{\"@type\":\"PropertyValueSpecification\",\"valueRequired\":true,\"valueName\":\"search_term_string\"}}],\"inLanguage\":\"de\"}]}<\/script>\n<!-- \/ Yoast SEO plugin. -->","yoast_head_json":{"title":"PaperWise Natural - Lange Auflage 700x1000mm 160 g\/m\u00b2 100 Blatt - 1-lagiger Karton - Paperwise","robots":{"index":"index","follow":"follow","max-snippet":"max-snippet:-1","max-image-preview":"max-image-preview:large","max-video-preview":"max-video-preview:-1"},"canonical":"https:\/\/paperwise.eu\/de\/produkt\/paperwise-natural-lange-auflage-700x1000mm-160-g-m%c2%b2-100-blatt-1-lagiger-karton\/","og_locale":"de_DE","og_type":"article","og_title":"PaperWise Natural - Lange Auflage 700x1000mm 160 g\/m\u00b2 100 Blatt - 1-lagiger Karton - Paperwise","og_description":"PaperWise Natural ist ein CO2-neutrales, ungebleichtes Papier, das aus landwirtschaftlichen Abf\u00e4llen hergestellt wird. Dieses nachhaltige und baumfreie Papier mit einer sehr geringen Umweltbelastung hat eine nat\u00fcrliche hellbraune Farbe. Das Material ist f\u00fcr Lebensmittel und Non-Food-Anwendungen geeignet. PaperWise Natural ist zertifiziert f\u00fcr Lebensmittelsicherheit (EC1935\/2004), industrielle Kompostierung (EN13432), Heimkompostierung (DIN CERTCO HOME COMPOSTABLE) und eignet sich f\u00fcr [&hellip;]","og_url":"https:\/\/paperwise.eu\/de\/produkt\/paperwise-natural-lange-auflage-700x1000mm-160-g-m%c2%b2-100-blatt-1-lagiger-karton\/","og_site_name":"Paperwise","og_image":[{"width":1000,"height":667,"url":"https:\/\/paperwise.eu\/wp-content\/uploads\/2026\/02\/PaperWise-ream-Natural.jpg","type":"image\/jpeg"}],"twitter_card":"summary_large_image","twitter_misc":{"Gesch\u00e4tzte Lesezeit":"1\u00a0Minute"},"schema":{"@context":"https:\/\/schema.org","@graph":[{"@type":"WebPage","@id":"https:\/\/paperwise.eu\/de\/produkt\/paperwise-natural-lange-auflage-700x1000mm-160-g-m%c2%b2-100-blatt-1-lagiger-karton\/","url":"https:\/\/paperwise.eu\/de\/produkt\/paperwise-natural-lange-auflage-700x1000mm-160-g-m%c2%b2-100-blatt-1-lagiger-karton\/","name":"PaperWise Natural - Lange Auflage 700x1000mm 160 g\/m\u00b2 100 Blatt - 1-lagiger Karton - Paperwise","isPartOf":{"@id":"https:\/\/paperwise.eu\/de\/#website"},"primaryImageOfPage":{"@id":"https:\/\/paperwise.eu\/de\/produkt\/paperwise-natural-lange-auflage-700x1000mm-160-g-m%c2%b2-100-blatt-1-lagiger-karton\/#primaryimage"},"image":{"@id":"https:\/\/paperwise.eu\/de\/produkt\/paperwise-natural-lange-auflage-700x1000mm-160-g-m%c2%b2-100-blatt-1-lagiger-karton\/#primaryimage"},"thumbnailUrl":"https:\/\/paperwise.eu\/wp-content\/uploads\/2026\/02\/PaperWise-ream-Natural.jpg","datePublished":"2026-03-10T19:39:15+00:00","breadcrumb":{"@id":"https:\/\/paperwise.eu\/de\/produkt\/paperwise-natural-lange-auflage-700x1000mm-160-g-m%c2%b2-100-blatt-1-lagiger-karton\/#breadcrumb"},"inLanguage":"de","potentialAction":[{"@type":"ReadAction","target":["https:\/\/paperwise.eu\/de\/produkt\/paperwise-natural-lange-auflage-700x1000mm-160-g-m%c2%b2-100-blatt-1-lagiger-karton\/"]}]},{"@type":"ImageObject","inLanguage":"de","@id":"https:\/\/paperwise.eu\/de\/produkt\/paperwise-natural-lange-auflage-700x1000mm-160-g-m%c2%b2-100-blatt-1-lagiger-karton\/#primaryimage","url":"https:\/\/paperwise.eu\/wp-content\/uploads\/2026\/02\/PaperWise-ream-Natural.jpg","contentUrl":"https:\/\/paperwise.eu\/wp-content\/uploads\/2026\/02\/PaperWise-ream-Natural.jpg","width":1000,"height":667},{"@type":"BreadcrumbList","@id":"https:\/\/paperwise.eu\/de\/produkt\/paperwise-natural-lange-auflage-700x1000mm-160-g-m%c2%b2-100-blatt-1-lagiger-karton\/#breadcrumb","itemListElement":[{"@type":"ListItem","position":1,"name":"Startseite","item":"https:\/\/paperwise.eu\/de\/"},{"@type":"ListItem","position":2,"name":"Webshop","item":"https:\/\/paperwise.eu\/de\/webshop\/"},{"@type":"ListItem","position":3,"name":"PaperWise Natural &#8211; Lange Auflage 700x1000mm 160 g\/m\u00b2 100 Blatt &#8211; 1-lagiger Karton"}]},{"@type":"WebSite","@id":"https:\/\/paperwise.eu\/de\/#website","url":"https:\/\/paperwise.eu\/de\/","name":"Paperwise","description":"","potentialAction":[{"@type":"SearchAction","target":{"@type":"EntryPoint","urlTemplate":"https:\/\/paperwise.eu\/de\/?s={search_term_string}"},"query-input":{"@type":"PropertyValueSpecification","valueRequired":true,"valueName":"search_term_string"}}],"inLanguage":"de"}]}},"_links":{"self":[{"href":"https:\/\/paperwise.eu\/de\/wp-json\/wp\/v2\/product\/14597","targetHints":{"allow":["GET"]}}],"collection":[{"href":"https:\/\/paperwise.eu\/de\/wp-json\/wp\/v2\/product"}],"about":[{"href":"https:\/\/paperwise.eu\/de\/wp-json\/wp\/v2\/types\/product"}],"wp:featuredmedia":[{"embeddable":true,"href":"https:\/\/paperwise.eu\/de\/wp-json\/wp\/v2\/media\/6345"}],"wp:attachment":[{"href":"https:\/\/paperwise.eu\/de\/wp-json\/wp\/v2\/media?parent=14597"}],"wp:term":[{"taxonomy":"product_brand","embeddable":true,"href":"https:\/\/paperwise.eu\/de\/wp-json\/wp\/v2\/product_brand?post=14597"},{"taxonomy":"product_cat","embeddable":true,"href":"https:\/\/paperwise.eu\/de\/wp-json\/wp\/v2\/product_cat?post=14597"},{"taxonomy":"product_tag","embeddable":true,"href":"https:\/\/paperwise.eu\/de\/wp-json\/wp\/v2\/product_tag?post=14597"}],"curies":[{"name":"wp","href":"https:\/\/api.w.org\/{rel}","templated":true}]}}