{"id":14483,"date":"2026-03-10T20:42:50","date_gmt":"2026-03-10T19:42:50","guid":{"rendered":"https:\/\/paperwise.eu\/product\/paperwise-weiss-rolle-1020mm-breit-75-g-m%c2%b2-1-rolle\/"},"modified":"2026-03-10T20:42:50","modified_gmt":"2026-03-10T19:42:50","slug":"paperwise-weiss-rolle-1020mm-breit-75-g-m%c2%b2-1-rolle","status":"publish","type":"product","link":"https:\/\/paperwise.eu\/de\/produkt\/paperwise-weiss-rolle-1020mm-breit-75-g-m%c2%b2-1-rolle\/","title":{"rendered":"PaperWise Wei\u00df &#8211; Rolle 1020mm breit 75 g\/m\u00b2 1 Rolle"},"content":{"rendered":"<p>PaperWise White ist ein CO2-neutrales Papier, das aus landwirtschaftlichen Abf\u00e4llen hergestellt wird. Dieses nachhaltige und baumfreie Papier mit einer sehr geringen Umweltbelastung ist ungestrichen und hat eine wei\u00dfe Farbe. Nach dem Gebrauch kann das Papier \u00fcber den normalen Altpapierstrom recycelt werden. PaperWise White kann beidseitig vollfarbig im Offset-, Flexo- und Digitaldruck bedruckt werden. Das umweltfreundliche PaperWise White-Papier wird daher f\u00fcr die Herstellung und den Druck von B\u00fcchern, CSR-Jahresberichten, Brosch\u00fcren, Zeitschriften, Schreib- und Notizbl\u00f6cken, umweltfreundlichem Briefpapier, Umschl\u00e4gen und Etiketten verwendet.    <\/p>\n","protected":false},"excerpt":{"rendered":"<p>PaperWise White ist ein CO2-neutrales Papier, das aus landwirtschaftlichen Abf\u00e4llen hergestellt wird. Dieses nachhaltige und baumfreie Papier mit einer sehr geringen Umweltbelastung ist ungestrichen und hat eine wei\u00dfe Farbe. Nach dem Gebrauch kann das Papier \u00fcber den normalen Altpapierstrom recycelt werden. PaperWise White kann beidseitig vollfarbig im Offset-, Flexo- und Digitaldruck bedruckt werden. Das umweltfreundliche [&hellip;]<\/p>\n","protected":false},"featured_media":6315,"template":"","meta":{"_acf_changed":false},"product_brand":[],"product_cat":[351,345],"product_tag":[],"class_list":{"0":"post-14483","1":"product","2":"type-product","3":"status-publish","4":"has-post-thumbnail","6":"product_cat-blatter-und-rollen","7":"product_cat-rollen-papier-karton-de","8":"product_shipping_class-vellen-rollen","10":"first","11":"outofstock","12":"taxable","13":"shipping-taxable","14":"purchasable","15":"product-type-simple"},"acf":[],"yoast_head":"<!-- This site is optimized with the Yoast SEO plugin v27.5 - https:\/\/yoast.com\/product\/yoast-seo-wordpress\/ -->\n<title>PaperWise Wei\u00df - Rolle 1020mm breit 75 g\/m\u00b2 1 Rolle - Paperwise<\/title>\n<meta name=\"robots\" content=\"index, follow, max-snippet:-1, max-image-preview:large, max-video-preview:-1\" \/>\n<link rel=\"canonical\" href=\"https:\/\/paperwise.eu\/de\/produkt\/paperwise-weiss-rolle-1020mm-breit-75-g-m%c2%b2-1-rolle\/\" \/>\n<meta property=\"og:locale\" content=\"de_DE\" \/>\n<meta property=\"og:type\" content=\"article\" \/>\n<meta property=\"og:title\" content=\"PaperWise Wei\u00df - Rolle 1020mm breit 75 g\/m\u00b2 1 Rolle - Paperwise\" \/>\n<meta property=\"og:description\" content=\"PaperWise White ist ein CO2-neutrales Papier, das aus landwirtschaftlichen Abf\u00e4llen hergestellt wird. Dieses nachhaltige und baumfreie Papier mit einer sehr geringen Umweltbelastung ist ungestrichen und hat eine wei\u00dfe Farbe. Nach dem Gebrauch kann das Papier \u00fcber den normalen Altpapierstrom recycelt werden. PaperWise White kann beidseitig vollfarbig im Offset-, Flexo- und Digitaldruck bedruckt werden. Das umweltfreundliche [&hellip;]\" \/>\n<meta property=\"og:url\" content=\"https:\/\/paperwise.eu\/de\/produkt\/paperwise-weiss-rolle-1020mm-breit-75-g-m%c2%b2-1-rolle\/\" \/>\n<meta property=\"og:site_name\" content=\"Paperwise\" \/>\n<meta property=\"og:image\" content=\"https:\/\/paperwise.eu\/wp-content\/uploads\/2026\/02\/PaperWise-Roll-White.jpg\" \/>\n\t<meta property=\"og:image:width\" content=\"1000\" \/>\n\t<meta property=\"og:image:height\" content=\"807\" \/>\n\t<meta property=\"og:image:type\" content=\"image\/jpeg\" \/>\n<meta name=\"twitter:card\" content=\"summary_large_image\" \/>\n<script type=\"application\/ld+json\" class=\"yoast-schema-graph\">{\"@context\":\"https:\\\/\\\/schema.org\",\"@graph\":[{\"@type\":\"WebPage\",\"@id\":\"https:\\\/\\\/paperwise.eu\\\/de\\\/produkt\\\/paperwise-weiss-rolle-1020mm-breit-75-g-m%c2%b2-1-rolle\\\/\",\"url\":\"https:\\\/\\\/paperwise.eu\\\/de\\\/produkt\\\/paperwise-weiss-rolle-1020mm-breit-75-g-m%c2%b2-1-rolle\\\/\",\"name\":\"PaperWise Wei\u00df - Rolle 1020mm breit 75 g\\\/m\u00b2 1 Rolle - Paperwise\",\"isPartOf\":{\"@id\":\"https:\\\/\\\/paperwise.eu\\\/de\\\/#website\"},\"primaryImageOfPage\":{\"@id\":\"https:\\\/\\\/paperwise.eu\\\/de\\\/produkt\\\/paperwise-weiss-rolle-1020mm-breit-75-g-m%c2%b2-1-rolle\\\/#primaryimage\"},\"image\":{\"@id\":\"https:\\\/\\\/paperwise.eu\\\/de\\\/produkt\\\/paperwise-weiss-rolle-1020mm-breit-75-g-m%c2%b2-1-rolle\\\/#primaryimage\"},\"thumbnailUrl\":\"https:\\\/\\\/paperwise.eu\\\/wp-content\\\/uploads\\\/2026\\\/02\\\/PaperWise-Roll-White.jpg\",\"datePublished\":\"2026-03-10T19:42:50+00:00\",\"breadcrumb\":{\"@id\":\"https:\\\/\\\/paperwise.eu\\\/de\\\/produkt\\\/paperwise-weiss-rolle-1020mm-breit-75-g-m%c2%b2-1-rolle\\\/#breadcrumb\"},\"inLanguage\":\"de\",\"potentialAction\":[{\"@type\":\"ReadAction\",\"target\":[\"https:\\\/\\\/paperwise.eu\\\/de\\\/produkt\\\/paperwise-weiss-rolle-1020mm-breit-75-g-m%c2%b2-1-rolle\\\/\"]}]},{\"@type\":\"ImageObject\",\"inLanguage\":\"de\",\"@id\":\"https:\\\/\\\/paperwise.eu\\\/de\\\/produkt\\\/paperwise-weiss-rolle-1020mm-breit-75-g-m%c2%b2-1-rolle\\\/#primaryimage\",\"url\":\"https:\\\/\\\/paperwise.eu\\\/wp-content\\\/uploads\\\/2026\\\/02\\\/PaperWise-Roll-White.jpg\",\"contentUrl\":\"https:\\\/\\\/paperwise.eu\\\/wp-content\\\/uploads\\\/2026\\\/02\\\/PaperWise-Roll-White.jpg\",\"width\":1000,\"height\":807},{\"@type\":\"BreadcrumbList\",\"@id\":\"https:\\\/\\\/paperwise.eu\\\/de\\\/produkt\\\/paperwise-weiss-rolle-1020mm-breit-75-g-m%c2%b2-1-rolle\\\/#breadcrumb\",\"itemListElement\":[{\"@type\":\"ListItem\",\"position\":1,\"name\":\"Startseite\",\"item\":\"https:\\\/\\\/paperwise.eu\\\/de\\\/\"},{\"@type\":\"ListItem\",\"position\":2,\"name\":\"Webshop\",\"item\":\"https:\\\/\\\/paperwise.eu\\\/de\\\/webshop\\\/\"},{\"@type\":\"ListItem\",\"position\":3,\"name\":\"PaperWise Wei\u00df &#8211; Rolle 1020mm breit 75 g\\\/m\u00b2 1 Rolle\"}]},{\"@type\":\"WebSite\",\"@id\":\"https:\\\/\\\/paperwise.eu\\\/de\\\/#website\",\"url\":\"https:\\\/\\\/paperwise.eu\\\/de\\\/\",\"name\":\"Paperwise\",\"description\":\"\",\"potentialAction\":[{\"@type\":\"SearchAction\",\"target\":{\"@type\":\"EntryPoint\",\"urlTemplate\":\"https:\\\/\\\/paperwise.eu\\\/de\\\/?s={search_term_string}\"},\"query-input\":{\"@type\":\"PropertyValueSpecification\",\"valueRequired\":true,\"valueName\":\"search_term_string\"}}],\"inLanguage\":\"de\"}]}<\/script>\n<!-- \/ Yoast SEO plugin. -->","yoast_head_json":{"title":"PaperWise Wei\u00df - Rolle 1020mm breit 75 g\/m\u00b2 1 Rolle - Paperwise","robots":{"index":"index","follow":"follow","max-snippet":"max-snippet:-1","max-image-preview":"max-image-preview:large","max-video-preview":"max-video-preview:-1"},"canonical":"https:\/\/paperwise.eu\/de\/produkt\/paperwise-weiss-rolle-1020mm-breit-75-g-m%c2%b2-1-rolle\/","og_locale":"de_DE","og_type":"article","og_title":"PaperWise Wei\u00df - Rolle 1020mm breit 75 g\/m\u00b2 1 Rolle - Paperwise","og_description":"PaperWise White ist ein CO2-neutrales Papier, das aus landwirtschaftlichen Abf\u00e4llen hergestellt wird. Dieses nachhaltige und baumfreie Papier mit einer sehr geringen Umweltbelastung ist ungestrichen und hat eine wei\u00dfe Farbe. Nach dem Gebrauch kann das Papier \u00fcber den normalen Altpapierstrom recycelt werden. PaperWise White kann beidseitig vollfarbig im Offset-, Flexo- und Digitaldruck bedruckt werden. Das umweltfreundliche [&hellip;]","og_url":"https:\/\/paperwise.eu\/de\/produkt\/paperwise-weiss-rolle-1020mm-breit-75-g-m%c2%b2-1-rolle\/","og_site_name":"Paperwise","og_image":[{"width":1000,"height":807,"url":"https:\/\/paperwise.eu\/wp-content\/uploads\/2026\/02\/PaperWise-Roll-White.jpg","type":"image\/jpeg"}],"twitter_card":"summary_large_image","schema":{"@context":"https:\/\/schema.org","@graph":[{"@type":"WebPage","@id":"https:\/\/paperwise.eu\/de\/produkt\/paperwise-weiss-rolle-1020mm-breit-75-g-m%c2%b2-1-rolle\/","url":"https:\/\/paperwise.eu\/de\/produkt\/paperwise-weiss-rolle-1020mm-breit-75-g-m%c2%b2-1-rolle\/","name":"PaperWise Wei\u00df - Rolle 1020mm breit 75 g\/m\u00b2 1 Rolle - Paperwise","isPartOf":{"@id":"https:\/\/paperwise.eu\/de\/#website"},"primaryImageOfPage":{"@id":"https:\/\/paperwise.eu\/de\/produkt\/paperwise-weiss-rolle-1020mm-breit-75-g-m%c2%b2-1-rolle\/#primaryimage"},"image":{"@id":"https:\/\/paperwise.eu\/de\/produkt\/paperwise-weiss-rolle-1020mm-breit-75-g-m%c2%b2-1-rolle\/#primaryimage"},"thumbnailUrl":"https:\/\/paperwise.eu\/wp-content\/uploads\/2026\/02\/PaperWise-Roll-White.jpg","datePublished":"2026-03-10T19:42:50+00:00","breadcrumb":{"@id":"https:\/\/paperwise.eu\/de\/produkt\/paperwise-weiss-rolle-1020mm-breit-75-g-m%c2%b2-1-rolle\/#breadcrumb"},"inLanguage":"de","potentialAction":[{"@type":"ReadAction","target":["https:\/\/paperwise.eu\/de\/produkt\/paperwise-weiss-rolle-1020mm-breit-75-g-m%c2%b2-1-rolle\/"]}]},{"@type":"ImageObject","inLanguage":"de","@id":"https:\/\/paperwise.eu\/de\/produkt\/paperwise-weiss-rolle-1020mm-breit-75-g-m%c2%b2-1-rolle\/#primaryimage","url":"https:\/\/paperwise.eu\/wp-content\/uploads\/2026\/02\/PaperWise-Roll-White.jpg","contentUrl":"https:\/\/paperwise.eu\/wp-content\/uploads\/2026\/02\/PaperWise-Roll-White.jpg","width":1000,"height":807},{"@type":"BreadcrumbList","@id":"https:\/\/paperwise.eu\/de\/produkt\/paperwise-weiss-rolle-1020mm-breit-75-g-m%c2%b2-1-rolle\/#breadcrumb","itemListElement":[{"@type":"ListItem","position":1,"name":"Startseite","item":"https:\/\/paperwise.eu\/de\/"},{"@type":"ListItem","position":2,"name":"Webshop","item":"https:\/\/paperwise.eu\/de\/webshop\/"},{"@type":"ListItem","position":3,"name":"PaperWise Wei\u00df &#8211; Rolle 1020mm breit 75 g\/m\u00b2 1 Rolle"}]},{"@type":"WebSite","@id":"https:\/\/paperwise.eu\/de\/#website","url":"https:\/\/paperwise.eu\/de\/","name":"Paperwise","description":"","potentialAction":[{"@type":"SearchAction","target":{"@type":"EntryPoint","urlTemplate":"https:\/\/paperwise.eu\/de\/?s={search_term_string}"},"query-input":{"@type":"PropertyValueSpecification","valueRequired":true,"valueName":"search_term_string"}}],"inLanguage":"de"}]}},"_links":{"self":[{"href":"https:\/\/paperwise.eu\/de\/wp-json\/wp\/v2\/product\/14483","targetHints":{"allow":["GET"]}}],"collection":[{"href":"https:\/\/paperwise.eu\/de\/wp-json\/wp\/v2\/product"}],"about":[{"href":"https:\/\/paperwise.eu\/de\/wp-json\/wp\/v2\/types\/product"}],"wp:featuredmedia":[{"embeddable":true,"href":"https:\/\/paperwise.eu\/de\/wp-json\/wp\/v2\/media\/6315"}],"wp:attachment":[{"href":"https:\/\/paperwise.eu\/de\/wp-json\/wp\/v2\/media?parent=14483"}],"wp:term":[{"taxonomy":"product_brand","embeddable":true,"href":"https:\/\/paperwise.eu\/de\/wp-json\/wp\/v2\/product_brand?post=14483"},{"taxonomy":"product_cat","embeddable":true,"href":"https:\/\/paperwise.eu\/de\/wp-json\/wp\/v2\/product_cat?post=14483"},{"taxonomy":"product_tag","embeddable":true,"href":"https:\/\/paperwise.eu\/de\/wp-json\/wp\/v2\/product_tag?post=14483"}],"curies":[{"name":"wp","href":"https:\/\/api.w.org\/{rel}","templated":true}]}}