{"id":14472,"date":"2026-03-10T20:42:54","date_gmt":"2026-03-10T19:42:54","guid":{"rendered":"https:\/\/paperwise.eu\/product\/paperwise-natural-kopierer-paperwise-natural-kopierpapier-a4-210x297mm-72-g-m%c2%b2-5x500-blatt\/"},"modified":"2026-03-10T20:42:54","modified_gmt":"2026-03-10T19:42:54","slug":"paperwise-natural-kopierer-paperwise-natural-kopierpapier-a4-210x297mm-72-g-m%c2%b2-5x500-blatt","status":"publish","type":"product","link":"https:\/\/paperwise.eu\/de\/produkt\/paperwise-natural-kopierer-paperwise-natural-kopierpapier-a4-210x297mm-72-g-m%c2%b2-5x500-blatt\/","title":{"rendered":"PaperWise Natural Kopierer &#8211; PaperWise Natural Kopierpapier A4 210x297mm 72 g\/m\u00b2 5&#215;500 Blatt"},"content":{"rendered":"<p>PaperWise Natural Druck- und Kopierpapier ist CO2-neutrales, ungebleichtes und baumfreies Papier, das aus landwirtschaftlichen Abf\u00e4llen hergestellt wird. Dieses nachhaltige Druck- und Kopierpapier mit einer sehr geringen Umweltbelastung hat eine nat\u00fcrliche hellbraune Farbe. PaperWise Natural Druck- und Kopierpapier ist f\u00fcr beidseitiges Drucken und Kopieren geeignet und l\u00e4sst sich hervorragend \u00fcber den normalen Altpapier- oder Archivvernichtungsstrom recyceln. Das umweltfreundliche B\u00fcropapier ist f\u00fcr alle Arten von Druckern und digitalen Multifunktionskopierern geeignet und kann gestochen scharf in Farbe und Schwarzwei\u00df gedruckt werden. Dank der hellbraunen Farbe bleiben Texte und Bilder unter allen Bedingungen gut lesbar.    <\/p>\n","protected":false},"excerpt":{"rendered":"<p>PaperWise Natural Druck- und Kopierpapier ist CO2-neutrales, ungebleichtes und baumfreies Papier, das aus landwirtschaftlichen Abf\u00e4llen hergestellt wird. Dieses nachhaltige Druck- und Kopierpapier mit einer sehr geringen Umweltbelastung hat eine nat\u00fcrliche hellbraune Farbe. PaperWise Natural Druck- und Kopierpapier ist f\u00fcr beidseitiges Drucken und Kopieren geeignet und l\u00e4sst sich hervorragend \u00fcber den normalen Altpapier- oder Archivvernichtungsstrom recyceln. [&hellip;]<\/p>\n","protected":false},"featured_media":6401,"template":"","meta":{"_acf_changed":false},"product_brand":[],"product_cat":[302,308,309],"product_tag":[],"class_list":{"0":"post-14472","1":"product","2":"type-product","3":"status-publish","4":"has-post-thumbnail","6":"product_cat-endprodukte","7":"product_cat-kopierpapier","8":"product_cat-rabatt","9":"product_shipping_class-kopieerpapier","11":"first","12":"instock","13":"taxable","14":"shipping-taxable","15":"purchasable","16":"product-type-simple"},"acf":[],"yoast_head":"<!-- This site is optimized with the Yoast SEO plugin v27.2 - https:\/\/yoast.com\/product\/yoast-seo-wordpress\/ -->\n<title>PaperWise Natural Kopierer - PaperWise Natural Kopierpapier A4 210x297mm 72 g\/m\u00b2 5x500 Blatt - Paperwise<\/title>\n<meta name=\"robots\" content=\"index, follow, max-snippet:-1, max-image-preview:large, max-video-preview:-1\" \/>\n<link rel=\"canonical\" href=\"https:\/\/paperwise.eu\/de\/produkt\/paperwise-natural-kopierer-paperwise-natural-kopierpapier-a4-210x297mm-72-g-m%c2%b2-5x500-blatt\/\" \/>\n<meta property=\"og:locale\" content=\"de_DE\" \/>\n<meta property=\"og:type\" content=\"article\" \/>\n<meta property=\"og:title\" content=\"PaperWise Natural Kopierer - PaperWise Natural Kopierpapier A4 210x297mm 72 g\/m\u00b2 5x500 Blatt - Paperwise\" \/>\n<meta property=\"og:description\" content=\"PaperWise Natural Druck- und Kopierpapier ist CO2-neutrales, ungebleichtes und baumfreies Papier, das aus landwirtschaftlichen Abf\u00e4llen hergestellt wird. Dieses nachhaltige Druck- und Kopierpapier mit einer sehr geringen Umweltbelastung hat eine nat\u00fcrliche hellbraune Farbe. PaperWise Natural Druck- und Kopierpapier ist f\u00fcr beidseitiges Drucken und Kopieren geeignet und l\u00e4sst sich hervorragend \u00fcber den normalen Altpapier- oder Archivvernichtungsstrom recyceln. [&hellip;]\" \/>\n<meta property=\"og:url\" content=\"https:\/\/paperwise.eu\/de\/produkt\/paperwise-natural-kopierer-paperwise-natural-kopierpapier-a4-210x297mm-72-g-m%c2%b2-5x500-blatt\/\" \/>\n<meta property=\"og:site_name\" content=\"Paperwise\" \/>\n<meta property=\"og:image\" content=\"https:\/\/paperwise.eu\/wp-content\/uploads\/2026\/02\/PaperWise-Natural-copy-printing-paper-A4-72-gram.jpg\" \/>\n\t<meta property=\"og:image:width\" content=\"1009\" \/>\n\t<meta property=\"og:image:height\" content=\"673\" \/>\n\t<meta property=\"og:image:type\" content=\"image\/jpeg\" \/>\n<meta name=\"twitter:card\" content=\"summary_large_image\" \/>\n<script type=\"application\/ld+json\" class=\"yoast-schema-graph\">{\"@context\":\"https:\/\/schema.org\",\"@graph\":[{\"@type\":\"WebPage\",\"@id\":\"https:\/\/paperwise.eu\/de\/produkt\/paperwise-natural-kopierer-paperwise-natural-kopierpapier-a4-210x297mm-72-g-m%c2%b2-5x500-blatt\/\",\"url\":\"https:\/\/paperwise.eu\/de\/produkt\/paperwise-natural-kopierer-paperwise-natural-kopierpapier-a4-210x297mm-72-g-m%c2%b2-5x500-blatt\/\",\"name\":\"PaperWise Natural Kopierer - PaperWise Natural Kopierpapier A4 210x297mm 72 g\/m\u00b2 5x500 Blatt - Paperwise\",\"isPartOf\":{\"@id\":\"https:\/\/paperwise.eu\/de\/#website\"},\"primaryImageOfPage\":{\"@id\":\"https:\/\/paperwise.eu\/de\/produkt\/paperwise-natural-kopierer-paperwise-natural-kopierpapier-a4-210x297mm-72-g-m%c2%b2-5x500-blatt\/#primaryimage\"},\"image\":{\"@id\":\"https:\/\/paperwise.eu\/de\/produkt\/paperwise-natural-kopierer-paperwise-natural-kopierpapier-a4-210x297mm-72-g-m%c2%b2-5x500-blatt\/#primaryimage\"},\"thumbnailUrl\":\"https:\/\/paperwise.eu\/wp-content\/uploads\/2026\/02\/PaperWise-Natural-copy-printing-paper-A4-72-gram.jpg\",\"datePublished\":\"2026-03-10T19:42:54+00:00\",\"breadcrumb\":{\"@id\":\"https:\/\/paperwise.eu\/de\/produkt\/paperwise-natural-kopierer-paperwise-natural-kopierpapier-a4-210x297mm-72-g-m%c2%b2-5x500-blatt\/#breadcrumb\"},\"inLanguage\":\"de\",\"potentialAction\":[{\"@type\":\"ReadAction\",\"target\":[\"https:\/\/paperwise.eu\/de\/produkt\/paperwise-natural-kopierer-paperwise-natural-kopierpapier-a4-210x297mm-72-g-m%c2%b2-5x500-blatt\/\"]}]},{\"@type\":\"ImageObject\",\"inLanguage\":\"de\",\"@id\":\"https:\/\/paperwise.eu\/de\/produkt\/paperwise-natural-kopierer-paperwise-natural-kopierpapier-a4-210x297mm-72-g-m%c2%b2-5x500-blatt\/#primaryimage\",\"url\":\"https:\/\/paperwise.eu\/wp-content\/uploads\/2026\/02\/PaperWise-Natural-copy-printing-paper-A4-72-gram.jpg\",\"contentUrl\":\"https:\/\/paperwise.eu\/wp-content\/uploads\/2026\/02\/PaperWise-Natural-copy-printing-paper-A4-72-gram.jpg\",\"width\":1009,\"height\":673},{\"@type\":\"BreadcrumbList\",\"@id\":\"https:\/\/paperwise.eu\/de\/produkt\/paperwise-natural-kopierer-paperwise-natural-kopierpapier-a4-210x297mm-72-g-m%c2%b2-5x500-blatt\/#breadcrumb\",\"itemListElement\":[{\"@type\":\"ListItem\",\"position\":1,\"name\":\"Startseite\",\"item\":\"https:\/\/paperwise.eu\/de\/\"},{\"@type\":\"ListItem\",\"position\":2,\"name\":\"Webshop\",\"item\":\"https:\/\/paperwise.eu\/de\/webshop\/\"},{\"@type\":\"ListItem\",\"position\":3,\"name\":\"PaperWise Natural Kopierer &#8211; PaperWise Natural Kopierpapier A4 210x297mm 72 g\/m\u00b2 5&#215;500 Blatt\"}]},{\"@type\":\"WebSite\",\"@id\":\"https:\/\/paperwise.eu\/de\/#website\",\"url\":\"https:\/\/paperwise.eu\/de\/\",\"name\":\"Paperwise\",\"description\":\"\",\"potentialAction\":[{\"@type\":\"SearchAction\",\"target\":{\"@type\":\"EntryPoint\",\"urlTemplate\":\"https:\/\/paperwise.eu\/de\/?s={search_term_string}\"},\"query-input\":{\"@type\":\"PropertyValueSpecification\",\"valueRequired\":true,\"valueName\":\"search_term_string\"}}],\"inLanguage\":\"de\"}]}<\/script>\n<!-- \/ Yoast SEO plugin. -->","yoast_head_json":{"title":"PaperWise Natural Kopierer - PaperWise Natural Kopierpapier A4 210x297mm 72 g\/m\u00b2 5x500 Blatt - Paperwise","robots":{"index":"index","follow":"follow","max-snippet":"max-snippet:-1","max-image-preview":"max-image-preview:large","max-video-preview":"max-video-preview:-1"},"canonical":"https:\/\/paperwise.eu\/de\/produkt\/paperwise-natural-kopierer-paperwise-natural-kopierpapier-a4-210x297mm-72-g-m%c2%b2-5x500-blatt\/","og_locale":"de_DE","og_type":"article","og_title":"PaperWise Natural Kopierer - PaperWise Natural Kopierpapier A4 210x297mm 72 g\/m\u00b2 5x500 Blatt - Paperwise","og_description":"PaperWise Natural Druck- und Kopierpapier ist CO2-neutrales, ungebleichtes und baumfreies Papier, das aus landwirtschaftlichen Abf\u00e4llen hergestellt wird. Dieses nachhaltige Druck- und Kopierpapier mit einer sehr geringen Umweltbelastung hat eine nat\u00fcrliche hellbraune Farbe. PaperWise Natural Druck- und Kopierpapier ist f\u00fcr beidseitiges Drucken und Kopieren geeignet und l\u00e4sst sich hervorragend \u00fcber den normalen Altpapier- oder Archivvernichtungsstrom recyceln. [&hellip;]","og_url":"https:\/\/paperwise.eu\/de\/produkt\/paperwise-natural-kopierer-paperwise-natural-kopierpapier-a4-210x297mm-72-g-m%c2%b2-5x500-blatt\/","og_site_name":"Paperwise","og_image":[{"width":1009,"height":673,"url":"https:\/\/paperwise.eu\/wp-content\/uploads\/2026\/02\/PaperWise-Natural-copy-printing-paper-A4-72-gram.jpg","type":"image\/jpeg"}],"twitter_card":"summary_large_image","schema":{"@context":"https:\/\/schema.org","@graph":[{"@type":"WebPage","@id":"https:\/\/paperwise.eu\/de\/produkt\/paperwise-natural-kopierer-paperwise-natural-kopierpapier-a4-210x297mm-72-g-m%c2%b2-5x500-blatt\/","url":"https:\/\/paperwise.eu\/de\/produkt\/paperwise-natural-kopierer-paperwise-natural-kopierpapier-a4-210x297mm-72-g-m%c2%b2-5x500-blatt\/","name":"PaperWise Natural Kopierer - PaperWise Natural Kopierpapier A4 210x297mm 72 g\/m\u00b2 5x500 Blatt - Paperwise","isPartOf":{"@id":"https:\/\/paperwise.eu\/de\/#website"},"primaryImageOfPage":{"@id":"https:\/\/paperwise.eu\/de\/produkt\/paperwise-natural-kopierer-paperwise-natural-kopierpapier-a4-210x297mm-72-g-m%c2%b2-5x500-blatt\/#primaryimage"},"image":{"@id":"https:\/\/paperwise.eu\/de\/produkt\/paperwise-natural-kopierer-paperwise-natural-kopierpapier-a4-210x297mm-72-g-m%c2%b2-5x500-blatt\/#primaryimage"},"thumbnailUrl":"https:\/\/paperwise.eu\/wp-content\/uploads\/2026\/02\/PaperWise-Natural-copy-printing-paper-A4-72-gram.jpg","datePublished":"2026-03-10T19:42:54+00:00","breadcrumb":{"@id":"https:\/\/paperwise.eu\/de\/produkt\/paperwise-natural-kopierer-paperwise-natural-kopierpapier-a4-210x297mm-72-g-m%c2%b2-5x500-blatt\/#breadcrumb"},"inLanguage":"de","potentialAction":[{"@type":"ReadAction","target":["https:\/\/paperwise.eu\/de\/produkt\/paperwise-natural-kopierer-paperwise-natural-kopierpapier-a4-210x297mm-72-g-m%c2%b2-5x500-blatt\/"]}]},{"@type":"ImageObject","inLanguage":"de","@id":"https:\/\/paperwise.eu\/de\/produkt\/paperwise-natural-kopierer-paperwise-natural-kopierpapier-a4-210x297mm-72-g-m%c2%b2-5x500-blatt\/#primaryimage","url":"https:\/\/paperwise.eu\/wp-content\/uploads\/2026\/02\/PaperWise-Natural-copy-printing-paper-A4-72-gram.jpg","contentUrl":"https:\/\/paperwise.eu\/wp-content\/uploads\/2026\/02\/PaperWise-Natural-copy-printing-paper-A4-72-gram.jpg","width":1009,"height":673},{"@type":"BreadcrumbList","@id":"https:\/\/paperwise.eu\/de\/produkt\/paperwise-natural-kopierer-paperwise-natural-kopierpapier-a4-210x297mm-72-g-m%c2%b2-5x500-blatt\/#breadcrumb","itemListElement":[{"@type":"ListItem","position":1,"name":"Startseite","item":"https:\/\/paperwise.eu\/de\/"},{"@type":"ListItem","position":2,"name":"Webshop","item":"https:\/\/paperwise.eu\/de\/webshop\/"},{"@type":"ListItem","position":3,"name":"PaperWise Natural Kopierer &#8211; PaperWise Natural Kopierpapier A4 210x297mm 72 g\/m\u00b2 5&#215;500 Blatt"}]},{"@type":"WebSite","@id":"https:\/\/paperwise.eu\/de\/#website","url":"https:\/\/paperwise.eu\/de\/","name":"Paperwise","description":"","potentialAction":[{"@type":"SearchAction","target":{"@type":"EntryPoint","urlTemplate":"https:\/\/paperwise.eu\/de\/?s={search_term_string}"},"query-input":{"@type":"PropertyValueSpecification","valueRequired":true,"valueName":"search_term_string"}}],"inLanguage":"de"}]}},"_links":{"self":[{"href":"https:\/\/paperwise.eu\/de\/wp-json\/wp\/v2\/product\/14472","targetHints":{"allow":["GET"]}}],"collection":[{"href":"https:\/\/paperwise.eu\/de\/wp-json\/wp\/v2\/product"}],"about":[{"href":"https:\/\/paperwise.eu\/de\/wp-json\/wp\/v2\/types\/product"}],"wp:featuredmedia":[{"embeddable":true,"href":"https:\/\/paperwise.eu\/de\/wp-json\/wp\/v2\/media\/6401"}],"wp:attachment":[{"href":"https:\/\/paperwise.eu\/de\/wp-json\/wp\/v2\/media?parent=14472"}],"wp:term":[{"taxonomy":"product_brand","embeddable":true,"href":"https:\/\/paperwise.eu\/de\/wp-json\/wp\/v2\/product_brand?post=14472"},{"taxonomy":"product_cat","embeddable":true,"href":"https:\/\/paperwise.eu\/de\/wp-json\/wp\/v2\/product_cat?post=14472"},{"taxonomy":"product_tag","embeddable":true,"href":"https:\/\/paperwise.eu\/de\/wp-json\/wp\/v2\/product_tag?post=14472"}],"curies":[{"name":"wp","href":"https:\/\/api.w.org\/{rel}","templated":true}]}}