{"id":14425,"date":"2026-03-10T20:43:46","date_gmt":"2026-03-10T19:43:46","guid":{"rendered":"https:\/\/paperwise.eu\/product\/paperwise-natural-coated-1-seite-weiss-breit-1000x700mm-342-g-m%c2%b2-100-blatt\/"},"modified":"2026-03-10T20:43:46","modified_gmt":"2026-03-10T19:43:46","slug":"paperwise-natural-coated-1-seite-weiss-breit-1000x700mm-342-g-m%c2%b2-100-blatt","status":"publish","type":"product","link":"https:\/\/paperwise.eu\/de\/produkt\/paperwise-natural-coated-1-seite-weiss-breit-1000x700mm-342-g-m%c2%b2-100-blatt\/","title":{"rendered":"PaperWise Natural Coated 1 Seite Wei\u00df &#8211; Breit 1000x700mm 342 g\/m\u00b2 100 Blatt"},"content":{"rendered":"<p>PaperWise Natural Coated 1 Side White ist CO2-neutraler, ungebleichter Karton aus Agrarabf\u00e4llen. Dieser nachhaltige und baumfreie Karton mit sehr geringer Umweltbelastung ist auf einer Seite ungestrichen hellbraun, w\u00e4hrend die andere Seite eine nat\u00fcrliche wei\u00dfe Tonbeschichtung aufweist. Das Material eignet sich f\u00fcr Food- und Non-Food-Anwendungen. PaperWise Natural Coated 1 Side White ist f\u00fcr Lebensmittelsicherheit (EC1935\/2004) sowie industrielle Kompostierung (EN13432) zertifiziert und kann \u00fcber den normalen Altpapierstrom recycelt werden. Sowohl die wei\u00dfe als auch die nat\u00fcrliche hellbraune Seite lassen sich gestochen scharf im Offset-, Flexo- und Digitaldruck vollfarbig bedrucken. PaperWise Natural Coated 1 Side White wird von Druckereien und Kartonagebetrieben zu nachhaltigen Verpackungen und Druckerzeugnissen verarbeitet. Die Anwendungen reichen von Verpackungen f\u00fcr Trockensortimente, Obst und Gem\u00fcse bis hin zu (Luxus-)Kosmetik, Pflegeprodukten, Geschenken, Schmuck, Medikamenten und weiteren Konsumg\u00fcterverpackungen.       F\u00fcr Drucksachen eignet sich PaperWise Natural Coated 1 Side White hervorragend als Einband f\u00fcr B\u00fccher, Magazine, Hefte, Terminkalender, Schreibbl\u00f6cke und Notizb\u00fccher. Aber auch Flyer, Brosch\u00fcren, Gru\u00dfkarten, Visitenkarten und Poster lassen sich ausgezeichnet auf diesem nachhaltigen PaperWise-Karton drucken. <\/p>\n","protected":false},"excerpt":{"rendered":"<p>PaperWise Natural Coated 1 Side White ist CO2-neutraler, ungebleichter Karton aus Agrarabf\u00e4llen. Dieser nachhaltige und baumfreie Karton mit sehr geringer Umweltbelastung ist auf einer Seite ungestrichen hellbraun, w\u00e4hrend die andere Seite eine nat\u00fcrliche wei\u00dfe Tonbeschichtung aufweist. Das Material eignet sich f\u00fcr Food- und Non-Food-Anwendungen. PaperWise Natural Coated 1 Side White ist f\u00fcr Lebensmittelsicherheit (EC1935\/2004) sowie [&hellip;]<\/p>\n","protected":false},"featured_media":6345,"template":"","meta":{"_acf_changed":false},"product_brand":[],"product_cat":[351,293,294,354],"product_tag":[],"class_list":{"0":"post-14425","1":"product","2":"type-product","3":"status-publish","4":"has-post-thumbnail","6":"product_cat-blatter-und-rollen","7":"product_cat-bogen-rollen","8":"product_cat-papier-kartonbogen","9":"product_cat-papier-und-kartonbogen","10":"product_shipping_class-vellen-rollen","12":"first","13":"instock","14":"taxable","15":"shipping-taxable","16":"purchasable","17":"product-type-simple"},"acf":[],"yoast_head":"<!-- This site is optimized with the Yoast SEO plugin v27.2 - https:\/\/yoast.com\/product\/yoast-seo-wordpress\/ -->\n<title>PaperWise Natural Coated 1 Seite Wei\u00df - Breit 1000x700mm 342 g\/m\u00b2 100 Blatt - Paperwise<\/title>\n<meta name=\"robots\" content=\"index, follow, max-snippet:-1, max-image-preview:large, max-video-preview:-1\" \/>\n<link rel=\"canonical\" href=\"https:\/\/paperwise.eu\/de\/produkt\/paperwise-natural-coated-1-seite-weiss-breit-1000x700mm-342-g-m%c2%b2-100-blatt\/\" \/>\n<meta property=\"og:locale\" content=\"de_DE\" \/>\n<meta property=\"og:type\" content=\"article\" \/>\n<meta property=\"og:title\" content=\"PaperWise Natural Coated 1 Seite Wei\u00df - Breit 1000x700mm 342 g\/m\u00b2 100 Blatt - Paperwise\" \/>\n<meta property=\"og:description\" content=\"PaperWise Natural Coated 1 Side White ist CO2-neutraler, ungebleichter Karton aus Agrarabf\u00e4llen. Dieser nachhaltige und baumfreie Karton mit sehr geringer Umweltbelastung ist auf einer Seite ungestrichen hellbraun, w\u00e4hrend die andere Seite eine nat\u00fcrliche wei\u00dfe Tonbeschichtung aufweist. Das Material eignet sich f\u00fcr Food- und Non-Food-Anwendungen. PaperWise Natural Coated 1 Side White ist f\u00fcr Lebensmittelsicherheit (EC1935\/2004) sowie [&hellip;]\" \/>\n<meta property=\"og:url\" content=\"https:\/\/paperwise.eu\/de\/produkt\/paperwise-natural-coated-1-seite-weiss-breit-1000x700mm-342-g-m%c2%b2-100-blatt\/\" \/>\n<meta property=\"og:site_name\" content=\"Paperwise\" \/>\n<meta property=\"og:image\" content=\"https:\/\/paperwise.eu\/wp-content\/uploads\/2026\/02\/PaperWise-ream-Natural.jpg\" \/>\n\t<meta property=\"og:image:width\" content=\"1000\" \/>\n\t<meta property=\"og:image:height\" content=\"667\" \/>\n\t<meta property=\"og:image:type\" content=\"image\/jpeg\" \/>\n<meta name=\"twitter:card\" content=\"summary_large_image\" \/>\n<meta name=\"twitter:label1\" content=\"Gesch\u00e4tzte Lesezeit\" \/>\n\t<meta name=\"twitter:data1\" content=\"1\u00a0Minute\" \/>\n<script type=\"application\/ld+json\" class=\"yoast-schema-graph\">{\"@context\":\"https:\/\/schema.org\",\"@graph\":[{\"@type\":\"WebPage\",\"@id\":\"https:\/\/paperwise.eu\/de\/produkt\/paperwise-natural-coated-1-seite-weiss-breit-1000x700mm-342-g-m%c2%b2-100-blatt\/\",\"url\":\"https:\/\/paperwise.eu\/de\/produkt\/paperwise-natural-coated-1-seite-weiss-breit-1000x700mm-342-g-m%c2%b2-100-blatt\/\",\"name\":\"PaperWise Natural Coated 1 Seite Wei\u00df - Breit 1000x700mm 342 g\/m\u00b2 100 Blatt - Paperwise\",\"isPartOf\":{\"@id\":\"https:\/\/paperwise.eu\/de\/#website\"},\"primaryImageOfPage\":{\"@id\":\"https:\/\/paperwise.eu\/de\/produkt\/paperwise-natural-coated-1-seite-weiss-breit-1000x700mm-342-g-m%c2%b2-100-blatt\/#primaryimage\"},\"image\":{\"@id\":\"https:\/\/paperwise.eu\/de\/produkt\/paperwise-natural-coated-1-seite-weiss-breit-1000x700mm-342-g-m%c2%b2-100-blatt\/#primaryimage\"},\"thumbnailUrl\":\"https:\/\/paperwise.eu\/wp-content\/uploads\/2026\/02\/PaperWise-ream-Natural.jpg\",\"datePublished\":\"2026-03-10T19:43:46+00:00\",\"breadcrumb\":{\"@id\":\"https:\/\/paperwise.eu\/de\/produkt\/paperwise-natural-coated-1-seite-weiss-breit-1000x700mm-342-g-m%c2%b2-100-blatt\/#breadcrumb\"},\"inLanguage\":\"de\",\"potentialAction\":[{\"@type\":\"ReadAction\",\"target\":[\"https:\/\/paperwise.eu\/de\/produkt\/paperwise-natural-coated-1-seite-weiss-breit-1000x700mm-342-g-m%c2%b2-100-blatt\/\"]}]},{\"@type\":\"ImageObject\",\"inLanguage\":\"de\",\"@id\":\"https:\/\/paperwise.eu\/de\/produkt\/paperwise-natural-coated-1-seite-weiss-breit-1000x700mm-342-g-m%c2%b2-100-blatt\/#primaryimage\",\"url\":\"https:\/\/paperwise.eu\/wp-content\/uploads\/2026\/02\/PaperWise-ream-Natural.jpg\",\"contentUrl\":\"https:\/\/paperwise.eu\/wp-content\/uploads\/2026\/02\/PaperWise-ream-Natural.jpg\",\"width\":1000,\"height\":667},{\"@type\":\"BreadcrumbList\",\"@id\":\"https:\/\/paperwise.eu\/de\/produkt\/paperwise-natural-coated-1-seite-weiss-breit-1000x700mm-342-g-m%c2%b2-100-blatt\/#breadcrumb\",\"itemListElement\":[{\"@type\":\"ListItem\",\"position\":1,\"name\":\"Startseite\",\"item\":\"https:\/\/paperwise.eu\/de\/\"},{\"@type\":\"ListItem\",\"position\":2,\"name\":\"Webshop\",\"item\":\"https:\/\/paperwise.eu\/de\/webshop\/\"},{\"@type\":\"ListItem\",\"position\":3,\"name\":\"PaperWise Natural Coated 1 Seite Wei\u00df &#8211; Breit 1000x700mm 342 g\/m\u00b2 100 Blatt\"}]},{\"@type\":\"WebSite\",\"@id\":\"https:\/\/paperwise.eu\/de\/#website\",\"url\":\"https:\/\/paperwise.eu\/de\/\",\"name\":\"Paperwise\",\"description\":\"\",\"potentialAction\":[{\"@type\":\"SearchAction\",\"target\":{\"@type\":\"EntryPoint\",\"urlTemplate\":\"https:\/\/paperwise.eu\/de\/?s={search_term_string}\"},\"query-input\":{\"@type\":\"PropertyValueSpecification\",\"valueRequired\":true,\"valueName\":\"search_term_string\"}}],\"inLanguage\":\"de\"}]}<\/script>\n<!-- \/ Yoast SEO plugin. -->","yoast_head_json":{"title":"PaperWise Natural Coated 1 Seite Wei\u00df - Breit 1000x700mm 342 g\/m\u00b2 100 Blatt - Paperwise","robots":{"index":"index","follow":"follow","max-snippet":"max-snippet:-1","max-image-preview":"max-image-preview:large","max-video-preview":"max-video-preview:-1"},"canonical":"https:\/\/paperwise.eu\/de\/produkt\/paperwise-natural-coated-1-seite-weiss-breit-1000x700mm-342-g-m%c2%b2-100-blatt\/","og_locale":"de_DE","og_type":"article","og_title":"PaperWise Natural Coated 1 Seite Wei\u00df - Breit 1000x700mm 342 g\/m\u00b2 100 Blatt - Paperwise","og_description":"PaperWise Natural Coated 1 Side White ist CO2-neutraler, ungebleichter Karton aus Agrarabf\u00e4llen. Dieser nachhaltige und baumfreie Karton mit sehr geringer Umweltbelastung ist auf einer Seite ungestrichen hellbraun, w\u00e4hrend die andere Seite eine nat\u00fcrliche wei\u00dfe Tonbeschichtung aufweist. Das Material eignet sich f\u00fcr Food- und Non-Food-Anwendungen. PaperWise Natural Coated 1 Side White ist f\u00fcr Lebensmittelsicherheit (EC1935\/2004) sowie [&hellip;]","og_url":"https:\/\/paperwise.eu\/de\/produkt\/paperwise-natural-coated-1-seite-weiss-breit-1000x700mm-342-g-m%c2%b2-100-blatt\/","og_site_name":"Paperwise","og_image":[{"width":1000,"height":667,"url":"https:\/\/paperwise.eu\/wp-content\/uploads\/2026\/02\/PaperWise-ream-Natural.jpg","type":"image\/jpeg"}],"twitter_card":"summary_large_image","twitter_misc":{"Gesch\u00e4tzte Lesezeit":"1\u00a0Minute"},"schema":{"@context":"https:\/\/schema.org","@graph":[{"@type":"WebPage","@id":"https:\/\/paperwise.eu\/de\/produkt\/paperwise-natural-coated-1-seite-weiss-breit-1000x700mm-342-g-m%c2%b2-100-blatt\/","url":"https:\/\/paperwise.eu\/de\/produkt\/paperwise-natural-coated-1-seite-weiss-breit-1000x700mm-342-g-m%c2%b2-100-blatt\/","name":"PaperWise Natural Coated 1 Seite Wei\u00df - Breit 1000x700mm 342 g\/m\u00b2 100 Blatt - Paperwise","isPartOf":{"@id":"https:\/\/paperwise.eu\/de\/#website"},"primaryImageOfPage":{"@id":"https:\/\/paperwise.eu\/de\/produkt\/paperwise-natural-coated-1-seite-weiss-breit-1000x700mm-342-g-m%c2%b2-100-blatt\/#primaryimage"},"image":{"@id":"https:\/\/paperwise.eu\/de\/produkt\/paperwise-natural-coated-1-seite-weiss-breit-1000x700mm-342-g-m%c2%b2-100-blatt\/#primaryimage"},"thumbnailUrl":"https:\/\/paperwise.eu\/wp-content\/uploads\/2026\/02\/PaperWise-ream-Natural.jpg","datePublished":"2026-03-10T19:43:46+00:00","breadcrumb":{"@id":"https:\/\/paperwise.eu\/de\/produkt\/paperwise-natural-coated-1-seite-weiss-breit-1000x700mm-342-g-m%c2%b2-100-blatt\/#breadcrumb"},"inLanguage":"de","potentialAction":[{"@type":"ReadAction","target":["https:\/\/paperwise.eu\/de\/produkt\/paperwise-natural-coated-1-seite-weiss-breit-1000x700mm-342-g-m%c2%b2-100-blatt\/"]}]},{"@type":"ImageObject","inLanguage":"de","@id":"https:\/\/paperwise.eu\/de\/produkt\/paperwise-natural-coated-1-seite-weiss-breit-1000x700mm-342-g-m%c2%b2-100-blatt\/#primaryimage","url":"https:\/\/paperwise.eu\/wp-content\/uploads\/2026\/02\/PaperWise-ream-Natural.jpg","contentUrl":"https:\/\/paperwise.eu\/wp-content\/uploads\/2026\/02\/PaperWise-ream-Natural.jpg","width":1000,"height":667},{"@type":"BreadcrumbList","@id":"https:\/\/paperwise.eu\/de\/produkt\/paperwise-natural-coated-1-seite-weiss-breit-1000x700mm-342-g-m%c2%b2-100-blatt\/#breadcrumb","itemListElement":[{"@type":"ListItem","position":1,"name":"Startseite","item":"https:\/\/paperwise.eu\/de\/"},{"@type":"ListItem","position":2,"name":"Webshop","item":"https:\/\/paperwise.eu\/de\/webshop\/"},{"@type":"ListItem","position":3,"name":"PaperWise Natural Coated 1 Seite Wei\u00df &#8211; Breit 1000x700mm 342 g\/m\u00b2 100 Blatt"}]},{"@type":"WebSite","@id":"https:\/\/paperwise.eu\/de\/#website","url":"https:\/\/paperwise.eu\/de\/","name":"Paperwise","description":"","potentialAction":[{"@type":"SearchAction","target":{"@type":"EntryPoint","urlTemplate":"https:\/\/paperwise.eu\/de\/?s={search_term_string}"},"query-input":{"@type":"PropertyValueSpecification","valueRequired":true,"valueName":"search_term_string"}}],"inLanguage":"de"}]}},"_links":{"self":[{"href":"https:\/\/paperwise.eu\/de\/wp-json\/wp\/v2\/product\/14425","targetHints":{"allow":["GET"]}}],"collection":[{"href":"https:\/\/paperwise.eu\/de\/wp-json\/wp\/v2\/product"}],"about":[{"href":"https:\/\/paperwise.eu\/de\/wp-json\/wp\/v2\/types\/product"}],"wp:featuredmedia":[{"embeddable":true,"href":"https:\/\/paperwise.eu\/de\/wp-json\/wp\/v2\/media\/6345"}],"wp:attachment":[{"href":"https:\/\/paperwise.eu\/de\/wp-json\/wp\/v2\/media?parent=14425"}],"wp:term":[{"taxonomy":"product_brand","embeddable":true,"href":"https:\/\/paperwise.eu\/de\/wp-json\/wp\/v2\/product_brand?post=14425"},{"taxonomy":"product_cat","embeddable":true,"href":"https:\/\/paperwise.eu\/de\/wp-json\/wp\/v2\/product_cat?post=14425"},{"taxonomy":"product_tag","embeddable":true,"href":"https:\/\/paperwise.eu\/de\/wp-json\/wp\/v2\/product_tag?post=14425"}],"curies":[{"name":"wp","href":"https:\/\/api.w.org\/{rel}","templated":true}]}}