{"id":14404,"date":"2026-03-10T20:44:44","date_gmt":"2026-03-10T19:44:44","guid":{"rendered":"https:\/\/paperwise.eu\/product\/paperwise-schreibblock-a5-hellbrauner-einband-mit-liniertem-hellbraunem-papier-70-gsm-50-blatt-1-schreibblock\/"},"modified":"2026-03-10T20:44:44","modified_gmt":"2026-03-10T19:44:44","slug":"paperwise-schreibblock-a5-hellbrauner-einband-mit-liniertem-hellbraunem-papier-70-gsm-50-blatt-1-schreibblock","status":"publish","type":"product","link":"https:\/\/paperwise.eu\/de\/produkt\/paperwise-schreibblock-a5-hellbrauner-einband-mit-liniertem-hellbraunem-papier-70-gsm-50-blatt-1-schreibblock\/","title":{"rendered":"&#8211; PaperWise Schreibblock A5 hellbrauner Einband mit liniertem hellbraunem Papier 70 gsm 50 Blatt 1 Schreibblock"},"content":{"rendered":"<p>PaperWise Natural linierte Schreibbl\u00f6cke werden aus CO2-neutralem PaperWise Papier aus landwirtschaftlichen Abf\u00e4llen hergestellt. PaperWise Natural ist baumfreies, ungebleichtes Papier aus landwirtschaftlichen Abf\u00e4llen und eignet sich hervorragend f\u00fcr das Recycling \u00fcber den normalen Altpapierstrom. Die Schreibbl\u00f6cke haben eine sehr geringe Umweltbelastung. PaperWise Schreibbl\u00f6cke sind kopfgeklebt und mit einem PaperWise Deckblatt versehen. Das PaperWise-Innenleben ist gef\u00fcttert und besteht wie das Deckblatt aus ungebleichtem hellbraunem PaperWise-Naturpapier. Das Paperwise-Design auf der Vorder- und Innenseite macht sofort klar, dass es sich um einen sehr nachhaltigen und umweltfreundlichen Schreibblock handelt.     <\/p>\n","protected":false},"excerpt":{"rendered":"<p>PaperWise Natural linierte Schreibbl\u00f6cke werden aus CO2-neutralem PaperWise Papier aus landwirtschaftlichen Abf\u00e4llen hergestellt. PaperWise Natural ist baumfreies, ungebleichtes Papier aus landwirtschaftlichen Abf\u00e4llen und eignet sich hervorragend f\u00fcr das Recycling \u00fcber den normalen Altpapierstrom. Die Schreibbl\u00f6cke haben eine sehr geringe Umweltbelastung. PaperWise Schreibbl\u00f6cke sind kopfgeklebt und mit einem PaperWise Deckblatt versehen. Das PaperWise-Innenleben ist gef\u00fcttert und [&hellip;]<\/p>\n","protected":false},"featured_media":6446,"template":"","meta":{"_acf_changed":false},"product_brand":[],"product_cat":[302,303],"product_tag":[],"class_list":{"0":"post-14404","1":"product","2":"type-product","3":"status-publish","4":"has-post-thumbnail","6":"product_cat-endprodukte","7":"product_cat-schreibblocke","8":"product_shipping_class-eindproducten","10":"first","11":"outofstock","12":"taxable","13":"shipping-taxable","14":"purchasable","15":"product-type-simple"},"acf":[],"yoast_head":"<!-- This site is optimized with the Yoast SEO plugin v27.2 - https:\/\/yoast.com\/product\/yoast-seo-wordpress\/ -->\n<title>- PaperWise Schreibblock A5 hellbrauner Einband mit liniertem hellbraunem Papier 70 gsm 50 Blatt 1 Schreibblock - Paperwise<\/title>\n<meta name=\"robots\" content=\"index, follow, max-snippet:-1, max-image-preview:large, max-video-preview:-1\" \/>\n<link rel=\"canonical\" href=\"https:\/\/paperwise.eu\/de\/produkt\/paperwise-schreibblock-a5-hellbrauner-einband-mit-liniertem-hellbraunem-papier-70-gsm-50-blatt-1-schreibblock\/\" \/>\n<meta property=\"og:locale\" content=\"de_DE\" \/>\n<meta property=\"og:type\" content=\"article\" \/>\n<meta property=\"og:title\" content=\"- PaperWise Schreibblock A5 hellbrauner Einband mit liniertem hellbraunem Papier 70 gsm 50 Blatt 1 Schreibblock - Paperwise\" \/>\n<meta property=\"og:description\" content=\"PaperWise Natural linierte Schreibbl\u00f6cke werden aus CO2-neutralem PaperWise Papier aus landwirtschaftlichen Abf\u00e4llen hergestellt. PaperWise Natural ist baumfreies, ungebleichtes Papier aus landwirtschaftlichen Abf\u00e4llen und eignet sich hervorragend f\u00fcr das Recycling \u00fcber den normalen Altpapierstrom. Die Schreibbl\u00f6cke haben eine sehr geringe Umweltbelastung. PaperWise Schreibbl\u00f6cke sind kopfgeklebt und mit einem PaperWise Deckblatt versehen. Das PaperWise-Innenleben ist gef\u00fcttert und [&hellip;]\" \/>\n<meta property=\"og:url\" content=\"https:\/\/paperwise.eu\/de\/produkt\/paperwise-schreibblock-a5-hellbrauner-einband-mit-liniertem-hellbraunem-papier-70-gsm-50-blatt-1-schreibblock\/\" \/>\n<meta property=\"og:site_name\" content=\"Paperwise\" \/>\n<meta property=\"og:image\" content=\"https:\/\/paperwise.eu\/wp-content\/uploads\/2026\/02\/PaperWise-note-book-A5-natural-natural.jpg\" \/>\n\t<meta property=\"og:image:width\" content=\"2560\" \/>\n\t<meta property=\"og:image:height\" content=\"1707\" \/>\n\t<meta property=\"og:image:type\" content=\"image\/jpeg\" \/>\n<meta name=\"twitter:card\" content=\"summary_large_image\" \/>\n<script type=\"application\/ld+json\" class=\"yoast-schema-graph\">{\"@context\":\"https:\/\/schema.org\",\"@graph\":[{\"@type\":\"WebPage\",\"@id\":\"https:\/\/paperwise.eu\/de\/produkt\/paperwise-schreibblock-a5-hellbrauner-einband-mit-liniertem-hellbraunem-papier-70-gsm-50-blatt-1-schreibblock\/\",\"url\":\"https:\/\/paperwise.eu\/de\/produkt\/paperwise-schreibblock-a5-hellbrauner-einband-mit-liniertem-hellbraunem-papier-70-gsm-50-blatt-1-schreibblock\/\",\"name\":\"- PaperWise Schreibblock A5 hellbrauner Einband mit liniertem hellbraunem Papier 70 gsm 50 Blatt 1 Schreibblock - Paperwise\",\"isPartOf\":{\"@id\":\"https:\/\/paperwise.eu\/de\/#website\"},\"primaryImageOfPage\":{\"@id\":\"https:\/\/paperwise.eu\/de\/produkt\/paperwise-schreibblock-a5-hellbrauner-einband-mit-liniertem-hellbraunem-papier-70-gsm-50-blatt-1-schreibblock\/#primaryimage\"},\"image\":{\"@id\":\"https:\/\/paperwise.eu\/de\/produkt\/paperwise-schreibblock-a5-hellbrauner-einband-mit-liniertem-hellbraunem-papier-70-gsm-50-blatt-1-schreibblock\/#primaryimage\"},\"thumbnailUrl\":\"https:\/\/paperwise.eu\/wp-content\/uploads\/2026\/02\/PaperWise-note-book-A5-natural-natural.jpg\",\"datePublished\":\"2026-03-10T19:44:44+00:00\",\"breadcrumb\":{\"@id\":\"https:\/\/paperwise.eu\/de\/produkt\/paperwise-schreibblock-a5-hellbrauner-einband-mit-liniertem-hellbraunem-papier-70-gsm-50-blatt-1-schreibblock\/#breadcrumb\"},\"inLanguage\":\"de\",\"potentialAction\":[{\"@type\":\"ReadAction\",\"target\":[\"https:\/\/paperwise.eu\/de\/produkt\/paperwise-schreibblock-a5-hellbrauner-einband-mit-liniertem-hellbraunem-papier-70-gsm-50-blatt-1-schreibblock\/\"]}]},{\"@type\":\"ImageObject\",\"inLanguage\":\"de\",\"@id\":\"https:\/\/paperwise.eu\/de\/produkt\/paperwise-schreibblock-a5-hellbrauner-einband-mit-liniertem-hellbraunem-papier-70-gsm-50-blatt-1-schreibblock\/#primaryimage\",\"url\":\"https:\/\/paperwise.eu\/wp-content\/uploads\/2026\/02\/PaperWise-note-book-A5-natural-natural.jpg\",\"contentUrl\":\"https:\/\/paperwise.eu\/wp-content\/uploads\/2026\/02\/PaperWise-note-book-A5-natural-natural.jpg\",\"width\":2560,\"height\":1707},{\"@type\":\"BreadcrumbList\",\"@id\":\"https:\/\/paperwise.eu\/de\/produkt\/paperwise-schreibblock-a5-hellbrauner-einband-mit-liniertem-hellbraunem-papier-70-gsm-50-blatt-1-schreibblock\/#breadcrumb\",\"itemListElement\":[{\"@type\":\"ListItem\",\"position\":1,\"name\":\"Startseite\",\"item\":\"https:\/\/paperwise.eu\/de\/\"},{\"@type\":\"ListItem\",\"position\":2,\"name\":\"Webshop\",\"item\":\"https:\/\/paperwise.eu\/de\/webshop\/\"},{\"@type\":\"ListItem\",\"position\":3,\"name\":\"&#8211; PaperWise Schreibblock A5 hellbrauner Einband mit liniertem hellbraunem Papier 70 gsm 50 Blatt 1 Schreibblock\"}]},{\"@type\":\"WebSite\",\"@id\":\"https:\/\/paperwise.eu\/de\/#website\",\"url\":\"https:\/\/paperwise.eu\/de\/\",\"name\":\"Paperwise\",\"description\":\"\",\"potentialAction\":[{\"@type\":\"SearchAction\",\"target\":{\"@type\":\"EntryPoint\",\"urlTemplate\":\"https:\/\/paperwise.eu\/de\/?s={search_term_string}\"},\"query-input\":{\"@type\":\"PropertyValueSpecification\",\"valueRequired\":true,\"valueName\":\"search_term_string\"}}],\"inLanguage\":\"de\"}]}<\/script>\n<!-- \/ Yoast SEO plugin. -->","yoast_head_json":{"title":"- PaperWise Schreibblock A5 hellbrauner Einband mit liniertem hellbraunem Papier 70 gsm 50 Blatt 1 Schreibblock - Paperwise","robots":{"index":"index","follow":"follow","max-snippet":"max-snippet:-1","max-image-preview":"max-image-preview:large","max-video-preview":"max-video-preview:-1"},"canonical":"https:\/\/paperwise.eu\/de\/produkt\/paperwise-schreibblock-a5-hellbrauner-einband-mit-liniertem-hellbraunem-papier-70-gsm-50-blatt-1-schreibblock\/","og_locale":"de_DE","og_type":"article","og_title":"- PaperWise Schreibblock A5 hellbrauner Einband mit liniertem hellbraunem Papier 70 gsm 50 Blatt 1 Schreibblock - Paperwise","og_description":"PaperWise Natural linierte Schreibbl\u00f6cke werden aus CO2-neutralem PaperWise Papier aus landwirtschaftlichen Abf\u00e4llen hergestellt. PaperWise Natural ist baumfreies, ungebleichtes Papier aus landwirtschaftlichen Abf\u00e4llen und eignet sich hervorragend f\u00fcr das Recycling \u00fcber den normalen Altpapierstrom. Die Schreibbl\u00f6cke haben eine sehr geringe Umweltbelastung. PaperWise Schreibbl\u00f6cke sind kopfgeklebt und mit einem PaperWise Deckblatt versehen. Das PaperWise-Innenleben ist gef\u00fcttert und [&hellip;]","og_url":"https:\/\/paperwise.eu\/de\/produkt\/paperwise-schreibblock-a5-hellbrauner-einband-mit-liniertem-hellbraunem-papier-70-gsm-50-blatt-1-schreibblock\/","og_site_name":"Paperwise","og_image":[{"width":2560,"height":1707,"url":"https:\/\/paperwise.eu\/wp-content\/uploads\/2026\/02\/PaperWise-note-book-A5-natural-natural.jpg","type":"image\/jpeg"}],"twitter_card":"summary_large_image","schema":{"@context":"https:\/\/schema.org","@graph":[{"@type":"WebPage","@id":"https:\/\/paperwise.eu\/de\/produkt\/paperwise-schreibblock-a5-hellbrauner-einband-mit-liniertem-hellbraunem-papier-70-gsm-50-blatt-1-schreibblock\/","url":"https:\/\/paperwise.eu\/de\/produkt\/paperwise-schreibblock-a5-hellbrauner-einband-mit-liniertem-hellbraunem-papier-70-gsm-50-blatt-1-schreibblock\/","name":"- PaperWise Schreibblock A5 hellbrauner Einband mit liniertem hellbraunem Papier 70 gsm 50 Blatt 1 Schreibblock - Paperwise","isPartOf":{"@id":"https:\/\/paperwise.eu\/de\/#website"},"primaryImageOfPage":{"@id":"https:\/\/paperwise.eu\/de\/produkt\/paperwise-schreibblock-a5-hellbrauner-einband-mit-liniertem-hellbraunem-papier-70-gsm-50-blatt-1-schreibblock\/#primaryimage"},"image":{"@id":"https:\/\/paperwise.eu\/de\/produkt\/paperwise-schreibblock-a5-hellbrauner-einband-mit-liniertem-hellbraunem-papier-70-gsm-50-blatt-1-schreibblock\/#primaryimage"},"thumbnailUrl":"https:\/\/paperwise.eu\/wp-content\/uploads\/2026\/02\/PaperWise-note-book-A5-natural-natural.jpg","datePublished":"2026-03-10T19:44:44+00:00","breadcrumb":{"@id":"https:\/\/paperwise.eu\/de\/produkt\/paperwise-schreibblock-a5-hellbrauner-einband-mit-liniertem-hellbraunem-papier-70-gsm-50-blatt-1-schreibblock\/#breadcrumb"},"inLanguage":"de","potentialAction":[{"@type":"ReadAction","target":["https:\/\/paperwise.eu\/de\/produkt\/paperwise-schreibblock-a5-hellbrauner-einband-mit-liniertem-hellbraunem-papier-70-gsm-50-blatt-1-schreibblock\/"]}]},{"@type":"ImageObject","inLanguage":"de","@id":"https:\/\/paperwise.eu\/de\/produkt\/paperwise-schreibblock-a5-hellbrauner-einband-mit-liniertem-hellbraunem-papier-70-gsm-50-blatt-1-schreibblock\/#primaryimage","url":"https:\/\/paperwise.eu\/wp-content\/uploads\/2026\/02\/PaperWise-note-book-A5-natural-natural.jpg","contentUrl":"https:\/\/paperwise.eu\/wp-content\/uploads\/2026\/02\/PaperWise-note-book-A5-natural-natural.jpg","width":2560,"height":1707},{"@type":"BreadcrumbList","@id":"https:\/\/paperwise.eu\/de\/produkt\/paperwise-schreibblock-a5-hellbrauner-einband-mit-liniertem-hellbraunem-papier-70-gsm-50-blatt-1-schreibblock\/#breadcrumb","itemListElement":[{"@type":"ListItem","position":1,"name":"Startseite","item":"https:\/\/paperwise.eu\/de\/"},{"@type":"ListItem","position":2,"name":"Webshop","item":"https:\/\/paperwise.eu\/de\/webshop\/"},{"@type":"ListItem","position":3,"name":"&#8211; PaperWise Schreibblock A5 hellbrauner Einband mit liniertem hellbraunem Papier 70 gsm 50 Blatt 1 Schreibblock"}]},{"@type":"WebSite","@id":"https:\/\/paperwise.eu\/de\/#website","url":"https:\/\/paperwise.eu\/de\/","name":"Paperwise","description":"","potentialAction":[{"@type":"SearchAction","target":{"@type":"EntryPoint","urlTemplate":"https:\/\/paperwise.eu\/de\/?s={search_term_string}"},"query-input":{"@type":"PropertyValueSpecification","valueRequired":true,"valueName":"search_term_string"}}],"inLanguage":"de"}]}},"_links":{"self":[{"href":"https:\/\/paperwise.eu\/de\/wp-json\/wp\/v2\/product\/14404","targetHints":{"allow":["GET"]}}],"collection":[{"href":"https:\/\/paperwise.eu\/de\/wp-json\/wp\/v2\/product"}],"about":[{"href":"https:\/\/paperwise.eu\/de\/wp-json\/wp\/v2\/types\/product"}],"wp:featuredmedia":[{"embeddable":true,"href":"https:\/\/paperwise.eu\/de\/wp-json\/wp\/v2\/media\/6446"}],"wp:attachment":[{"href":"https:\/\/paperwise.eu\/de\/wp-json\/wp\/v2\/media?parent=14404"}],"wp:term":[{"taxonomy":"product_brand","embeddable":true,"href":"https:\/\/paperwise.eu\/de\/wp-json\/wp\/v2\/product_brand?post=14404"},{"taxonomy":"product_cat","embeddable":true,"href":"https:\/\/paperwise.eu\/de\/wp-json\/wp\/v2\/product_cat?post=14404"},{"taxonomy":"product_tag","embeddable":true,"href":"https:\/\/paperwise.eu\/de\/wp-json\/wp\/v2\/product_tag?post=14404"}],"curies":[{"name":"wp","href":"https:\/\/api.w.org\/{rel}","templated":true}]}}