{"id":12187,"date":"2025-11-18T14:52:58","date_gmt":"2025-11-18T13:52:58","guid":{"rendered":"https:\/\/paperwise.eu\/markenzeichen\/"},"modified":"2026-04-09T06:47:49","modified_gmt":"2026-04-09T04:47:49","slug":"markenzeichen","status":"publish","type":"page","link":"https:\/\/paperwise.eu\/de\/markenzeichen\/","title":{"rendered":"Markenzeichen"},"content":{"rendered":"\n<section class=\"section-two-images-info-usps section-two-images-info-usps\" >\n    <div class=\"container pt-5 pb-5\">\n        <div class=\"row align-items-start\">\n            <!-- Left: Two Images (50%) -->\n            <div class=\"col-12 col-lg-6\">\n                <div class=\"images-wrapper\">\n                                            <div class=\"image-left\">\n                            <img decoding=\"async\" src=\"https:\/\/paperwise.eu\/wp-content\/uploads\/2025\/11\/Rectangle-127.png\"\n                                alt=\"\"\n                                class=\"img-fluid\">\n                        <\/div>\n                    \n                                    <\/div>\n            <\/div>\n\n            <!-- Right: Info & USPs (50%) -->\n            <div class=\"col-12 col-lg-6\">\n                <div class=\"info-wrapper\">\n                                            <h2 class=\"section-title\">\n                                                            <span class=\"title-highlight\">Markenzeichen<\/span>\n                                                        und Zertifizierungen                        <\/h2>\n                    \n                                            <div class=\"section-description\">\n                            PaperWise ist Papier, das aus landwirtschaftlichen Abf\u00e4llen hergestellt wird. Zertifizierungen wie FSC, PEFC und EU Ecolabel (Papier aus B\u00e4umen) und De Blauwe Engel (Recyclingpapier) spielen daher keine Rolle. Andere G\u00fctesiegel und Zertifizierungen gelten jedoch:                          <\/div>\n                    \n                                            <div class=\"usps-grid\">\n                                                            <div class=\"usp-item\">\n                                                                            <div class=\"usp-icon\">\n                                            <img decoding=\"async\" src=\"https:\/\/paperwise.eu\/wp-content\/uploads\/2025\/11\/checkmark.svg\"\n                                                alt=\"\">\n                                        <\/div>\n                                                                                                                <div class=\"usp-text\">B Corp<\/div>\n                                                                    <\/div>\n                                                            <div class=\"usp-item\">\n                                                                            <div class=\"usp-icon\">\n                                            <img decoding=\"async\" src=\"https:\/\/paperwise.eu\/wp-content\/uploads\/2025\/12\/Asset-10.svg\"\n                                                alt=\"\">\n                                        <\/div>\n                                                                                                                <div class=\"usp-text\">ISEGA lebensmittelecht<\/div>\n                                                                    <\/div>\n                                                            <div class=\"usp-item\">\n                                                                            <div class=\"usp-icon\">\n                                            <img decoding=\"async\" src=\"https:\/\/paperwise.eu\/wp-content\/uploads\/2025\/11\/checkmark.svg\"\n                                                alt=\"\">\n                                        <\/div>\n                                                                                                                <div class=\"usp-text\">ISO 45001 G&amp;VW-Managementsystem<\/div>\n                                                                    <\/div>\n                                                            <div class=\"usp-item\">\n                                                                            <div class=\"usp-icon\">\n                                            <img decoding=\"async\" src=\"https:\/\/paperwise.eu\/wp-content\/uploads\/2025\/12\/Asset-7.svg\"\n                                                alt=\"\">\n                                        <\/div>\n                                                                                                                <div class=\"usp-text\">PTS recycelbar<\/div>\n                                                                    <\/div>\n                                                            <div class=\"usp-item\">\n                                                                            <div class=\"usp-icon\">\n                                            <img decoding=\"async\" src=\"https:\/\/paperwise.eu\/wp-content\/uploads\/2025\/11\/checkmark.svg\"\n                                                alt=\"\">\n                                        <\/div>\n                                                                                                                <div class=\"usp-text\">ISO 9001 Qualit\u00e4tsmanagement-System<\/div>\n                                                                    <\/div>\n                                                            <div class=\"usp-item\">\n                                                                            <div class=\"usp-icon\">\n                                            <img decoding=\"async\" src=\"https:\/\/paperwise.eu\/wp-content\/uploads\/2025\/12\/Asset-8.svg\"\n                                                alt=\"\">\n                                        <\/div>\n                                                                                                                <div class=\"usp-text\">DIN CERTCO Haus kompostierbar<\/div>\n                                                                    <\/div>\n                                                            <div class=\"usp-item\">\n                                                                            <div class=\"usp-icon\">\n                                            <img decoding=\"async\" src=\"https:\/\/paperwise.eu\/wp-content\/uploads\/2025\/11\/checkmark.svg\"\n                                                alt=\"\">\n                                        <\/div>\n                                                                                                                <div class=\"usp-text\">ISO 14001 Umweltmanagementsystem<\/div>\n                                                                    <\/div>\n                                                            <div class=\"usp-item\">\n                                                                            <div class=\"usp-icon\">\n                                            <img decoding=\"async\" src=\"https:\/\/paperwise.eu\/wp-content\/uploads\/2025\/11\/Schermafbeelding-2025-11-17-om-13.14.15.png\"\n                                                alt=\"\">\n                                        <\/div>\n                                                                                                                <div class=\"usp-text\">EN-13432 industriell kompostierbar<\/div>\n                                                                    <\/div>\n                                                    <\/div>\n                    \n                                    <\/div>\n            <\/div>\n        <\/div>\n    <\/div>\n<\/section>\n<section class=\"section-full-width-cta-bar mb-5 section-full-width-cta-bar\" >\n    <a href=\"https:\/\/paperwise.eu\/de\/mission\/\"\n        target=\"_self\"\n        class=\"cta-bar-link cta-bar-dark-green\">\n        <div class=\"cta-bar-content pt-4 pb-4\">\n            <div class=\"container\">\n                <div class=\"row align-items-center\">\n                    <div class=\"col-12\">\n                        <div class=\"cta-bar-inner\">\n                            <span class=\"cta-text\">MISSION ANSEHEN<\/span>\n                            <svg class=\"cta-arrow\" width=\"27\" height=\"24\" viewBox=\"0 0 27 24\" fill=\"none\" xmlns=\"http:\/\/www.w3.org\/2000\/svg\">\n                                <path d=\"M26.0607 13.0607C26.6464 12.4749 26.6464 11.5251 26.0607 10.9393L16.5147 1.3934C15.9289 0.807611 14.9792 0.807611 14.3934 1.3934C13.8076 1.97919 13.8076 2.92893 14.3934 3.51472L22.8787 12L14.3934 20.4853C13.8076 21.0711 13.8076 22.0208 14.3934 22.6066C14.9792 23.1924 15.9289 23.1924 16.5147 22.6066L26.0607 13.0607ZM0 13.5H25V10.5H0V13.5Z\" fill=\"#C1D59F\" \/>\n                            <\/svg>\n                        <\/div>\n                    <\/div>\n                <\/div>\n            <\/div>\n        <\/div>\n    <\/a>\n<\/section>\n<section class=\"section-carousel section-carousel\" >\n    <div class=\"container \">\n        <div class=\"carousel-wrapper\">\n            <div class=\"carousel-container\">\n                <div class=\"carousel-track\" id=\"carousel-block_4f6d967aa4e0a8b0cfc0cad2f84a37c4\">\n                                            <div class=\"carousel-slide\">\n                            <div class=\"carousel-slide-inner\">\n                                <img decoding=\"async\" src=\"https:\/\/paperwise.eu\/wp-content\/uploads\/2025\/12\/Asset-1-1.svg\"\n                                     alt=\"Carousel afbeelding 1\"\n                                     loading=\"lazy\">\n                            <\/div>\n                        <\/div>\n                                            <div class=\"carousel-slide\">\n                            <div class=\"carousel-slide-inner\">\n                                <img decoding=\"async\" src=\"https:\/\/paperwise.eu\/wp-content\/uploads\/2025\/12\/Asset-2-1.svg\"\n                                     alt=\"Carousel afbeelding 2\"\n                                     loading=\"lazy\">\n                            <\/div>\n                        <\/div>\n                                            <div class=\"carousel-slide\">\n                            <div class=\"carousel-slide-inner\">\n                                <img decoding=\"async\" src=\"https:\/\/paperwise.eu\/wp-content\/uploads\/2025\/12\/Asset-3-2.svg\"\n                                     alt=\"Carousel afbeelding 3\"\n                                     loading=\"lazy\">\n                            <\/div>\n                        <\/div>\n                                            <div class=\"carousel-slide\">\n                            <div class=\"carousel-slide-inner\">\n                                <img decoding=\"async\" src=\"https:\/\/paperwise.eu\/wp-content\/uploads\/2025\/12\/Asset-4-2.svg\"\n                                     alt=\"Carousel afbeelding 4\"\n                                     loading=\"lazy\">\n                            <\/div>\n                        <\/div>\n                                            <div class=\"carousel-slide\">\n                            <div class=\"carousel-slide-inner\">\n                                <img decoding=\"async\" src=\"https:\/\/paperwise.eu\/wp-content\/uploads\/2025\/12\/Asset-5-1.svg\"\n                                     alt=\"Carousel afbeelding 5\"\n                                     loading=\"lazy\">\n                            <\/div>\n                        <\/div>\n                                            <div class=\"carousel-slide\">\n                            <div class=\"carousel-slide-inner\">\n                                <img decoding=\"async\" src=\"https:\/\/paperwise.eu\/wp-content\/uploads\/2025\/12\/Asset-6-1.svg\"\n                                     alt=\"Carousel afbeelding 6\"\n                                     loading=\"lazy\">\n                            <\/div>\n                        <\/div>\n                                            <div class=\"carousel-slide\">\n                            <div class=\"carousel-slide-inner\">\n                                <img decoding=\"async\" src=\"https:\/\/paperwise.eu\/wp-content\/uploads\/2025\/12\/Asset-7-1.svg\"\n                                     alt=\"Carousel afbeelding 7\"\n                                     loading=\"lazy\">\n                            <\/div>\n                        <\/div>\n                                            <div class=\"carousel-slide\">\n                            <div class=\"carousel-slide-inner\">\n                                <img decoding=\"async\" src=\"https:\/\/paperwise.eu\/wp-content\/uploads\/2025\/12\/Asset-8-1.svg\"\n                                     alt=\"Carousel afbeelding 8\"\n                                     loading=\"lazy\">\n                            <\/div>\n                        <\/div>\n                                    <\/div>\n\n                <div class=\"carousel-controls\">\n                    <button class=\"carousel-arrow carousel-prev\"\n                            aria-label=\"Vorheriges Bild\"\n                            data-carousel=\"carousel-block_4f6d967aa4e0a8b0cfc0cad2f84a37c4\">\n                        <svg width=\"14\" height=\"12\" viewBox=\"0 0 14 12\" fill=\"none\" xmlns=\"http:\/\/www.w3.org\/2000\/svg\">\n                            <path d=\"M0.469666 5.46967C0.176777 5.76256 0.176777 6.23744 0.469666 6.53033L5.24264 11.3033C5.53553 11.5962 6.01041 11.5962 6.3033 11.3033C6.59619 11.0104 6.59619 10.5355 6.3033 10.2426L2.06066 6L6.3033 1.75736C6.59619 1.46447 6.59619 0.989593 6.3033 0.696699C6.01041 0.403806 5.53553 0.403806 5.24264 0.696699L0.469666 5.46967ZM14 5.25L1 5.25V6.75L14 6.75V5.25Z\" fill=\"currentColor\"\/>\n                        <\/svg>\n                    <\/button>\n                    <button class=\"carousel-arrow carousel-next\"\n                            aria-label=\"N\u00e4chstes Bild\"\n                            data-carousel=\"carousel-block_4f6d967aa4e0a8b0cfc0cad2f84a37c4\">\n                        <svg width=\"14\" height=\"12\" viewBox=\"0 0 14 12\" fill=\"none\" xmlns=\"http:\/\/www.w3.org\/2000\/svg\">\n                            <path d=\"M13.5303 6.53033C13.8232 6.23744 13.8232 5.76256 13.5303 5.46967L8.75736 0.696699C8.46447 0.403806 7.98959 0.403806 7.6967 0.696699C7.40381 0.989593 7.40381 1.46447 7.6967 1.75736L11.9393 6L7.6967 10.2426C7.40381 10.5355 7.40381 11.0104 7.6967 11.3033C7.98959 11.5962 8.46447 11.5962 8.75736 11.3033L13.5303 6.53033ZM0 6.75H13V5.25H0V6.75Z\" fill=\"currentColor\"\/>\n                        <\/svg>\n                    <\/button>\n                <\/div>\n            <\/div>\n        <\/div>\n    <\/div>\n<\/section>\n\n<section class=\"section-image-content pt-3 pb-4 mb-2 section-image-content image-right\" >\n    <div class=\"container pt-3 pb-4\">\n        <div class=\"row align-items-center gx-5\">\n                            <!-- Content Left -->\n                <div class=\"col-lg-5\">\n                    <div class=\"content-wrapper\">\n                                                    <h2 class=\"section-title\">\n                                                                    <span class=\"title-line-1\">PaperWise<\/span>\n                                                                                                    <span class=\"title-line-2\">auf Produktlogos<\/span>\n                                                            <\/h2>\n                        \n                                                    <div class=\"section-description\">\n                                F\u00fcr PaperWise gelten mehrere G\u00fctesiegel und Zertifizierungen. Mit dem PaperWise on product-Logo sichern Sie sich alle diese Zertifizierungen. Es steht eine Vielzahl von Logos zur Verf\u00fcgung, die auf PaperWise-zertifizierten Materialien frei verwendet werden k\u00f6nnen.                              <\/div>\n                        \n                                                    <div class=\"button-wrapper\">\n                                <a href=\"https:\/\/paperwise.eu\/de\/markenzeichen\/\"\n                                   target=\"_self\"\n                                   class=\"btn-primary-paperwise\">\n                                    <span>Logos<\/span>\n                                    <svg width=\"14\" height=\"12\" viewBox=\"0 0 14 12\" fill=\"none\" xmlns=\"http:\/\/www.w3.org\/2000\/svg\">\n                                        <path d=\"M13.5303 6.53033C13.8232 6.23744 13.8232 5.76256 13.5303 5.46967L8.75736 0.696699C8.46447 0.403806 7.98959 0.403806 7.6967 0.696699C7.40381 0.989593 7.40381 1.46447 7.6967 1.75736L11.9393 6L7.6967 10.2426C7.40381 10.5355 7.40381 11.0104 7.6967 11.3033C7.98959 11.5962 8.46447 11.5962 8.75736 11.3033L13.5303 6.53033ZM0 6.75H13V5.25H0V6.75Z\" fill=\"currentColor\"\/>\n                                    <\/svg>\n                                <\/a>\n                            <\/div>\n                                            <\/div>\n                <\/div>\n\n                <!-- Image Right -->\n                <div class=\"col-lg-7\">\n                    <div class=\"image-wrapper\">\n                        <img decoding=\"async\" src=\"https:\/\/paperwise.eu\/wp-content\/uploads\/2025\/12\/PaperWise-organic-tea-sustainable-paper-board-packaging-StickLembke-1-bewerkt-1-scaled.jpg\"\n                             alt=\"\"\n                             class=\"section-image\"\n                             loading=\"lazy\">\n                    <\/div>\n                <\/div>\n                    <\/div>\n    <\/div>\n<\/section>\n\n<section class=\"section-image-content pt-0 pb-4 mb-2 section-image-content image-left\" >\n    <div class=\"container pt-0 pb-4\">\n        <div class=\"row align-items-center gx-5\">\n                            <!-- Image Left -->\n                <div class=\"col-lg-7\">\n                    <div class=\"image-wrapper\">\n                        <img decoding=\"async\" src=\"https:\/\/paperwise.eu\/wp-content\/uploads\/2025\/11\/Rectangle-157.png\"\n                             alt=\"\"\n                             class=\"section-image\"\n                             loading=\"lazy\">\n                    <\/div>\n                <\/div>\n\n                <!-- Content Right -->\n                <div class=\"col-lg-5\">\n                    <div class=\"content-wrapper\">\n                                                    <h2 class=\"section-title\">\n                                                                    <span class=\"title-line-1\">Webshop<\/span>\n                                                                                            <\/h2>\n                        \n                                                    <div class=\"section-description\">\n                                Im Webshop k\u00f6nnen Sie das gesamte PaperWise-Sortiment und den verf\u00fcgbaren Bestand einsehen. Bestellen Sie schnell und einfach online (melden Sie sich an, um Ihren Preis zu sehen).                               <\/div>\n                        \n                                                    <div class=\"button-wrapper\">\n                                <a href=\"https:\/\/paperwise.eu\/de\/webshop\/\"\n                                   target=\"_self\"\n                                   class=\"btn-primary-paperwise\">\n                                    <span>Produktpalette<\/span>\n                                    <svg width=\"14\" height=\"12\" viewBox=\"0 0 14 12\" fill=\"none\" xmlns=\"http:\/\/www.w3.org\/2000\/svg\">\n                                        <path d=\"M13.5303 6.53033C13.8232 6.23744 13.8232 5.76256 13.5303 5.46967L8.75736 0.696699C8.46447 0.403806 7.98959 0.403806 7.6967 0.696699C7.40381 0.989593 7.40381 1.46447 7.6967 1.75736L11.9393 6L7.6967 10.2426C7.40381 10.5355 7.40381 11.0104 7.6967 11.3033C7.98959 11.5962 8.46447 11.5962 8.75736 11.3033L13.5303 6.53033ZM0 6.75H13V5.25H0V6.75Z\" fill=\"currentColor\"\/>\n                                    <\/svg>\n                                <\/a>\n                            <\/div>\n                                            <\/div>\n                    <div class=\"infographic-arrow arrow-5\">\n                        <img decoding=\"async\" src=\"https:\/\/paperwise.eu\/wp-content\/uploads\/2026\/02\/teal-arrow.svg\"\/>   \n                    <\/div>\n                <\/div>\n                    <\/div>\n    <\/div>\n<\/section>\n","protected":false},"excerpt":{"rendered":"","protected":false},"author":1,"featured_media":0,"parent":0,"menu_order":0,"comment_status":"closed","ping_status":"closed","template":"","meta":{"_acf_changed":false,"footnotes":""},"class_list":["post-12187","page","type-page","status-publish","hentry"],"acf":[],"yoast_head":"<!-- This site is optimized with the Yoast SEO plugin v27.2 - https:\/\/yoast.com\/product\/yoast-seo-wordpress\/ -->\n<title>Markenzeichen - Paperwise<\/title>\n<meta name=\"robots\" content=\"index, follow, max-snippet:-1, max-image-preview:large, max-video-preview:-1\" \/>\n<link rel=\"canonical\" href=\"https:\/\/paperwise.eu\/de\/markenzeichen\/\" \/>\n<meta property=\"og:locale\" content=\"de_DE\" \/>\n<meta property=\"og:type\" content=\"article\" \/>\n<meta property=\"og:title\" content=\"Markenzeichen - Paperwise\" \/>\n<meta property=\"og:url\" content=\"https:\/\/paperwise.eu\/de\/markenzeichen\/\" \/>\n<meta property=\"og:site_name\" content=\"Paperwise\" \/>\n<meta property=\"article:modified_time\" content=\"2026-04-09T04:47:49+00:00\" \/>\n<meta name=\"twitter:card\" content=\"summary_large_image\" \/>\n<script type=\"application\/ld+json\" class=\"yoast-schema-graph\">{\"@context\":\"https:\/\/schema.org\",\"@graph\":[{\"@type\":\"WebPage\",\"@id\":\"https:\/\/paperwise.eu\/de\/markenzeichen\/\",\"url\":\"https:\/\/paperwise.eu\/de\/markenzeichen\/\",\"name\":\"Markenzeichen - Paperwise\",\"isPartOf\":{\"@id\":\"https:\/\/paperwise.eu\/de\/#website\"},\"datePublished\":\"2025-11-18T13:52:58+00:00\",\"dateModified\":\"2026-04-09T04:47:49+00:00\",\"breadcrumb\":{\"@id\":\"https:\/\/paperwise.eu\/de\/markenzeichen\/#breadcrumb\"},\"inLanguage\":\"de\",\"potentialAction\":[{\"@type\":\"ReadAction\",\"target\":[\"https:\/\/paperwise.eu\/de\/markenzeichen\/\"]}]},{\"@type\":\"BreadcrumbList\",\"@id\":\"https:\/\/paperwise.eu\/de\/markenzeichen\/#breadcrumb\",\"itemListElement\":[{\"@type\":\"ListItem\",\"position\":1,\"name\":\"Startseite\",\"item\":\"https:\/\/paperwise.eu\/de\/\"},{\"@type\":\"ListItem\",\"position\":2,\"name\":\"Markenzeichen\"}]},{\"@type\":\"WebSite\",\"@id\":\"https:\/\/paperwise.eu\/de\/#website\",\"url\":\"https:\/\/paperwise.eu\/de\/\",\"name\":\"Paperwise\",\"description\":\"\",\"potentialAction\":[{\"@type\":\"SearchAction\",\"target\":{\"@type\":\"EntryPoint\",\"urlTemplate\":\"https:\/\/paperwise.eu\/de\/?s={search_term_string}\"},\"query-input\":{\"@type\":\"PropertyValueSpecification\",\"valueRequired\":true,\"valueName\":\"search_term_string\"}}],\"inLanguage\":\"de\"}]}<\/script>\n<!-- \/ Yoast SEO plugin. -->","yoast_head_json":{"title":"Markenzeichen - Paperwise","robots":{"index":"index","follow":"follow","max-snippet":"max-snippet:-1","max-image-preview":"max-image-preview:large","max-video-preview":"max-video-preview:-1"},"canonical":"https:\/\/paperwise.eu\/de\/markenzeichen\/","og_locale":"de_DE","og_type":"article","og_title":"Markenzeichen - Paperwise","og_url":"https:\/\/paperwise.eu\/de\/markenzeichen\/","og_site_name":"Paperwise","article_modified_time":"2026-04-09T04:47:49+00:00","twitter_card":"summary_large_image","schema":{"@context":"https:\/\/schema.org","@graph":[{"@type":"WebPage","@id":"https:\/\/paperwise.eu\/de\/markenzeichen\/","url":"https:\/\/paperwise.eu\/de\/markenzeichen\/","name":"Markenzeichen - Paperwise","isPartOf":{"@id":"https:\/\/paperwise.eu\/de\/#website"},"datePublished":"2025-11-18T13:52:58+00:00","dateModified":"2026-04-09T04:47:49+00:00","breadcrumb":{"@id":"https:\/\/paperwise.eu\/de\/markenzeichen\/#breadcrumb"},"inLanguage":"de","potentialAction":[{"@type":"ReadAction","target":["https:\/\/paperwise.eu\/de\/markenzeichen\/"]}]},{"@type":"BreadcrumbList","@id":"https:\/\/paperwise.eu\/de\/markenzeichen\/#breadcrumb","itemListElement":[{"@type":"ListItem","position":1,"name":"Startseite","item":"https:\/\/paperwise.eu\/de\/"},{"@type":"ListItem","position":2,"name":"Markenzeichen"}]},{"@type":"WebSite","@id":"https:\/\/paperwise.eu\/de\/#website","url":"https:\/\/paperwise.eu\/de\/","name":"Paperwise","description":"","potentialAction":[{"@type":"SearchAction","target":{"@type":"EntryPoint","urlTemplate":"https:\/\/paperwise.eu\/de\/?s={search_term_string}"},"query-input":{"@type":"PropertyValueSpecification","valueRequired":true,"valueName":"search_term_string"}}],"inLanguage":"de"}]}},"_links":{"self":[{"href":"https:\/\/paperwise.eu\/de\/wp-json\/wp\/v2\/pages\/12187","targetHints":{"allow":["GET"]}}],"collection":[{"href":"https:\/\/paperwise.eu\/de\/wp-json\/wp\/v2\/pages"}],"about":[{"href":"https:\/\/paperwise.eu\/de\/wp-json\/wp\/v2\/types\/page"}],"author":[{"embeddable":true,"href":"https:\/\/paperwise.eu\/de\/wp-json\/wp\/v2\/users\/1"}],"replies":[{"embeddable":true,"href":"https:\/\/paperwise.eu\/de\/wp-json\/wp\/v2\/comments?post=12187"}],"version-history":[{"count":1,"href":"https:\/\/paperwise.eu\/de\/wp-json\/wp\/v2\/pages\/12187\/revisions"}],"predecessor-version":[{"id":12206,"href":"https:\/\/paperwise.eu\/de\/wp-json\/wp\/v2\/pages\/12187\/revisions\/12206"}],"wp:attachment":[{"href":"https:\/\/paperwise.eu\/de\/wp-json\/wp\/v2\/media?parent=12187"}],"curies":[{"name":"wp","href":"https:\/\/api.w.org\/{rel}","templated":true}]}}