{"id":12172,"date":"2025-11-19T11:09:43","date_gmt":"2025-11-19T10:09:43","guid":{"rendered":"https:\/\/paperwise.eu\/anwendungen\/"},"modified":"2026-04-09T06:47:41","modified_gmt":"2026-04-09T04:47:41","slug":"anwendungen","status":"publish","type":"page","link":"https:\/\/paperwise.eu\/de\/anwendungen\/","title":{"rendered":"Anwendungen"},"content":{"rendered":"\n<section class=\"section-three-cards section-three-cards\" >\n    <div class=\"container pt-5 pb-5\">\n                    <div class=\"section-header\">\n                <h2 class=\"section-title\">\n                                            <span class=\"title-line-1\">Vom Papier<\/span>\n                                                                <span class=\"title-line-2\">zum Produkt<\/span>\n                                    <\/h2>\n\n                                    <p class=\"section-description\">PaperWise wird als nachhaltiges Papier und Karton f\u00fcr Verpackungs-, Druck- und Kopierpapier verwendet. F\u00fcr alle, die einen Beitrag zu einer besseren Welt leisten wollen. <\/p>\n                            <\/div>\n        \n        <div class=\"row g-4\">\n                            <div class=\"col-12 col-md-6 col-lg-4\">\n                    <div class=\"card-item\">\n                                                    <div class=\"card-image\">\n                                <img decoding=\"async\" src=\"https:\/\/paperwise.eu\/wp-content\/uploads\/2025\/11\/Rectangle-37.png\"\n                                    alt=\"Verpackung\"\n                                    loading=\"lazy\">\n                            <\/div>\n                        \n                        <div class=\"card-content\">\n                            <h3 class=\"card-title\">Verpackung<\/h3>\n\n                                                            <p class=\"card-description\">PaperWise ist das nachhaltigste Papier f\u00fcr Lebensmittel- und Non-Food-Verpackungen, mit einem Sortiment von 30 bis 350 g.<\/p>\n                            \n                            <div class=\"card-cta\">\n                                <a href=\"https:\/\/paperwise.eu\/de\/anwendungen-verpackung\/\"\n                                    target=\"\"\n                                    class=\"btn-primary-paperwise\">\n                                    <span>Verpackung ansehen<\/span>\n                                    <svg width=\"14\" height=\"12\" viewBox=\"0 0 14 12\" fill=\"none\" xmlns=\"http:\/\/www.w3.org\/2000\/svg\">\n                                        <path d=\"M13.5303 6.53033C13.8232 6.23744 13.8232 5.76256 13.5303 5.46967L8.75736 0.696699C8.46447 0.403806 7.98959 0.403806 7.6967 0.696699C7.40381 0.989593 7.40381 1.46447 7.6967 1.75736L11.9393 6L7.6967 10.2426C7.40381 10.5355 7.40381 11.0104 7.6967 11.3033C7.98959 11.5962 8.46447 11.5962 8.75736 11.3033L13.5303 6.53033ZM0 6.75H13V5.25H0V6.75Z\" fill=\"currentColor\" \/>\n                                    <\/svg>\n                                <\/a>\n                            <\/div>\n                        <\/div>\n                    <\/div>\n                <\/div>\n                            <div class=\"col-12 col-md-6 col-lg-4\">\n                    <div class=\"card-item\">\n                                                    <div class=\"card-image\">\n                                <img decoding=\"async\" src=\"https:\/\/paperwise.eu\/wp-content\/uploads\/2025\/11\/Rectangle-42.png\"\n                                    alt=\"Drucken\"\n                                    loading=\"lazy\">\n                            <\/div>\n                        \n                        <div class=\"card-content\">\n                            <h3 class=\"card-title\">Drucken<\/h3>\n\n                                                            <p class=\"card-description\">Von Karten \u00fcber Flyer bis hin zu B\u00fcchern: Entscheiden Sie sich f\u00fcr Papier mit einer geringeren Umweltbelastung. Auf Wiedersehen B\u00e4ume, hallo Pflanzenreste!<\/p>\n                            \n                            <div class=\"card-cta\">\n                                <a href=\"https:\/\/paperwise.eu\/de\/anwendungen-drucken\/\"\n                                    target=\"\"\n                                    class=\"btn-primary-paperwise\">\n                                    <span>Ansicht drucken<\/span>\n                                    <svg width=\"14\" height=\"12\" viewBox=\"0 0 14 12\" fill=\"none\" xmlns=\"http:\/\/www.w3.org\/2000\/svg\">\n                                        <path d=\"M13.5303 6.53033C13.8232 6.23744 13.8232 5.76256 13.5303 5.46967L8.75736 0.696699C8.46447 0.403806 7.98959 0.403806 7.6967 0.696699C7.40381 0.989593 7.40381 1.46447 7.6967 1.75736L11.9393 6L7.6967 10.2426C7.40381 10.5355 7.40381 11.0104 7.6967 11.3033C7.98959 11.5962 8.46447 11.5962 8.75736 11.3033L13.5303 6.53033ZM0 6.75H13V5.25H0V6.75Z\" fill=\"currentColor\" \/>\n                                    <\/svg>\n                                <\/a>\n                            <\/div>\n                        <\/div>\n                    <\/div>\n                <\/div>\n                            <div class=\"col-12 col-md-6 col-lg-4\">\n                    <div class=\"card-item\">\n                                                    <div class=\"card-image\">\n                                <img decoding=\"async\" src=\"https:\/\/paperwise.eu\/wp-content\/uploads\/2025\/11\/Rectangle-45.png\"\n                                    alt=\"Kopierpapier\"\n                                    loading=\"lazy\">\n                            <\/div>\n                        \n                        <div class=\"card-content\">\n                            <h3 class=\"card-title\">Kopierpapier<\/h3>\n\n                                                            <p class=\"card-description\">Strapazierf\u00e4higes Druckpapier, Format A4 und A3. In Wei\u00df und Naturt\u00f6nen. Direkt ab Lager lieferbar. Bestellen Sie einfach und schnell.<\/p>\n                            \n                            <div class=\"card-cta\">\n                                <a href=\"https:\/\/paperwise.eu\/de\/anwendungen-kopierpapier\/\"\n                                    target=\"\"\n                                    class=\"btn-primary-paperwise\">\n                                    <span>Ansicht Kopierpapier<\/span>\n                                    <svg width=\"14\" height=\"12\" viewBox=\"0 0 14 12\" fill=\"none\" xmlns=\"http:\/\/www.w3.org\/2000\/svg\">\n                                        <path d=\"M13.5303 6.53033C13.8232 6.23744 13.8232 5.76256 13.5303 5.46967L8.75736 0.696699C8.46447 0.403806 7.98959 0.403806 7.6967 0.696699C7.40381 0.989593 7.40381 1.46447 7.6967 1.75736L11.9393 6L7.6967 10.2426C7.40381 10.5355 7.40381 11.0104 7.6967 11.3033C7.98959 11.5962 8.46447 11.5962 8.75736 11.3033L13.5303 6.53033ZM0 6.75H13V5.25H0V6.75Z\" fill=\"currentColor\" \/>\n                                    <\/svg>\n                                <\/a>\n                            <\/div>\n                        <\/div>\n                    <\/div>\n                <\/div>\n                    <\/div>\n    <\/div>\n<\/section>","protected":false},"excerpt":{"rendered":"","protected":false},"author":1,"featured_media":0,"parent":0,"menu_order":0,"comment_status":"closed","ping_status":"closed","template":"","meta":{"_acf_changed":false,"footnotes":""},"class_list":["post-12172","page","type-page","status-publish","hentry"],"acf":[],"yoast_head":"<!-- This site is optimized with the Yoast SEO plugin v27.2 - https:\/\/yoast.com\/product\/yoast-seo-wordpress\/ -->\n<title>Anwendungen - Paperwise<\/title>\n<meta name=\"robots\" content=\"index, follow, max-snippet:-1, max-image-preview:large, max-video-preview:-1\" \/>\n<link rel=\"canonical\" href=\"https:\/\/paperwise.eu\/de\/anwendungen\/\" \/>\n<meta property=\"og:locale\" content=\"de_DE\" \/>\n<meta property=\"og:type\" content=\"article\" \/>\n<meta property=\"og:title\" content=\"Anwendungen - Paperwise\" \/>\n<meta property=\"og:url\" content=\"https:\/\/paperwise.eu\/de\/anwendungen\/\" \/>\n<meta property=\"og:site_name\" content=\"Paperwise\" \/>\n<meta property=\"article:modified_time\" content=\"2026-04-09T04:47:41+00:00\" \/>\n<meta name=\"twitter:card\" content=\"summary_large_image\" \/>\n<script type=\"application\/ld+json\" class=\"yoast-schema-graph\">{\"@context\":\"https:\/\/schema.org\",\"@graph\":[{\"@type\":\"WebPage\",\"@id\":\"https:\/\/paperwise.eu\/de\/anwendungen\/\",\"url\":\"https:\/\/paperwise.eu\/de\/anwendungen\/\",\"name\":\"Anwendungen - Paperwise\",\"isPartOf\":{\"@id\":\"https:\/\/paperwise.eu\/de\/#website\"},\"datePublished\":\"2025-11-19T10:09:43+00:00\",\"dateModified\":\"2026-04-09T04:47:41+00:00\",\"breadcrumb\":{\"@id\":\"https:\/\/paperwise.eu\/de\/anwendungen\/#breadcrumb\"},\"inLanguage\":\"de\",\"potentialAction\":[{\"@type\":\"ReadAction\",\"target\":[\"https:\/\/paperwise.eu\/de\/anwendungen\/\"]}]},{\"@type\":\"BreadcrumbList\",\"@id\":\"https:\/\/paperwise.eu\/de\/anwendungen\/#breadcrumb\",\"itemListElement\":[{\"@type\":\"ListItem\",\"position\":1,\"name\":\"Startseite\",\"item\":\"https:\/\/paperwise.eu\/de\/\"},{\"@type\":\"ListItem\",\"position\":2,\"name\":\"Anwendungen\"}]},{\"@type\":\"WebSite\",\"@id\":\"https:\/\/paperwise.eu\/de\/#website\",\"url\":\"https:\/\/paperwise.eu\/de\/\",\"name\":\"Paperwise\",\"description\":\"\",\"potentialAction\":[{\"@type\":\"SearchAction\",\"target\":{\"@type\":\"EntryPoint\",\"urlTemplate\":\"https:\/\/paperwise.eu\/de\/?s={search_term_string}\"},\"query-input\":{\"@type\":\"PropertyValueSpecification\",\"valueRequired\":true,\"valueName\":\"search_term_string\"}}],\"inLanguage\":\"de\"}]}<\/script>\n<!-- \/ Yoast SEO plugin. -->","yoast_head_json":{"title":"Anwendungen - Paperwise","robots":{"index":"index","follow":"follow","max-snippet":"max-snippet:-1","max-image-preview":"max-image-preview:large","max-video-preview":"max-video-preview:-1"},"canonical":"https:\/\/paperwise.eu\/de\/anwendungen\/","og_locale":"de_DE","og_type":"article","og_title":"Anwendungen - Paperwise","og_url":"https:\/\/paperwise.eu\/de\/anwendungen\/","og_site_name":"Paperwise","article_modified_time":"2026-04-09T04:47:41+00:00","twitter_card":"summary_large_image","schema":{"@context":"https:\/\/schema.org","@graph":[{"@type":"WebPage","@id":"https:\/\/paperwise.eu\/de\/anwendungen\/","url":"https:\/\/paperwise.eu\/de\/anwendungen\/","name":"Anwendungen - Paperwise","isPartOf":{"@id":"https:\/\/paperwise.eu\/de\/#website"},"datePublished":"2025-11-19T10:09:43+00:00","dateModified":"2026-04-09T04:47:41+00:00","breadcrumb":{"@id":"https:\/\/paperwise.eu\/de\/anwendungen\/#breadcrumb"},"inLanguage":"de","potentialAction":[{"@type":"ReadAction","target":["https:\/\/paperwise.eu\/de\/anwendungen\/"]}]},{"@type":"BreadcrumbList","@id":"https:\/\/paperwise.eu\/de\/anwendungen\/#breadcrumb","itemListElement":[{"@type":"ListItem","position":1,"name":"Startseite","item":"https:\/\/paperwise.eu\/de\/"},{"@type":"ListItem","position":2,"name":"Anwendungen"}]},{"@type":"WebSite","@id":"https:\/\/paperwise.eu\/de\/#website","url":"https:\/\/paperwise.eu\/de\/","name":"Paperwise","description":"","potentialAction":[{"@type":"SearchAction","target":{"@type":"EntryPoint","urlTemplate":"https:\/\/paperwise.eu\/de\/?s={search_term_string}"},"query-input":{"@type":"PropertyValueSpecification","valueRequired":true,"valueName":"search_term_string"}}],"inLanguage":"de"}]}},"_links":{"self":[{"href":"https:\/\/paperwise.eu\/de\/wp-json\/wp\/v2\/pages\/12172","targetHints":{"allow":["GET"]}}],"collection":[{"href":"https:\/\/paperwise.eu\/de\/wp-json\/wp\/v2\/pages"}],"about":[{"href":"https:\/\/paperwise.eu\/de\/wp-json\/wp\/v2\/types\/page"}],"author":[{"embeddable":true,"href":"https:\/\/paperwise.eu\/de\/wp-json\/wp\/v2\/users\/1"}],"replies":[{"embeddable":true,"href":"https:\/\/paperwise.eu\/de\/wp-json\/wp\/v2\/comments?post=12172"}],"version-history":[{"count":1,"href":"https:\/\/paperwise.eu\/de\/wp-json\/wp\/v2\/pages\/12172\/revisions"}],"predecessor-version":[{"id":12176,"href":"https:\/\/paperwise.eu\/de\/wp-json\/wp\/v2\/pages\/12172\/revisions\/12176"}],"wp:attachment":[{"href":"https:\/\/paperwise.eu\/de\/wp-json\/wp\/v2\/media?parent=12172"}],"curies":[{"name":"wp","href":"https:\/\/api.w.org\/{rel}","templated":true}]}}