{"id":12064,"date":"2025-11-03T13:27:21","date_gmt":"2025-11-03T12:27:21","guid":{"rendered":"https:\/\/paperwise.eu\/erklaerung-zum-datenschutz\/"},"modified":"2026-04-09T06:47:21","modified_gmt":"2026-04-09T04:47:21","slug":"erklaerung-zum-datenschutz","status":"publish","type":"page","link":"https:\/\/paperwise.eu\/de\/erklaerung-zum-datenschutz\/","title":{"rendered":"Erkl\u00e4rung zum Datenschutz"},"content":{"rendered":"\n<section id=\"section-text-block_10b3a60aea0b52a29d216a5b0dce693c\" class=\"section section-text\">\n    <div class=\"container\">\n        <div class=\"section-text__wrapper text-align-left\">\n\n            \n                            <div class=\"section-text__content\">\n                    <h1 class=\"section-text__heading\" style=\"margin-top: 80px;\">PaperWise-Datenschutzerkl\u00e4rung<\/h1>\n<p>Die von PaperWise erhobenen personenbezogenen Daten werden gem\u00e4\u00df den europ\u00e4ischen Rechtsvorschriften, die ihr durch die Allgemeine Datenschutzverordnung (AVG) ab dem 25. Mai 2018 auferlegt wurden, vertraulich behandelt. PaperWise gibt keine Datenschutzinformationen an andere Parteien weiter. <\/p>\n<p>Die Daten von Gesch\u00e4ftspartnern und Einzelpersonen werden von PaperWise in verschiedenen Softwarepaketen erfasst. Der Zweck der Aufzeichnung von Organisations- und Personendaten ist die Pflege von Kontakten, die Lieferung von Waren und die Abrechnung von Lieferungen. Mit allen Lieferanten, die personenbezogene Daten f\u00fcr PaperWise verarbeiten oder speichern, wurden AVG\/GDPR-Verarbeitungsvertr\u00e4ge abgeschlossen, die den europ\u00e4ischen Gesetzen und Vorschriften entsprechen.  <\/p>\n<p>Innerhalb von PaperWise nimmt ein Vorstandsmitglied die Rolle des Datenschutzbeauftragten wahr. Diese Person ist verantwortlich f\u00fcr die ausgearbeiteten Richtlinien, die Register mit allen Daten und Verarbeitungsvorg\u00e4ngen, die Richtlinien zum Schutz personenbezogener Daten und die digitale Datensicherheit. <\/p>\n<p><img loading=\"lazy\" decoding=\"async\" class=\"alignnone size-full wp-image-5122\" src=\"https:\/\/paperwise.eu\/wp-content\/uploads\/2018\/06\/beheer-privacy.png\" alt=\"\" width=\"1004\" height=\"364\"><\/p>\n<p><strong>Cookie-Richtlinie<\/strong><br \/>\nEin Cookie ist eine einfache kleine Datei, die mit Seiten der PaperWise-Website verschickt und von Ihrem Browser auf der Festplatte Ihres Computers gespeichert wird. Sie k\u00f6nnen diese Cookies \u00fcber Ihren Browser deaktivieren. <\/p>\n<p><strong>Eine Cookie-Benachrichtigung auf <a href=\"http:\/\/www.paperwise.eu\">www.paperwise.eu<\/a> ist nicht erforderlich.<\/strong><br \/>\nPaperWise setzt Cookies nur zur anonymen Nachverfolgung von Besuchern auf der PaperWise-Website, um die Website benutzerfreundlicher und besser zu machen. Wir tun dies mit Google Analytics. Die Adresse Ihres Computers (IP-Adresse) wird zun\u00e4chst anonymisiert und dann auf Google-Servern gespeichert (siehe die Anonymit\u00e4tsrichtlinie <a href=\"https:\/\/support.google.com\/analytics\/answer\/2763052?hl=nl\">von Google<\/a>). Aufgrund der Anonymit\u00e4t ist eine Cookie-Meldung nicht gesetzlich vorgeschrieben.   <\/p>\n<p><strong>Facebook, Twitter, Instagram, LinkedIn und YouTube<\/strong><br \/>\nPaperWise hat keinen Einfluss auf diese Seiten. Die Schaltfl\u00e4chen zum Bewerben oder Teilen von Seiten in sozialen Netzwerken werden durch Codes realisiert, die von der Plattform selbst entwickelt wurden. Dieser Code platziert unter anderem ein Cookie (siehe oben). Bitte lesen Sie die Datenschutzerkl\u00e4rungen <a href=\"http:\/\/www.facebook.com\/policy.php\">von Facebook<\/a> und <a href=\"https:\/\/twitter.com\/privacy\">von Twitter<\/a> und von <a href=\"https:\/\/help.instagram.com\/519522125107875?helpref=page_content\">Instagram<\/a> und von <a href=\"https:\/\/www.linkedin.com\/legal\/preview\/privacy-policy\">LinkedIn<\/a> und von <a href=\"https:\/\/www.youtube.com\/static?gl=NL&amp;template=terms\">YouTube<\/a>, um zu erfahren, wie diese mit Ihren pers\u00f6nlichen Daten umgehen. PaperWise verwendet keine Z\u00e4hlpixel auf sozialen Medien.    <\/p>\n<p>Angeh\u00f6rige von PaperWise k\u00f6nnen eine E-Mail an <a href=\"mailto:info@paperwise.eu\">info@paperwise.eu<\/a> senden, um Einsicht, Korrektur oder L\u00f6schung personenbezogener Daten zu verlangen. Daten, die unter gesetzliche Aufbewahrungsfristen fallen, k\u00f6nnen nicht gel\u00f6scht werden. <\/p>\n                <\/div>\n            \n        <\/div>\n    <\/div>\n<\/section>\n","protected":false},"excerpt":{"rendered":"","protected":false},"author":1,"featured_media":0,"parent":0,"menu_order":0,"comment_status":"closed","ping_status":"open","template":"","meta":{"_acf_changed":false,"footnotes":""},"class_list":["post-12064","page","type-page","status-publish","hentry"],"acf":[],"yoast_head":"<!-- This site is optimized with the Yoast SEO plugin v27.2 - https:\/\/yoast.com\/product\/yoast-seo-wordpress\/ -->\n<title>Erkl\u00e4rung zum Datenschutz - Paperwise<\/title>\n<meta name=\"robots\" content=\"index, follow, max-snippet:-1, max-image-preview:large, max-video-preview:-1\" \/>\n<link rel=\"canonical\" href=\"https:\/\/paperwise.eu\/de\/erklaerung-zum-datenschutz\/\" \/>\n<meta property=\"og:locale\" content=\"de_DE\" \/>\n<meta property=\"og:type\" content=\"article\" \/>\n<meta property=\"og:title\" content=\"Erkl\u00e4rung zum Datenschutz - Paperwise\" \/>\n<meta property=\"og:url\" content=\"https:\/\/paperwise.eu\/de\/erklaerung-zum-datenschutz\/\" \/>\n<meta property=\"og:site_name\" content=\"Paperwise\" \/>\n<meta property=\"article:modified_time\" content=\"2026-04-09T04:47:21+00:00\" \/>\n<meta name=\"twitter:card\" content=\"summary_large_image\" \/>\n<script type=\"application\/ld+json\" class=\"yoast-schema-graph\">{\"@context\":\"https:\/\/schema.org\",\"@graph\":[{\"@type\":\"WebPage\",\"@id\":\"https:\/\/paperwise.eu\/de\/erklaerung-zum-datenschutz\/\",\"url\":\"https:\/\/paperwise.eu\/de\/erklaerung-zum-datenschutz\/\",\"name\":\"Erkl\u00e4rung zum Datenschutz - Paperwise\",\"isPartOf\":{\"@id\":\"https:\/\/paperwise.eu\/de\/#website\"},\"datePublished\":\"2025-11-03T12:27:21+00:00\",\"dateModified\":\"2026-04-09T04:47:21+00:00\",\"breadcrumb\":{\"@id\":\"https:\/\/paperwise.eu\/de\/erklaerung-zum-datenschutz\/#breadcrumb\"},\"inLanguage\":\"de\",\"potentialAction\":[{\"@type\":\"ReadAction\",\"target\":[\"https:\/\/paperwise.eu\/de\/erklaerung-zum-datenschutz\/\"]}]},{\"@type\":\"BreadcrumbList\",\"@id\":\"https:\/\/paperwise.eu\/de\/erklaerung-zum-datenschutz\/#breadcrumb\",\"itemListElement\":[{\"@type\":\"ListItem\",\"position\":1,\"name\":\"Startseite\",\"item\":\"https:\/\/paperwise.eu\/de\/\"},{\"@type\":\"ListItem\",\"position\":2,\"name\":\"Erkl\u00e4rung zum Datenschutz\"}]},{\"@type\":\"WebSite\",\"@id\":\"https:\/\/paperwise.eu\/de\/#website\",\"url\":\"https:\/\/paperwise.eu\/de\/\",\"name\":\"Paperwise\",\"description\":\"\",\"potentialAction\":[{\"@type\":\"SearchAction\",\"target\":{\"@type\":\"EntryPoint\",\"urlTemplate\":\"https:\/\/paperwise.eu\/de\/?s={search_term_string}\"},\"query-input\":{\"@type\":\"PropertyValueSpecification\",\"valueRequired\":true,\"valueName\":\"search_term_string\"}}],\"inLanguage\":\"de\"}]}<\/script>\n<!-- \/ Yoast SEO plugin. -->","yoast_head_json":{"title":"Erkl\u00e4rung zum Datenschutz - Paperwise","robots":{"index":"index","follow":"follow","max-snippet":"max-snippet:-1","max-image-preview":"max-image-preview:large","max-video-preview":"max-video-preview:-1"},"canonical":"https:\/\/paperwise.eu\/de\/erklaerung-zum-datenschutz\/","og_locale":"de_DE","og_type":"article","og_title":"Erkl\u00e4rung zum Datenschutz - Paperwise","og_url":"https:\/\/paperwise.eu\/de\/erklaerung-zum-datenschutz\/","og_site_name":"Paperwise","article_modified_time":"2026-04-09T04:47:21+00:00","twitter_card":"summary_large_image","schema":{"@context":"https:\/\/schema.org","@graph":[{"@type":"WebPage","@id":"https:\/\/paperwise.eu\/de\/erklaerung-zum-datenschutz\/","url":"https:\/\/paperwise.eu\/de\/erklaerung-zum-datenschutz\/","name":"Erkl\u00e4rung zum Datenschutz - Paperwise","isPartOf":{"@id":"https:\/\/paperwise.eu\/de\/#website"},"datePublished":"2025-11-03T12:27:21+00:00","dateModified":"2026-04-09T04:47:21+00:00","breadcrumb":{"@id":"https:\/\/paperwise.eu\/de\/erklaerung-zum-datenschutz\/#breadcrumb"},"inLanguage":"de","potentialAction":[{"@type":"ReadAction","target":["https:\/\/paperwise.eu\/de\/erklaerung-zum-datenschutz\/"]}]},{"@type":"BreadcrumbList","@id":"https:\/\/paperwise.eu\/de\/erklaerung-zum-datenschutz\/#breadcrumb","itemListElement":[{"@type":"ListItem","position":1,"name":"Startseite","item":"https:\/\/paperwise.eu\/de\/"},{"@type":"ListItem","position":2,"name":"Erkl\u00e4rung zum Datenschutz"}]},{"@type":"WebSite","@id":"https:\/\/paperwise.eu\/de\/#website","url":"https:\/\/paperwise.eu\/de\/","name":"Paperwise","description":"","potentialAction":[{"@type":"SearchAction","target":{"@type":"EntryPoint","urlTemplate":"https:\/\/paperwise.eu\/de\/?s={search_term_string}"},"query-input":{"@type":"PropertyValueSpecification","valueRequired":true,"valueName":"search_term_string"}}],"inLanguage":"de"}]}},"_links":{"self":[{"href":"https:\/\/paperwise.eu\/de\/wp-json\/wp\/v2\/pages\/12064","targetHints":{"allow":["GET"]}}],"collection":[{"href":"https:\/\/paperwise.eu\/de\/wp-json\/wp\/v2\/pages"}],"about":[{"href":"https:\/\/paperwise.eu\/de\/wp-json\/wp\/v2\/types\/page"}],"author":[{"embeddable":true,"href":"https:\/\/paperwise.eu\/de\/wp-json\/wp\/v2\/users\/1"}],"replies":[{"embeddable":true,"href":"https:\/\/paperwise.eu\/de\/wp-json\/wp\/v2\/comments?post=12064"}],"version-history":[{"count":1,"href":"https:\/\/paperwise.eu\/de\/wp-json\/wp\/v2\/pages\/12064\/revisions"}],"predecessor-version":[{"id":12066,"href":"https:\/\/paperwise.eu\/de\/wp-json\/wp\/v2\/pages\/12064\/revisions\/12066"}],"wp:attachment":[{"href":"https:\/\/paperwise.eu\/de\/wp-json\/wp\/v2\/media?parent=12064"}],"curies":[{"name":"wp","href":"https:\/\/api.w.org\/{rel}","templated":true}]}}